{"id":406020,"date":"2025-05-18T23:09:08","date_gmt":"2025-05-18T23:09:08","guid":{"rendered":"https:\/\/staging2.stylingagenten.com\/no\/produkt\/max-factor-creme-puff-matte-blush-25-alluring-rose\/"},"modified":"2026-04-13T08:29:11","modified_gmt":"2026-04-13T08:29:11","slug":"max-factor-creme-puff-matte-blush-25-alluring-rose","status":"publish","type":"product","link":"https:\/\/stylingagenten.com\/no\/produkt\/max-factor-creme-puff-matte-blush-25-alluring-rose\/","title":{"rendered":"Max Factor Creme Puff Matte Blush &#8211; 25 Alluring Rose"},"content":{"rendered":"<p>Svaret p\u00e5&aring; en naturlig, rosenr\u00f8d glede? Cr&egrave;me Puff Blush. Anskaffelse en frisk hudfarge med et sveip av v\u00e5r sv\u00e6rt pigmenterte, flertonede blush som blander seg s\u00f8ml\u00f8st med hudtonen din. Finn din nyanse og bygg opp fargen for en skulpturert look eller en myk rouge.<\/p>\n","protected":false},"excerpt":{"rendered":"<p>Svaret p\u00e5&aring; en naturlig, rosenr\u00f8d glede? Cr&egrave;me Puff Blush. Anskaffelse en frisk hudfarge med et sveip av v\u00e5r sv\u00e6rt pigmenterte, flertonede blush som blander seg s\u00f8ml\u00f8st med hudtonen din. Finn din nyanse og bygg opp fargen for en skulpturert look eller en myk rouge.<\/p>\n","protected":false},"featured_media":406010,"comment_status":"open","ping_status":"closed","template":"","meta":{"_trash_the_other_posts":false},"product_brand":[],"product_cat":[1003,613],"product_tag":[3469],"berocket_brand":[1013],"class_list":{"0":"post-406020","1":"product","2":"type-product","3":"status-publish","4":"has-post-thumbnail","6":"product_cat-bestselgere","7":"product_cat-rouge","8":"product_tag-max-factor-creme-puff-matte-blush","9":"pa_brand-max-factor","10":"pa_variant-25-alluring-ros","11":"berocket_brand-max-factor","13":"first","14":"instock","15":"sale","16":"taxable","17":"shipping-taxable","18":"purchasable","19":"product-type-simple"},"_links":{"self":[{"href":"https:\/\/stylingagenten.com\/no\/wp-json\/wp\/v2\/product\/406020","targetHints":{"allow":["GET"]}}],"collection":[{"href":"https:\/\/stylingagenten.com\/no\/wp-json\/wp\/v2\/product"}],"about":[{"href":"https:\/\/stylingagenten.com\/no\/wp-json\/wp\/v2\/types\/product"}],"replies":[{"embeddable":true,"href":"https:\/\/stylingagenten.com\/no\/wp-json\/wp\/v2\/comments?post=406020"}],"version-history":[{"count":0,"href":"https:\/\/stylingagenten.com\/no\/wp-json\/wp\/v2\/product\/406020\/revisions"}],"wp:featuredmedia":[{"embeddable":true,"href":"https:\/\/stylingagenten.com\/no\/wp-json\/wp\/v2\/media\/406010"}],"wp:attachment":[{"href":"https:\/\/stylingagenten.com\/no\/wp-json\/wp\/v2\/media?parent=406020"}],"wp:term":[{"taxonomy":"product_brand","embeddable":true,"href":"https:\/\/stylingagenten.com\/no\/wp-json\/wp\/v2\/product_brand?post=406020"},{"taxonomy":"product_cat","embeddable":true,"href":"https:\/\/stylingagenten.com\/no\/wp-json\/wp\/v2\/product_cat?post=406020"},{"taxonomy":"product_tag","embeddable":true,"href":"https:\/\/stylingagenten.com\/no\/wp-json\/wp\/v2\/product_tag?post=406020"},{"taxonomy":"berocket_brand","embeddable":true,"href":"https:\/\/stylingagenten.com\/no\/wp-json\/wp\/v2\/berocket_brand?post=406020"}],"curies":[{"name":"wp","href":"https:\/\/api.w.org\/{rel}","templated":true}]}}