{"id":405981,"date":"2025-05-18T23:09:02","date_gmt":"2025-05-18T23:09:02","guid":{"rendered":"https:\/\/staging2.stylingagenten.com\/no\/produkt\/beauty-uk-sweet-cheeks-no-5-raspberry-ripple-6g\/"},"modified":"2026-03-17T07:57:32","modified_gmt":"2026-03-17T07:57:32","slug":"beauty-uk-sweet-cheeks-no-5-raspberry-ripple-6g","status":"publish","type":"product","link":"https:\/\/stylingagenten.com\/no\/produkt\/beauty-uk-sweet-cheeks-no-5-raspberry-ripple-6g\/","title":{"rendered":"Beauty UK Sweet Cheeks No.5 Raspberry Ripple 6g"},"content":{"rendered":"<p>Beauty UK Sweet Cheeks No.5 Raspberry Ripple er en kremaktig blush som gir \u00f8yeblikkelig gl\u00f8d og en fantastisk naturlig farge til kinnene. Blushen kommer i et praktisk leppestiftformat som gj\u00f8r det enkelt \u00e5 ta den med seg overalt.<\/p>\n<p>Sweet Cheeks No.5 Raspberry Ripple<\/p>\n","protected":false},"excerpt":{"rendered":"<p>Beauty UK Sweet Cheeks No.5 Raspberry Ripple er en kremaktig blush som gir \u00f8yeblikkelig gl\u00f8d og en fantastisk naturlig farge til kinnene. Blushen kommer i et praktisk leppestiftformat som gj\u00f8r det enkelt \u00e5 ta den med seg overalt. Sweet Cheeks No.5 Raspberry Ripple<\/p>\n","protected":false},"featured_media":405980,"comment_status":"open","ping_status":"closed","template":"","meta":{"_trash_the_other_posts":false},"product_brand":[],"product_cat":[613],"product_tag":[2519],"berocket_brand":[1059],"class_list":{"0":"post-405981","1":"product","2":"type-product","3":"status-publish","4":"has-post-thumbnail","6":"product_cat-rouge","7":"product_tag-beauty-uk-sweet-cheeks-6g","8":"pa_brand-beautyuk","9":"pa_variant-no-5-raspberry-ripple","10":"berocket_brand-beautyuk","12":"first","13":"instock","14":"sale","15":"taxable","16":"shipping-taxable","17":"purchasable","18":"product-type-simple"},"_links":{"self":[{"href":"https:\/\/stylingagenten.com\/no\/wp-json\/wp\/v2\/product\/405981","targetHints":{"allow":["GET"]}}],"collection":[{"href":"https:\/\/stylingagenten.com\/no\/wp-json\/wp\/v2\/product"}],"about":[{"href":"https:\/\/stylingagenten.com\/no\/wp-json\/wp\/v2\/types\/product"}],"replies":[{"embeddable":true,"href":"https:\/\/stylingagenten.com\/no\/wp-json\/wp\/v2\/comments?post=405981"}],"version-history":[{"count":0,"href":"https:\/\/stylingagenten.com\/no\/wp-json\/wp\/v2\/product\/405981\/revisions"}],"wp:featuredmedia":[{"embeddable":true,"href":"https:\/\/stylingagenten.com\/no\/wp-json\/wp\/v2\/media\/405980"}],"wp:attachment":[{"href":"https:\/\/stylingagenten.com\/no\/wp-json\/wp\/v2\/media?parent=405981"}],"wp:term":[{"taxonomy":"product_brand","embeddable":true,"href":"https:\/\/stylingagenten.com\/no\/wp-json\/wp\/v2\/product_brand?post=405981"},{"taxonomy":"product_cat","embeddable":true,"href":"https:\/\/stylingagenten.com\/no\/wp-json\/wp\/v2\/product_cat?post=405981"},{"taxonomy":"product_tag","embeddable":true,"href":"https:\/\/stylingagenten.com\/no\/wp-json\/wp\/v2\/product_tag?post=405981"},{"taxonomy":"berocket_brand","embeddable":true,"href":"https:\/\/stylingagenten.com\/no\/wp-json\/wp\/v2\/berocket_brand?post=405981"}],"curies":[{"name":"wp","href":"https:\/\/api.w.org\/{rel}","templated":true}]}}