{"id":405960,"date":"2025-05-18T23:08:58","date_gmt":"2025-05-18T23:08:58","guid":{"rendered":"https:\/\/staging2.stylingagenten.com\/no\/produkt\/max-factor-powder-blush-15-seductive-pink\/"},"modified":"2026-04-07T08:39:39","modified_gmt":"2026-04-07T08:39:39","slug":"max-factor-powder-blush-15-seductive-pink","status":"publish","type":"product","link":"https:\/\/stylingagenten.com\/no\/produkt\/max-factor-powder-blush-15-seductive-pink\/","title":{"rendered":"Max Factor Powder Blush 15 Seductive Pink"},"content":{"rendered":"<p>En fantastisk blush som kombinerer flere nyanser og gir en naturlig, frisk og vakker gl\u00f8d til ansiktet. Blushen kan brukes b\u00e5de n\u00e5r du \u00f8nsker en diskret effekt med et hint av farge, men ogs\u00e5 n\u00e5r du \u00f8nsker en mer intens makeup-look.<\/p>\n","protected":false},"excerpt":{"rendered":"<p>En fantastisk blush som kombinerer flere nyanser og gir en naturlig, frisk og vakker gl\u00f8d til ansiktet. Blushen kan brukes b\u00e5de n\u00e5r du \u00f8nsker en diskret effekt med et hint av farge, men ogs\u00e5 n\u00e5r du \u00f8nsker en mer intens makeup-look.<\/p>\n","protected":false},"featured_media":405957,"comment_status":"open","ping_status":"closed","template":"","meta":{"_trash_the_other_posts":false},"product_brand":[],"product_cat":[613],"product_tag":[3485],"berocket_brand":[1013],"class_list":{"0":"post-405960","1":"product","2":"type-product","3":"status-publish","4":"has-post-thumbnail","6":"product_cat-rouge","7":"product_tag-max-factor-powder-blush","8":"pa_brand-max-factor","9":"pa_variant-15-seductive-pink","10":"berocket_brand-max-factor","12":"first","13":"outofstock","14":"sale","15":"taxable","16":"shipping-taxable","17":"purchasable","18":"product-type-simple"},"_links":{"self":[{"href":"https:\/\/stylingagenten.com\/no\/wp-json\/wp\/v2\/product\/405960","targetHints":{"allow":["GET"]}}],"collection":[{"href":"https:\/\/stylingagenten.com\/no\/wp-json\/wp\/v2\/product"}],"about":[{"href":"https:\/\/stylingagenten.com\/no\/wp-json\/wp\/v2\/types\/product"}],"replies":[{"embeddable":true,"href":"https:\/\/stylingagenten.com\/no\/wp-json\/wp\/v2\/comments?post=405960"}],"version-history":[{"count":0,"href":"https:\/\/stylingagenten.com\/no\/wp-json\/wp\/v2\/product\/405960\/revisions"}],"wp:featuredmedia":[{"embeddable":true,"href":"https:\/\/stylingagenten.com\/no\/wp-json\/wp\/v2\/media\/405957"}],"wp:attachment":[{"href":"https:\/\/stylingagenten.com\/no\/wp-json\/wp\/v2\/media?parent=405960"}],"wp:term":[{"taxonomy":"product_brand","embeddable":true,"href":"https:\/\/stylingagenten.com\/no\/wp-json\/wp\/v2\/product_brand?post=405960"},{"taxonomy":"product_cat","embeddable":true,"href":"https:\/\/stylingagenten.com\/no\/wp-json\/wp\/v2\/product_cat?post=405960"},{"taxonomy":"product_tag","embeddable":true,"href":"https:\/\/stylingagenten.com\/no\/wp-json\/wp\/v2\/product_tag?post=405960"},{"taxonomy":"berocket_brand","embeddable":true,"href":"https:\/\/stylingagenten.com\/no\/wp-json\/wp\/v2\/berocket_brand?post=405960"}],"curies":[{"name":"wp","href":"https:\/\/api.w.org\/{rel}","templated":true}]}}