{"id":405846,"date":"2025-05-18T23:08:37","date_gmt":"2025-05-18T23:08:37","guid":{"rendered":"https:\/\/staging2.stylingagenten.com\/no\/produkt\/bareminerals-gen-nude-blonzer-kiss-of-rose\/"},"modified":"2025-12-18T21:42:01","modified_gmt":"2025-12-18T21:42:01","slug":"bareminerals-gen-nude-blonzer-kiss-of-rose","status":"publish","type":"product","link":"https:\/\/stylingagenten.com\/no\/produkt\/bareminerals-gen-nude-blonzer-kiss-of-rose\/","title":{"rendered":"BareMinerals Gen Nude Blonzer Kiss of Rose"},"content":{"rendered":"<p>Gen Nude Blonzer kombinerer den rosa fargen p\u00e5 blush og den varme gl\u00f8den fra bronzer. Med en silkeaktig, talkfri pudderformel, etterligner den hudens naturlige gl\u00f8d som etter en dag p\u00e5 stranden. Den byggbare 2-i-1-formelen er beriket med mineralbaserte lysreflekterende perler som jevner ut ufullkommenhet og blander seg s\u00f8ml\u00f8st for en myk fokusert, naturlig lysende finish som varer hele dagen.<\/p>\n<p>97 % sa de f\u00f8ltes glatte og vektl\u00f8se p\u00e5 huden*<br \/>83 % sa at huden deres hadde en frisk gl\u00f8d*<br \/>*Basert p\u00e5 en 1-ukes klinisk studie med 30 personer.<\/p>\n<p>Hvordan bruke:<br \/> Bruk en myk b\u00f8rste og p\u00e5f\u00f8r pudder i &laquo;W&raquo;-form for \u00e5 skape et naturlig solkysset utseende p\u00e5 de h\u00f8yeste punktene i ansiktet ditt.<br \/>1. Begynn ved den ytre neseryggen og sveip produktet i en &laquo;U&raquo;-form, ned til kinneplet og opp til tinningen.<br \/>2. Gjenta p\u00e5 den andre siden.<br \/>3. Koble til &laquo;W&raquo; ved \u00e5 sveipe kontinuerlig fra det ene kinnet, over nesen, til det andre kinnet.<\/p>\n<p>3,8g<\/p>\n","protected":false},"excerpt":{"rendered":"<p>Gen Nude Blonzer kombinerer den rosa fargen p\u00e5 blush og den varme gl\u00f8den fra bronzer. Med en silkeaktig, talkfri pudderformel, etterligner den hudens naturlige gl\u00f8d som etter en dag p\u00e5 stranden. Den byggbare 2-i-1-formelen er beriket med mineralbaserte lysreflekterende perler som jevner ut ufullkommenhet og blander seg s\u00f8ml\u00f8st for en myk fokusert, naturlig lysende finish [&hellip;]<\/p>\n","protected":false},"featured_media":405843,"comment_status":"open","ping_status":"closed","template":"","meta":{"_trash_the_other_posts":false},"product_brand":[],"product_cat":[613],"product_tag":[2470],"berocket_brand":[2008],"class_list":{"0":"post-405846","1":"product","2":"type-product","3":"status-publish","4":"has-post-thumbnail","6":"product_cat-rouge","7":"product_tag-bareminerals-gen-nude-blonzer","8":"pa_brand-id-bareminerals","9":"pa_variant-kiss-of-rose","10":"berocket_brand-id-bareminerals","12":"first","13":"instock","14":"sale","15":"taxable","16":"shipping-taxable","17":"purchasable","18":"product-type-simple"},"_links":{"self":[{"href":"https:\/\/stylingagenten.com\/no\/wp-json\/wp\/v2\/product\/405846","targetHints":{"allow":["GET"]}}],"collection":[{"href":"https:\/\/stylingagenten.com\/no\/wp-json\/wp\/v2\/product"}],"about":[{"href":"https:\/\/stylingagenten.com\/no\/wp-json\/wp\/v2\/types\/product"}],"replies":[{"embeddable":true,"href":"https:\/\/stylingagenten.com\/no\/wp-json\/wp\/v2\/comments?post=405846"}],"version-history":[{"count":0,"href":"https:\/\/stylingagenten.com\/no\/wp-json\/wp\/v2\/product\/405846\/revisions"}],"wp:featuredmedia":[{"embeddable":true,"href":"https:\/\/stylingagenten.com\/no\/wp-json\/wp\/v2\/media\/405843"}],"wp:attachment":[{"href":"https:\/\/stylingagenten.com\/no\/wp-json\/wp\/v2\/media?parent=405846"}],"wp:term":[{"taxonomy":"product_brand","embeddable":true,"href":"https:\/\/stylingagenten.com\/no\/wp-json\/wp\/v2\/product_brand?post=405846"},{"taxonomy":"product_cat","embeddable":true,"href":"https:\/\/stylingagenten.com\/no\/wp-json\/wp\/v2\/product_cat?post=405846"},{"taxonomy":"product_tag","embeddable":true,"href":"https:\/\/stylingagenten.com\/no\/wp-json\/wp\/v2\/product_tag?post=405846"},{"taxonomy":"berocket_brand","embeddable":true,"href":"https:\/\/stylingagenten.com\/no\/wp-json\/wp\/v2\/berocket_brand?post=405846"}],"curies":[{"name":"wp","href":"https:\/\/api.w.org\/{rel}","templated":true}]}}