{"id":405832,"date":"2025-05-18T23:08:35","date_gmt":"2025-05-18T23:08:35","guid":{"rendered":"https:\/\/staging2.stylingagenten.com\/no\/produkt\/kokie-soft-gradient-blush-sweetheart\/"},"modified":"2026-01-07T18:36:32","modified_gmt":"2026-01-07T18:36:32","slug":"kokie-soft-gradient-blush-sweetheart","status":"publish","type":"product","link":"https:\/\/stylingagenten.com\/no\/produkt\/kokie-soft-gradient-blush-sweetheart\/","title":{"rendered":"Kokie Soft Gradient Blush &#8211; Sweetheart"},"content":{"rendered":"<p>Hver av Kokies Soft Gradient Blushes har en ombre-effekt av farger som blander seg sammen for en perfekt flatterende finish. Den pigmenterte formelen er byggbar slik at du kan oppn\u00e5 alt fra en myk rouge til en fremhevet rouge.<\/p>\n<p>Finmalt, luksuri\u00f8s og myk tekstur<br \/>Str\u00e5lende kj\u00f8lige og varme tonede blusher<br \/>Tilgjengelig i matt og skimrende finish<\/p>\n","protected":false},"excerpt":{"rendered":"<p>Hver av Kokies Soft Gradient Blushes har en ombre-effekt av farger som blander seg sammen for en perfekt flatterende finish. Den pigmenterte formelen er byggbar slik at du kan oppn\u00e5 alt fra en myk rouge til en fremhevet rouge. Finmalt, luksuri\u00f8s og myk teksturStr\u00e5lende kj\u00f8lige og varme tonede blusherTilgjengelig i matt og skimrende finish<\/p>\n","protected":false},"featured_media":405820,"comment_status":"open","ping_status":"closed","template":"","meta":{"_trash_the_other_posts":false},"product_brand":[],"product_cat":[613],"product_tag":[3163],"berocket_brand":[1198],"class_list":{"0":"post-405832","1":"product","2":"type-product","3":"status-publish","4":"has-post-thumbnail","6":"product_cat-rouge","7":"product_tag-kokie-soft-gradient-blush","8":"pa_brand-kokie-cosmetics","9":"pa_variant-sweetheart","10":"berocket_brand-kokie-cosmetics","12":"first","13":"instock","14":"taxable","15":"shipping-taxable","16":"purchasable","17":"product-type-simple"},"_links":{"self":[{"href":"https:\/\/stylingagenten.com\/no\/wp-json\/wp\/v2\/product\/405832","targetHints":{"allow":["GET"]}}],"collection":[{"href":"https:\/\/stylingagenten.com\/no\/wp-json\/wp\/v2\/product"}],"about":[{"href":"https:\/\/stylingagenten.com\/no\/wp-json\/wp\/v2\/types\/product"}],"replies":[{"embeddable":true,"href":"https:\/\/stylingagenten.com\/no\/wp-json\/wp\/v2\/comments?post=405832"}],"version-history":[{"count":0,"href":"https:\/\/stylingagenten.com\/no\/wp-json\/wp\/v2\/product\/405832\/revisions"}],"wp:featuredmedia":[{"embeddable":true,"href":"https:\/\/stylingagenten.com\/no\/wp-json\/wp\/v2\/media\/405820"}],"wp:attachment":[{"href":"https:\/\/stylingagenten.com\/no\/wp-json\/wp\/v2\/media?parent=405832"}],"wp:term":[{"taxonomy":"product_brand","embeddable":true,"href":"https:\/\/stylingagenten.com\/no\/wp-json\/wp\/v2\/product_brand?post=405832"},{"taxonomy":"product_cat","embeddable":true,"href":"https:\/\/stylingagenten.com\/no\/wp-json\/wp\/v2\/product_cat?post=405832"},{"taxonomy":"product_tag","embeddable":true,"href":"https:\/\/stylingagenten.com\/no\/wp-json\/wp\/v2\/product_tag?post=405832"},{"taxonomy":"berocket_brand","embeddable":true,"href":"https:\/\/stylingagenten.com\/no\/wp-json\/wp\/v2\/berocket_brand?post=405832"}],"curies":[{"name":"wp","href":"https:\/\/api.w.org\/{rel}","templated":true}]}}