{"id":405812,"date":"2025-05-18T23:08:32","date_gmt":"2025-05-18T23:08:32","guid":{"rendered":"https:\/\/staging2.stylingagenten.com\/no\/produkt\/max-factor-creme-puff-blush-10-nude-mauve-1-5g\/"},"modified":"2026-04-13T06:37:37","modified_gmt":"2026-04-13T06:37:37","slug":"max-factor-creme-puff-blush-10-nude-mauve-1-5g","status":"publish","type":"product","link":"https:\/\/stylingagenten.com\/no\/produkt\/max-factor-creme-puff-blush-10-nude-mauve-1-5g\/","title":{"rendered":"Max Factor Creme Puff Blush 10 Nude Mauve 1.5g"},"content":{"rendered":"<p>Max Factor Creme Puff Blush 10 Nude Mauve 1,5g<br \/>Med Max Factor Creme Puff Blush f\u00e5r du en perfekt, str\u00e5lende hudfarge hele dagen. Den kremete teksturen gj\u00f8r den enkel \u00e5 p\u00e5f\u00f8re, sm\u00f8rer ikke ut og etterlater en frisk finish p\u00e5 alle hudtyper. Pudderet kan brukes som det er over fuktighetskrem eller som finish over foundation.<\/p>\n","protected":false},"excerpt":{"rendered":"<p>Max Factor Creme Puff Blush 10 Nude Mauve 1,5gMed Max Factor Creme Puff Blush f\u00e5r du en perfekt, str\u00e5lende hudfarge hele dagen. Den kremete teksturen gj\u00f8r den enkel \u00e5 p\u00e5f\u00f8re, sm\u00f8rer ikke ut og etterlater en frisk finish p\u00e5 alle hudtyper. Pudderet kan brukes som det er over fuktighetskrem eller som finish over foundation.<\/p>\n","protected":false},"featured_media":405806,"comment_status":"open","ping_status":"closed","template":"","meta":{"_trash_the_other_posts":false},"product_brand":[],"product_cat":[613],"product_tag":[3468],"berocket_brand":[1013],"class_list":{"0":"post-405812","1":"product","2":"type-product","3":"status-publish","4":"has-post-thumbnail","6":"product_cat-rouge","7":"product_tag-max-factor-creme-puff-blush","8":"pa_brand-max-factor","9":"pa_variant-10-nude-mauve","10":"berocket_brand-max-factor","12":"first","13":"instock","14":"sale","15":"taxable","16":"shipping-taxable","17":"purchasable","18":"product-type-simple"},"_links":{"self":[{"href":"https:\/\/stylingagenten.com\/no\/wp-json\/wp\/v2\/product\/405812","targetHints":{"allow":["GET"]}}],"collection":[{"href":"https:\/\/stylingagenten.com\/no\/wp-json\/wp\/v2\/product"}],"about":[{"href":"https:\/\/stylingagenten.com\/no\/wp-json\/wp\/v2\/types\/product"}],"replies":[{"embeddable":true,"href":"https:\/\/stylingagenten.com\/no\/wp-json\/wp\/v2\/comments?post=405812"}],"version-history":[{"count":0,"href":"https:\/\/stylingagenten.com\/no\/wp-json\/wp\/v2\/product\/405812\/revisions"}],"wp:featuredmedia":[{"embeddable":true,"href":"https:\/\/stylingagenten.com\/no\/wp-json\/wp\/v2\/media\/405806"}],"wp:attachment":[{"href":"https:\/\/stylingagenten.com\/no\/wp-json\/wp\/v2\/media?parent=405812"}],"wp:term":[{"taxonomy":"product_brand","embeddable":true,"href":"https:\/\/stylingagenten.com\/no\/wp-json\/wp\/v2\/product_brand?post=405812"},{"taxonomy":"product_cat","embeddable":true,"href":"https:\/\/stylingagenten.com\/no\/wp-json\/wp\/v2\/product_cat?post=405812"},{"taxonomy":"product_tag","embeddable":true,"href":"https:\/\/stylingagenten.com\/no\/wp-json\/wp\/v2\/product_tag?post=405812"},{"taxonomy":"berocket_brand","embeddable":true,"href":"https:\/\/stylingagenten.com\/no\/wp-json\/wp\/v2\/berocket_brand?post=405812"}],"curies":[{"name":"wp","href":"https:\/\/api.w.org\/{rel}","templated":true}]}}