{"id":405778,"date":"2025-05-18T23:08:27","date_gmt":"2025-05-18T23:08:27","guid":{"rendered":"https:\/\/staging2.stylingagenten.com\/no\/produkt\/bareminerals-gen-nude-highlighting-blush-rose-glow\/"},"modified":"2026-02-03T11:36:35","modified_gmt":"2026-02-03T11:36:35","slug":"bareminerals-gen-nude-highlighting-blush-rose-glow","status":"publish","type":"product","link":"https:\/\/stylingagenten.com\/no\/produkt\/bareminerals-gen-nude-highlighting-blush-rose-glow\/","title":{"rendered":"BareMinerals Gen Nude Highlighting Blush Rose Glow"},"content":{"rendered":"<p>BareMinerals Gen Nude Highlighting Blush er en 2-i-1 hybrid av rouge og highlighter som kombinerer den rosige fargen fra et rouge med &laquo;gl\u00f8den&raquo; fra en highlighter \u2013 i ett steg.<br \/>Oppn\u00e5 en naturlig lystergivende, rosig gl\u00f8d med denne silkeaktige, vektl\u00f8se formelen. Finknuste, lystergivende perler smelter inn i huden og gir en vakker frisk og luftig gl\u00f8d som ser ut til \u00e5 &laquo;komme fra innsiden.&raquo;<\/p>\n<p>HVA DEN GJ\u00d8R:<br \/>-Silkeaktige, uskarpe mineralmikrosf\u00e6rer smelter lett inn i huden for \u00e5 jevne ut porer og ujevnheter.<br \/>-Rouge + highlighter-hybrid med en silkeaktig konsistens som smelter s\u00f8ml\u00f8st inn i huden og gir en gl\u00f8d som smelter sammen med sminken din.<br \/>-Jevner ut utseendet p\u00e5 ujevnheter i huden.<br \/>-Holder hele dagen.<\/p>\n<p>TESTET AV FORBRUKERE:<br \/>-97 % sier at den f\u00f8les myk og vektl\u00f8s p\u00e5 huden*.<br \/>-83 % f\u00f8lte at huden fikk en sunn gl\u00f8d*.<br \/>*Basert p\u00e5 en klinisk studie over 1 uke med 30 personer.<\/p>\n<p>DERFOR VIL DU ELSKE DEN:<br \/>-Dermatologisk testet.<br \/>-Vegansk.<br \/>-Talkfri + fri for gluten, syntetiske dufter, PEG-er og mer.<\/p>\n<p>Farge: Rose Glow<\/p>\n","protected":false},"excerpt":{"rendered":"<p>BareMinerals Gen Nude Highlighting Blush er en 2-i-1 hybrid av rouge og highlighter som kombinerer den rosige fargen fra et rouge med &laquo;gl\u00f8den&raquo; fra en highlighter \u2013 i ett steg.Oppn\u00e5 en naturlig lystergivende, rosig gl\u00f8d med denne silkeaktige, vektl\u00f8se formelen. Finknuste, lystergivende perler smelter inn i huden og gir en vakker frisk og luftig gl\u00f8d [&hellip;]<\/p>\n","protected":false},"featured_media":405745,"comment_status":"open","ping_status":"closed","template":"","meta":{"_trash_the_other_posts":false},"product_brand":[],"product_cat":[613],"product_tag":[2471],"berocket_brand":[1256],"class_list":{"0":"post-405778","1":"product","2":"type-product","3":"status-publish","4":"has-post-thumbnail","6":"product_cat-rouge","7":"product_tag-bareminerals-gen-nude-highlighting-blush","8":"pa_brand-bareminerals","9":"pa_variant-rose-glow","10":"berocket_brand-bareminerals","12":"first","13":"instock","14":"sale","15":"taxable","16":"shipping-taxable","17":"purchasable","18":"product-type-simple"},"_links":{"self":[{"href":"https:\/\/stylingagenten.com\/no\/wp-json\/wp\/v2\/product\/405778","targetHints":{"allow":["GET"]}}],"collection":[{"href":"https:\/\/stylingagenten.com\/no\/wp-json\/wp\/v2\/product"}],"about":[{"href":"https:\/\/stylingagenten.com\/no\/wp-json\/wp\/v2\/types\/product"}],"replies":[{"embeddable":true,"href":"https:\/\/stylingagenten.com\/no\/wp-json\/wp\/v2\/comments?post=405778"}],"version-history":[{"count":0,"href":"https:\/\/stylingagenten.com\/no\/wp-json\/wp\/v2\/product\/405778\/revisions"}],"wp:featuredmedia":[{"embeddable":true,"href":"https:\/\/stylingagenten.com\/no\/wp-json\/wp\/v2\/media\/405745"}],"wp:attachment":[{"href":"https:\/\/stylingagenten.com\/no\/wp-json\/wp\/v2\/media?parent=405778"}],"wp:term":[{"taxonomy":"product_brand","embeddable":true,"href":"https:\/\/stylingagenten.com\/no\/wp-json\/wp\/v2\/product_brand?post=405778"},{"taxonomy":"product_cat","embeddable":true,"href":"https:\/\/stylingagenten.com\/no\/wp-json\/wp\/v2\/product_cat?post=405778"},{"taxonomy":"product_tag","embeddable":true,"href":"https:\/\/stylingagenten.com\/no\/wp-json\/wp\/v2\/product_tag?post=405778"},{"taxonomy":"berocket_brand","embeddable":true,"href":"https:\/\/stylingagenten.com\/no\/wp-json\/wp\/v2\/berocket_brand?post=405778"}],"curies":[{"name":"wp","href":"https:\/\/api.w.org\/{rel}","templated":true}]}}