{"id":405706,"date":"2025-05-18T23:08:14","date_gmt":"2025-05-18T23:08:14","guid":{"rendered":"https:\/\/staging2.stylingagenten.com\/no\/produkt\/travalo-classic-refillable-perfume-spray-titanium-5ml\/"},"modified":"2025-11-19T08:46:03","modified_gmt":"2025-11-19T08:46:03","slug":"travalo-classic-refillable-perfume-spray-titanium-5ml","status":"publish","type":"product","link":"https:\/\/stylingagenten.com\/no\/produkt\/travalo-classic-refillable-perfume-spray-titanium-5ml\/","title":{"rendered":"Travalo Classic Refillable Perfume Spray Titanium 5ml"},"content":{"rendered":"<p>Ta med favorittparfymen din uansett hvor du g\u00e5r med Travalos p\u00e5fyllbare sprayflaske.<br \/>Flasken kan fylles med direkte fra en vanlig parfymeflaske gjennom Travalos patenterte teknologi.<br \/>Parfymen er klar til bruk og praktisk \u00e5 ha med seg i v\u00e6sken. Den rommer 5 ml parfyme, omtrent 50 spray av duften din.<br \/>Takket v\u00e6re niv\u00e5indikatorvinduet kan du alltid se hvor mye som er igjen i flasken. Produktet er godkjent for \u00e5 ta om bord; fly.<\/p>\n","protected":false},"excerpt":{"rendered":"<p>Ta med favorittparfymen din uansett hvor du g\u00e5r med Travalos p\u00e5fyllbare sprayflaske.Flasken kan fylles med direkte fra en vanlig parfymeflaske gjennom Travalos patenterte teknologi.Parfymen er klar til bruk og praktisk \u00e5 ha med seg i v\u00e6sken. Den rommer 5 ml parfyme, omtrent 50 spray av duften din.Takket v\u00e6re niv\u00e5indikatorvinduet kan du alltid se hvor mye [&hellip;]<\/p>\n","protected":false},"featured_media":405704,"comment_status":"open","ping_status":"closed","template":"","meta":{"_trash_the_other_posts":false},"product_brand":[],"product_cat":[633],"product_tag":[4022],"berocket_brand":[1133],"class_list":{"0":"post-405706","1":"product","2":"type-product","3":"status-publish","4":"has-post-thumbnail","6":"product_cat-reiseflasker","7":"product_tag-travalo-classic-refillable-perfume-spray-5ml","8":"pa_brand-travalo","9":"pa_variant-titanium","10":"berocket_brand-travalo","12":"first","13":"outofstock","14":"sale","15":"taxable","16":"shipping-taxable","17":"purchasable","18":"product-type-simple"},"_links":{"self":[{"href":"https:\/\/stylingagenten.com\/no\/wp-json\/wp\/v2\/product\/405706","targetHints":{"allow":["GET"]}}],"collection":[{"href":"https:\/\/stylingagenten.com\/no\/wp-json\/wp\/v2\/product"}],"about":[{"href":"https:\/\/stylingagenten.com\/no\/wp-json\/wp\/v2\/types\/product"}],"replies":[{"embeddable":true,"href":"https:\/\/stylingagenten.com\/no\/wp-json\/wp\/v2\/comments?post=405706"}],"version-history":[{"count":0,"href":"https:\/\/stylingagenten.com\/no\/wp-json\/wp\/v2\/product\/405706\/revisions"}],"wp:featuredmedia":[{"embeddable":true,"href":"https:\/\/stylingagenten.com\/no\/wp-json\/wp\/v2\/media\/405704"}],"wp:attachment":[{"href":"https:\/\/stylingagenten.com\/no\/wp-json\/wp\/v2\/media?parent=405706"}],"wp:term":[{"taxonomy":"product_brand","embeddable":true,"href":"https:\/\/stylingagenten.com\/no\/wp-json\/wp\/v2\/product_brand?post=405706"},{"taxonomy":"product_cat","embeddable":true,"href":"https:\/\/stylingagenten.com\/no\/wp-json\/wp\/v2\/product_cat?post=405706"},{"taxonomy":"product_tag","embeddable":true,"href":"https:\/\/stylingagenten.com\/no\/wp-json\/wp\/v2\/product_tag?post=405706"},{"taxonomy":"berocket_brand","embeddable":true,"href":"https:\/\/stylingagenten.com\/no\/wp-json\/wp\/v2\/berocket_brand?post=405706"}],"curies":[{"name":"wp","href":"https:\/\/api.w.org\/{rel}","templated":true}]}}