{"id":405694,"date":"2025-05-18T23:08:11","date_gmt":"2025-05-18T23:08:11","guid":{"rendered":"https:\/\/staging2.stylingagenten.com\/no\/produkt\/max-factor-creme-puff-075-golden\/"},"modified":"2026-04-12T09:58:46","modified_gmt":"2026-04-12T09:58:46","slug":"max-factor-creme-puff-075-golden","status":"publish","type":"product","link":"https:\/\/stylingagenten.com\/no\/produkt\/max-factor-creme-puff-075-golden\/","title":{"rendered":"Max Factor Creme Puff 075 Golden"},"content":{"rendered":"<p>Glamours hud er lett \u00e5 oppn\u00e5; med dette pulveret. Max Factor Creme Puff gir et luksuri\u00f8st fulldekkende resultat. Den er perfekt for alle hudtyper og gir et feilfritt resultat med en myk, diskret glans takket v\u00e6re millioner av lysreflekterende partikler.<\/p>\n<p><strong>Slik bruker du:<\/strong> Tips fra Make-up the kunstner; Creme Puff kan brukes b\u00e5de som en ekstra matt variant av vanlig foundation p\u00e5; godt fuktet hud, eller &#8211; for de som foretrekker det &#8211; b\u00f8rstet p\u00e5 toppen; foundation som et dekkende pulver.<\/p>\n","protected":false},"excerpt":{"rendered":"<p>Glamours hud er lett \u00e5 oppn\u00e5; med dette pulveret. Max Factor Creme Puff gir et luksuri\u00f8st fulldekkende resultat. Den er perfekt for alle hudtyper og gir et feilfritt resultat med en myk, diskret glans takket v\u00e6re millioner av lysreflekterende partikler. Slik bruker du: Tips fra Make-up the kunstner; Creme Puff kan brukes b\u00e5de som en [&hellip;]<\/p>\n","protected":false},"featured_media":405688,"comment_status":"open","ping_status":"closed","template":"","meta":{"_trash_the_other_posts":false},"product_brand":[],"product_cat":[606],"product_tag":[3467],"berocket_brand":[1013],"class_list":{"0":"post-405694","1":"product","2":"type-product","3":"status-publish","4":"has-post-thumbnail","6":"product_cat-pudder","7":"product_tag-max-factor-creme-puff","8":"pa_brand-max-factor","9":"pa_variant-075-golden","10":"berocket_brand-max-factor","12":"first","13":"instock","14":"sale","15":"taxable","16":"shipping-taxable","17":"purchasable","18":"product-type-simple"},"_links":{"self":[{"href":"https:\/\/stylingagenten.com\/no\/wp-json\/wp\/v2\/product\/405694","targetHints":{"allow":["GET"]}}],"collection":[{"href":"https:\/\/stylingagenten.com\/no\/wp-json\/wp\/v2\/product"}],"about":[{"href":"https:\/\/stylingagenten.com\/no\/wp-json\/wp\/v2\/types\/product"}],"replies":[{"embeddable":true,"href":"https:\/\/stylingagenten.com\/no\/wp-json\/wp\/v2\/comments?post=405694"}],"version-history":[{"count":0,"href":"https:\/\/stylingagenten.com\/no\/wp-json\/wp\/v2\/product\/405694\/revisions"}],"wp:featuredmedia":[{"embeddable":true,"href":"https:\/\/stylingagenten.com\/no\/wp-json\/wp\/v2\/media\/405688"}],"wp:attachment":[{"href":"https:\/\/stylingagenten.com\/no\/wp-json\/wp\/v2\/media?parent=405694"}],"wp:term":[{"taxonomy":"product_brand","embeddable":true,"href":"https:\/\/stylingagenten.com\/no\/wp-json\/wp\/v2\/product_brand?post=405694"},{"taxonomy":"product_cat","embeddable":true,"href":"https:\/\/stylingagenten.com\/no\/wp-json\/wp\/v2\/product_cat?post=405694"},{"taxonomy":"product_tag","embeddable":true,"href":"https:\/\/stylingagenten.com\/no\/wp-json\/wp\/v2\/product_tag?post=405694"},{"taxonomy":"berocket_brand","embeddable":true,"href":"https:\/\/stylingagenten.com\/no\/wp-json\/wp\/v2\/berocket_brand?post=405694"}],"curies":[{"name":"wp","href":"https:\/\/api.w.org\/{rel}","templated":true}]}}