{"id":405664,"date":"2025-05-18T23:08:05","date_gmt":"2025-05-18T23:08:05","guid":{"rendered":"https:\/\/staging2.stylingagenten.com\/no\/produkt\/makeup-revolution-banana-baking-powder\/"},"modified":"2026-04-11T03:38:32","modified_gmt":"2026-04-11T03:38:32","slug":"makeup-revolution-banana-baking-powder","status":"publish","type":"product","link":"https:\/\/stylingagenten.com\/no\/produkt\/makeup-revolution-banana-baking-powder\/","title":{"rendered":"Makeup Revolution Banana Baking Powder"},"content":{"rendered":"<p>En av Makeup Revolutions bestselgere!&nbsp;<\/p>\n<p>Fullf\u00f8r sminkerutinen din med bananbakepulver. Et l\u00e6rpudder som gir huden din varme og med et hint av farge kan du gj\u00f8re foundationen ferdig, redusere glans og korrigere r\u00f8dhet og rosa undertoner.&nbsp;<\/p>\n<p>Rist flasken f\u00f8r bruk. ;nding.&nbsp;<\/p>\n<p><\/p>\n","protected":false},"excerpt":{"rendered":"<p>En av Makeup Revolutions bestselgere!&nbsp; Fullf\u00f8r sminkerutinen din med bananbakepulver. Et l\u00e6rpudder som gir huden din varme og med et hint av farge kan du gj\u00f8re foundationen ferdig, redusere glans og korrigere r\u00f8dhet og rosa undertoner.&nbsp; Rist flasken f\u00f8r bruk. ;nding.&nbsp;<\/p>\n","protected":false},"featured_media":405653,"comment_status":"open","ping_status":"closed","template":"","meta":{"_trash_the_other_posts":false},"product_brand":[],"product_cat":[606],"product_tag":[3283],"berocket_brand":[1050],"class_list":{"0":"post-405664","1":"product","2":"type-product","3":"status-publish","4":"has-post-thumbnail","6":"product_cat-pudder","7":"product_tag-makeup-revolution-baking-powder","8":"pa_brand-makeup-revolution","9":"pa_variant-banana","10":"berocket_brand-makeup-revolution","12":"first","13":"instock","14":"sale","15":"taxable","16":"shipping-taxable","17":"purchasable","18":"product-type-simple"},"_links":{"self":[{"href":"https:\/\/stylingagenten.com\/no\/wp-json\/wp\/v2\/product\/405664","targetHints":{"allow":["GET"]}}],"collection":[{"href":"https:\/\/stylingagenten.com\/no\/wp-json\/wp\/v2\/product"}],"about":[{"href":"https:\/\/stylingagenten.com\/no\/wp-json\/wp\/v2\/types\/product"}],"replies":[{"embeddable":true,"href":"https:\/\/stylingagenten.com\/no\/wp-json\/wp\/v2\/comments?post=405664"}],"version-history":[{"count":0,"href":"https:\/\/stylingagenten.com\/no\/wp-json\/wp\/v2\/product\/405664\/revisions"}],"wp:featuredmedia":[{"embeddable":true,"href":"https:\/\/stylingagenten.com\/no\/wp-json\/wp\/v2\/media\/405653"}],"wp:attachment":[{"href":"https:\/\/stylingagenten.com\/no\/wp-json\/wp\/v2\/media?parent=405664"}],"wp:term":[{"taxonomy":"product_brand","embeddable":true,"href":"https:\/\/stylingagenten.com\/no\/wp-json\/wp\/v2\/product_brand?post=405664"},{"taxonomy":"product_cat","embeddable":true,"href":"https:\/\/stylingagenten.com\/no\/wp-json\/wp\/v2\/product_cat?post=405664"},{"taxonomy":"product_tag","embeddable":true,"href":"https:\/\/stylingagenten.com\/no\/wp-json\/wp\/v2\/product_tag?post=405664"},{"taxonomy":"berocket_brand","embeddable":true,"href":"https:\/\/stylingagenten.com\/no\/wp-json\/wp\/v2\/berocket_brand?post=405664"}],"curies":[{"name":"wp","href":"https:\/\/api.w.org\/{rel}","templated":true}]}}