{"id":405529,"date":"2025-05-18T23:07:39","date_gmt":"2025-05-18T23:07:39","guid":{"rendered":"https:\/\/staging2.stylingagenten.com\/no\/produkt\/max-factor-creme-puff-55-candle-glow\/"},"modified":"2026-02-16T14:13:54","modified_gmt":"2026-02-16T14:13:54","slug":"max-factor-creme-puff-55-candle-glow","status":"publish","type":"product","link":"https:\/\/stylingagenten.com\/no\/produkt\/max-factor-creme-puff-55-candle-glow\/","title":{"rendered":"Max Factor Creme Puff 55 Candle Glow"},"content":{"rendered":"<p>Glamor\u00f8s hud er lett \u00e5 oppn\u00e5 med dette pudderet. Max Factor Creme Puff 55 gir et luksuri\u00f8st full dekningsresultat. Den er perfekt for alle hudtyper og gir et feilfritt resultat med en myk, diskret glans takket v\u00e6re millioner av lysreflekterende partikler.<\/p>\n<p><strong>Bruk:<\/strong> Tips fra makeupartisten; Creme Puff kan brukes b\u00e5de som en ekstra matt versjon av vanlig foundation p\u00e5 godt fuktet hud, eller \u2013 for de som foretrekker det \u2013 b\u00f8rstet p\u00e5 toppen av foundation som dekkende pudder.<\/p>\n","protected":false},"excerpt":{"rendered":"<p>Glamor\u00f8s hud er lett \u00e5 oppn\u00e5 med dette pudderet. Max Factor Creme Puff 55 gir et luksuri\u00f8st full dekningsresultat. Den er perfekt for alle hudtyper og gir et feilfritt resultat med en myk, diskret glans takket v\u00e6re millioner av lysreflekterende partikler. Bruk: Tips fra makeupartisten; Creme Puff kan brukes b\u00e5de som en ekstra matt versjon [&hellip;]<\/p>\n","protected":false},"featured_media":405519,"comment_status":"open","ping_status":"closed","template":"","meta":{"_trash_the_other_posts":false},"product_brand":[],"product_cat":[606],"product_tag":[3467],"berocket_brand":[1013],"class_list":{"0":"post-405529","1":"product","2":"type-product","3":"status-publish","4":"has-post-thumbnail","6":"product_cat-pudder","7":"product_tag-max-factor-creme-puff","8":"pa_brand-max-factor","9":"pa_variant-55-candle-glow","10":"berocket_brand-max-factor","12":"first","13":"instock","14":"sale","15":"taxable","16":"shipping-taxable","17":"purchasable","18":"product-type-simple"},"_links":{"self":[{"href":"https:\/\/stylingagenten.com\/no\/wp-json\/wp\/v2\/product\/405529","targetHints":{"allow":["GET"]}}],"collection":[{"href":"https:\/\/stylingagenten.com\/no\/wp-json\/wp\/v2\/product"}],"about":[{"href":"https:\/\/stylingagenten.com\/no\/wp-json\/wp\/v2\/types\/product"}],"replies":[{"embeddable":true,"href":"https:\/\/stylingagenten.com\/no\/wp-json\/wp\/v2\/comments?post=405529"}],"version-history":[{"count":0,"href":"https:\/\/stylingagenten.com\/no\/wp-json\/wp\/v2\/product\/405529\/revisions"}],"wp:featuredmedia":[{"embeddable":true,"href":"https:\/\/stylingagenten.com\/no\/wp-json\/wp\/v2\/media\/405519"}],"wp:attachment":[{"href":"https:\/\/stylingagenten.com\/no\/wp-json\/wp\/v2\/media?parent=405529"}],"wp:term":[{"taxonomy":"product_brand","embeddable":true,"href":"https:\/\/stylingagenten.com\/no\/wp-json\/wp\/v2\/product_brand?post=405529"},{"taxonomy":"product_cat","embeddable":true,"href":"https:\/\/stylingagenten.com\/no\/wp-json\/wp\/v2\/product_cat?post=405529"},{"taxonomy":"product_tag","embeddable":true,"href":"https:\/\/stylingagenten.com\/no\/wp-json\/wp\/v2\/product_tag?post=405529"},{"taxonomy":"berocket_brand","embeddable":true,"href":"https:\/\/stylingagenten.com\/no\/wp-json\/wp\/v2\/berocket_brand?post=405529"}],"curies":[{"name":"wp","href":"https:\/\/api.w.org\/{rel}","templated":true}]}}