{"id":405498,"date":"2025-05-18T23:07:32","date_gmt":"2025-05-18T23:07:32","guid":{"rendered":"https:\/\/staging2.stylingagenten.com\/no\/produkt\/nyx-prof-makeup-cant-stop-wont-stop-mattifying-pressed-powder-light\/"},"modified":"2025-12-18T21:55:53","modified_gmt":"2025-12-18T21:55:53","slug":"nyx-prof-makeup-cant-stop-wont-stop-mattifying-pressed-powder-light","status":"publish","type":"product","link":"https:\/\/stylingagenten.com\/no\/produkt\/nyx-prof-makeup-cant-stop-wont-stop-mattifying-pressed-powder-light\/","title":{"rendered":"NYX PROF. MAKEUP Can&#8217;t Stop Won&#8217;t Stop Mattifying Pressed Powder &#8211; Light"},"content":{"rendered":"<p>M\u00f8t Nyx sitt f\u00f8rste matte pulver som varer hele dagen med oljeabsorberende rispulver. Dette mattende pressede pudderet gir en jevn, matt finish hele dagen. Ingen flekker og ingen s\u00f8l. Lett dekning med en ikke-t\u00f8rkende og ikke-aske finish for alle hudtoner. Lett og behagelig og selvf\u00f8lgelig vegansk.<\/p>\n","protected":false},"excerpt":{"rendered":"<p>M\u00f8t Nyx sitt f\u00f8rste matte pulver som varer hele dagen med oljeabsorberende rispulver. Dette mattende pressede pudderet gir en jevn, matt finish hele dagen. Ingen flekker og ingen s\u00f8l. Lett dekning med en ikke-t\u00f8rkende og ikke-aske finish for alle hudtoner. Lett og behagelig og selvf\u00f8lgelig vegansk.<\/p>\n","protected":false},"featured_media":405496,"comment_status":"open","ping_status":"closed","template":"","meta":{"_trash_the_other_posts":false},"product_brand":[],"product_cat":[606],"product_tag":[3655],"berocket_brand":[1025],"class_list":{"0":"post-405498","1":"product","2":"type-product","3":"status-publish","4":"has-post-thumbnail","6":"product_cat-pudder","7":"product_tag-nyx-prof-makeup-cant-stop-wont-stop-mattifying-pressed-powder","8":"pa_brand-nyx","9":"pa_variant-light","10":"berocket_brand-nyx","12":"first","13":"instock","14":"sale","15":"taxable","16":"shipping-taxable","17":"purchasable","18":"product-type-simple"},"_links":{"self":[{"href":"https:\/\/stylingagenten.com\/no\/wp-json\/wp\/v2\/product\/405498","targetHints":{"allow":["GET"]}}],"collection":[{"href":"https:\/\/stylingagenten.com\/no\/wp-json\/wp\/v2\/product"}],"about":[{"href":"https:\/\/stylingagenten.com\/no\/wp-json\/wp\/v2\/types\/product"}],"replies":[{"embeddable":true,"href":"https:\/\/stylingagenten.com\/no\/wp-json\/wp\/v2\/comments?post=405498"}],"version-history":[{"count":0,"href":"https:\/\/stylingagenten.com\/no\/wp-json\/wp\/v2\/product\/405498\/revisions"}],"wp:featuredmedia":[{"embeddable":true,"href":"https:\/\/stylingagenten.com\/no\/wp-json\/wp\/v2\/media\/405496"}],"wp:attachment":[{"href":"https:\/\/stylingagenten.com\/no\/wp-json\/wp\/v2\/media?parent=405498"}],"wp:term":[{"taxonomy":"product_brand","embeddable":true,"href":"https:\/\/stylingagenten.com\/no\/wp-json\/wp\/v2\/product_brand?post=405498"},{"taxonomy":"product_cat","embeddable":true,"href":"https:\/\/stylingagenten.com\/no\/wp-json\/wp\/v2\/product_cat?post=405498"},{"taxonomy":"product_tag","embeddable":true,"href":"https:\/\/stylingagenten.com\/no\/wp-json\/wp\/v2\/product_tag?post=405498"},{"taxonomy":"berocket_brand","embeddable":true,"href":"https:\/\/stylingagenten.com\/no\/wp-json\/wp\/v2\/berocket_brand?post=405498"}],"curies":[{"name":"wp","href":"https:\/\/api.w.org\/{rel}","templated":true}]}}