{"id":405482,"date":"2025-05-18T23:07:28","date_gmt":"2025-05-18T23:07:28","guid":{"rendered":"https:\/\/staging2.stylingagenten.com\/no\/produkt\/make-up-store-glow-powder-translucent\/"},"modified":"2026-04-06T13:37:30","modified_gmt":"2026-04-06T13:37:30","slug":"make-up-store-glow-powder-translucent","status":"publish","type":"product","link":"https:\/\/stylingagenten.com\/no\/produkt\/make-up-store-glow-powder-translucent\/","title":{"rendered":"Make Up Store Glow Powder Translucent"},"content":{"rendered":"<p>En finpulverisert formel med en ultralett skinnende finish. Glatter ut fine linjer og porer.<br \/>P\u00e5f\u00f8res direkte p\u00e5 huden eller for \u00e5 sette foundation eller som et tynt lag over en primer for \u00e5 fremheve din naturlige hudtone. Lett og elegant med et langvarig resultat. 10 g<\/p>\n","protected":false},"excerpt":{"rendered":"<p>En finpulverisert formel med en ultralett skinnende finish. Glatter ut fine linjer og porer.P\u00e5f\u00f8res direkte p\u00e5 huden eller for \u00e5 sette foundation eller som et tynt lag over en primer for \u00e5 fremheve din naturlige hudtone. Lett og elegant med et langvarig resultat. 10 g<\/p>\n","protected":false},"featured_media":405480,"comment_status":"open","ping_status":"closed","template":"","meta":{"_trash_the_other_posts":false},"product_brand":[],"product_cat":[606],"product_tag":[],"berocket_brand":[1271],"class_list":{"0":"post-405482","1":"product","2":"type-product","3":"status-publish","4":"has-post-thumbnail","6":"product_cat-pudder","7":"pa_brand-make-up-store","8":"berocket_brand-make-up-store","10":"first","11":"instock","12":"sale","13":"taxable","14":"shipping-taxable","15":"purchasable","16":"product-type-simple"},"_links":{"self":[{"href":"https:\/\/stylingagenten.com\/no\/wp-json\/wp\/v2\/product\/405482","targetHints":{"allow":["GET"]}}],"collection":[{"href":"https:\/\/stylingagenten.com\/no\/wp-json\/wp\/v2\/product"}],"about":[{"href":"https:\/\/stylingagenten.com\/no\/wp-json\/wp\/v2\/types\/product"}],"replies":[{"embeddable":true,"href":"https:\/\/stylingagenten.com\/no\/wp-json\/wp\/v2\/comments?post=405482"}],"version-history":[{"count":0,"href":"https:\/\/stylingagenten.com\/no\/wp-json\/wp\/v2\/product\/405482\/revisions"}],"wp:featuredmedia":[{"embeddable":true,"href":"https:\/\/stylingagenten.com\/no\/wp-json\/wp\/v2\/media\/405480"}],"wp:attachment":[{"href":"https:\/\/stylingagenten.com\/no\/wp-json\/wp\/v2\/media?parent=405482"}],"wp:term":[{"taxonomy":"product_brand","embeddable":true,"href":"https:\/\/stylingagenten.com\/no\/wp-json\/wp\/v2\/product_brand?post=405482"},{"taxonomy":"product_cat","embeddable":true,"href":"https:\/\/stylingagenten.com\/no\/wp-json\/wp\/v2\/product_cat?post=405482"},{"taxonomy":"product_tag","embeddable":true,"href":"https:\/\/stylingagenten.com\/no\/wp-json\/wp\/v2\/product_tag?post=405482"},{"taxonomy":"berocket_brand","embeddable":true,"href":"https:\/\/stylingagenten.com\/no\/wp-json\/wp\/v2\/berocket_brand?post=405482"}],"curies":[{"name":"wp","href":"https:\/\/api.w.org\/{rel}","templated":true}]}}