{"id":405479,"date":"2025-05-18T23:07:27","date_gmt":"2025-05-18T23:07:27","guid":{"rendered":"https:\/\/staging2.stylingagenten.com\/no\/produkt\/nyx-prof-makeup-high-definition-finishing-powder-translucent\/"},"modified":"2026-03-10T20:27:38","modified_gmt":"2026-03-10T20:27:38","slug":"nyx-prof-makeup-high-definition-finishing-powder-translucent","status":"publish","type":"product","link":"https:\/\/stylingagenten.com\/no\/produkt\/nyx-prof-makeup-high-definition-finishing-powder-translucent\/","title":{"rendered":"NYX PROF. MAKEUP High Definition Finishing Powder &#8211; 01 Trans"},"content":{"rendered":"<p>NYX PROFESSIONAL MAKEUP High Definition Finishing Powder &ndash; 01 Translucent er et gjennomsiktig, silkeaktig presset mineralpulver. Dette fantastiske pudderet bidrar til \u00e5 mattere huden og skjule fine linjer og porer. Pudderet finnes i tre nyanser, se nedenfor for \u00e5 finne den som passer deg best.<\/p>\n<p>Transparent &#8211; Matter ned<br \/>Banan &#8211; Gul korrigerer skinnende hud<br \/>Mintgr\u00f8nn &#8211; Korrigerer r\u00f8d hud&lt;br <br \/>Volumvekt: 8 gr<\/p>\n","protected":false},"excerpt":{"rendered":"<p>NYX PROFESSIONAL MAKEUP High Definition Finishing Powder &ndash; 01 Translucent er et gjennomsiktig, silkeaktig presset mineralpulver. Dette fantastiske pudderet bidrar til \u00e5 mattere huden og skjule fine linjer og porer. Pudderet finnes i tre nyanser, se nedenfor for \u00e5 finne den som passer deg best. Transparent &#8211; Matter nedBanan &#8211; Gul korrigerer skinnende hudMintgr\u00f8nn &#8211; [&hellip;]<\/p>\n","protected":false},"featured_media":405475,"comment_status":"open","ping_status":"closed","template":"","meta":{"_trash_the_other_posts":false},"product_brand":[],"product_cat":[606],"product_tag":[3670],"berocket_brand":[1025],"class_list":{"0":"post-405479","1":"product","2":"type-product","3":"status-publish","4":"has-post-thumbnail","6":"product_cat-pudder","7":"product_tag-nyx-prof-makeup-high-definition-finishing-powder","8":"pa_brand-nyx","9":"pa_variant-translucent","10":"berocket_brand-nyx","12":"first","13":"instock","14":"taxable","15":"shipping-taxable","16":"purchasable","17":"product-type-simple"},"_links":{"self":[{"href":"https:\/\/stylingagenten.com\/no\/wp-json\/wp\/v2\/product\/405479","targetHints":{"allow":["GET"]}}],"collection":[{"href":"https:\/\/stylingagenten.com\/no\/wp-json\/wp\/v2\/product"}],"about":[{"href":"https:\/\/stylingagenten.com\/no\/wp-json\/wp\/v2\/types\/product"}],"replies":[{"embeddable":true,"href":"https:\/\/stylingagenten.com\/no\/wp-json\/wp\/v2\/comments?post=405479"}],"version-history":[{"count":0,"href":"https:\/\/stylingagenten.com\/no\/wp-json\/wp\/v2\/product\/405479\/revisions"}],"wp:featuredmedia":[{"embeddable":true,"href":"https:\/\/stylingagenten.com\/no\/wp-json\/wp\/v2\/media\/405475"}],"wp:attachment":[{"href":"https:\/\/stylingagenten.com\/no\/wp-json\/wp\/v2\/media?parent=405479"}],"wp:term":[{"taxonomy":"product_brand","embeddable":true,"href":"https:\/\/stylingagenten.com\/no\/wp-json\/wp\/v2\/product_brand?post=405479"},{"taxonomy":"product_cat","embeddable":true,"href":"https:\/\/stylingagenten.com\/no\/wp-json\/wp\/v2\/product_cat?post=405479"},{"taxonomy":"product_tag","embeddable":true,"href":"https:\/\/stylingagenten.com\/no\/wp-json\/wp\/v2\/product_tag?post=405479"},{"taxonomy":"berocket_brand","embeddable":true,"href":"https:\/\/stylingagenten.com\/no\/wp-json\/wp\/v2\/berocket_brand?post=405479"}],"curies":[{"name":"wp","href":"https:\/\/api.w.org\/{rel}","templated":true}]}}