{"id":405477,"date":"2025-05-18T23:07:27","date_gmt":"2025-05-18T23:07:27","guid":{"rendered":"https:\/\/staging2.stylingagenten.com\/no\/produkt\/nyx-prof-makeup-high-definition-finishing-powder-03-mint-green\/"},"modified":"2025-11-19T07:51:16","modified_gmt":"2025-11-19T07:51:16","slug":"nyx-prof-makeup-high-definition-finishing-powder-03-mint-green","status":"publish","type":"product","link":"https:\/\/stylingagenten.com\/no\/produkt\/nyx-prof-makeup-high-definition-finishing-powder-03-mint-green\/","title":{"rendered":"NYX PROF. MAKEUP High Definition Finishing Powder &#8211; 03 Mint"},"content":{"rendered":"<p>NYX PROFESSIONAL MAKEUP High Definition Finishing Powder &#8211; 03 Mint Green er et gjennomsiktig, silkeaktig presset mineralpulver. Dette fantastiske pudderet bidrar til \u00e5 mattere huden og skjule fine linjer og porer. Pudderet finnes i tre nyanser, se nedenfor for \u00e5 finne den som passer deg best.<\/p>\n<p>Transparent &#8211; Matter ned<br \/>Banan &#8211; Gul korrigerer skinnende hud<br \/>Mintgr\u00f8nn &#8211; Korrigerer r\u00f8d hud&lt;br <br \/>Volumvekt: 8 gr<\/p>\n","protected":false},"excerpt":{"rendered":"<p>NYX PROFESSIONAL MAKEUP High Definition Finishing Powder &#8211; 03 Mint Green er et gjennomsiktig, silkeaktig presset mineralpulver. Dette fantastiske pudderet bidrar til \u00e5 mattere huden og skjule fine linjer og porer. Pudderet finnes i tre nyanser, se nedenfor for \u00e5 finne den som passer deg best. Transparent &#8211; Matter nedBanan &#8211; Gul korrigerer skinnende hudMintgr\u00f8nn [&hellip;]<\/p>\n","protected":false},"featured_media":405474,"comment_status":"open","ping_status":"closed","template":"","meta":{"_trash_the_other_posts":false},"product_brand":[],"product_cat":[1005,606],"product_tag":[3670],"berocket_brand":[1025],"class_list":{"0":"post-405477","1":"product","2":"type-product","3":"status-publish","4":"has-post-thumbnail","6":"product_cat-outlet","7":"product_cat-pudder","8":"product_tag-nyx-prof-makeup-high-definition-finishing-powder","9":"pa_brand-nyx","10":"pa_variant-03-mint-green","11":"berocket_brand-nyx","13":"first","14":"instock","15":"sale","16":"taxable","17":"shipping-taxable","18":"purchasable","19":"product-type-simple"},"_links":{"self":[{"href":"https:\/\/stylingagenten.com\/no\/wp-json\/wp\/v2\/product\/405477","targetHints":{"allow":["GET"]}}],"collection":[{"href":"https:\/\/stylingagenten.com\/no\/wp-json\/wp\/v2\/product"}],"about":[{"href":"https:\/\/stylingagenten.com\/no\/wp-json\/wp\/v2\/types\/product"}],"replies":[{"embeddable":true,"href":"https:\/\/stylingagenten.com\/no\/wp-json\/wp\/v2\/comments?post=405477"}],"version-history":[{"count":0,"href":"https:\/\/stylingagenten.com\/no\/wp-json\/wp\/v2\/product\/405477\/revisions"}],"wp:featuredmedia":[{"embeddable":true,"href":"https:\/\/stylingagenten.com\/no\/wp-json\/wp\/v2\/media\/405474"}],"wp:attachment":[{"href":"https:\/\/stylingagenten.com\/no\/wp-json\/wp\/v2\/media?parent=405477"}],"wp:term":[{"taxonomy":"product_brand","embeddable":true,"href":"https:\/\/stylingagenten.com\/no\/wp-json\/wp\/v2\/product_brand?post=405477"},{"taxonomy":"product_cat","embeddable":true,"href":"https:\/\/stylingagenten.com\/no\/wp-json\/wp\/v2\/product_cat?post=405477"},{"taxonomy":"product_tag","embeddable":true,"href":"https:\/\/stylingagenten.com\/no\/wp-json\/wp\/v2\/product_tag?post=405477"},{"taxonomy":"berocket_brand","embeddable":true,"href":"https:\/\/stylingagenten.com\/no\/wp-json\/wp\/v2\/berocket_brand?post=405477"}],"curies":[{"name":"wp","href":"https:\/\/api.w.org\/{rel}","templated":true}]}}