{"id":405458,"date":"2025-05-18T23:07:23","date_gmt":"2025-05-18T23:07:23","guid":{"rendered":"https:\/\/staging2.stylingagenten.com\/no\/produkt\/lumene-nordic-chic-sheer-finish-loose-powder-8g\/"},"modified":"2025-11-19T09:06:55","modified_gmt":"2025-11-19T09:06:55","slug":"lumene-nordic-chic-sheer-finish-loose-powder-8g","status":"publish","type":"product","link":"https:\/\/stylingagenten.com\/no\/produkt\/lumene-nordic-chic-sheer-finish-loose-powder-8g\/","title":{"rendered":"Lumene Nordic Chic Sheer Finish Loose Powder 8g"},"content":{"rendered":"<p>Oppretthold et matt utseende med Sheer Finish Loose Powder! Dette ultramyke, fine l\u00f8se pudderet er den ultimate l\u00f8sningen for en glansfri, langvarig look. Pudderet er ultramykt og finmalt for \u00e5 gi en s\u00e5 naturlig finish som mulig og bidra til en behagelig f\u00f8lelse. Sheer Finish Loose Powder hjelper til med \u00e5 &laquo;sl\u00f8re&raquo; ufullkommenheter og myke opp fine linjer samtidig som den fungerer som talgabsorberende for en matt finish. <\/p>\n<p>Innhold: 8 g<\/p>\n","protected":false},"excerpt":{"rendered":"<p>Oppretthold et matt utseende med Sheer Finish Loose Powder! Dette ultramyke, fine l\u00f8se pudderet er den ultimate l\u00f8sningen for en glansfri, langvarig look. Pudderet er ultramykt og finmalt for \u00e5 gi en s\u00e5 naturlig finish som mulig og bidra til en behagelig f\u00f8lelse. Sheer Finish Loose Powder hjelper til med \u00e5 &laquo;sl\u00f8re&raquo; ufullkommenheter og myke [&hellip;]<\/p>\n","protected":false},"featured_media":405456,"comment_status":"open","ping_status":"closed","template":"","meta":{"_trash_the_other_posts":false},"product_brand":[],"product_cat":[606],"product_tag":[],"berocket_brand":[1063],"class_list":{"0":"post-405458","1":"product","2":"type-product","3":"status-publish","4":"has-post-thumbnail","6":"product_cat-pudder","7":"pa_brand-lumene","8":"berocket_brand-lumene","10":"first","11":"outofstock","12":"sale","13":"taxable","14":"shipping-taxable","15":"purchasable","16":"product-type-simple"},"_links":{"self":[{"href":"https:\/\/stylingagenten.com\/no\/wp-json\/wp\/v2\/product\/405458","targetHints":{"allow":["GET"]}}],"collection":[{"href":"https:\/\/stylingagenten.com\/no\/wp-json\/wp\/v2\/product"}],"about":[{"href":"https:\/\/stylingagenten.com\/no\/wp-json\/wp\/v2\/types\/product"}],"replies":[{"embeddable":true,"href":"https:\/\/stylingagenten.com\/no\/wp-json\/wp\/v2\/comments?post=405458"}],"version-history":[{"count":0,"href":"https:\/\/stylingagenten.com\/no\/wp-json\/wp\/v2\/product\/405458\/revisions"}],"wp:featuredmedia":[{"embeddable":true,"href":"https:\/\/stylingagenten.com\/no\/wp-json\/wp\/v2\/media\/405456"}],"wp:attachment":[{"href":"https:\/\/stylingagenten.com\/no\/wp-json\/wp\/v2\/media?parent=405458"}],"wp:term":[{"taxonomy":"product_brand","embeddable":true,"href":"https:\/\/stylingagenten.com\/no\/wp-json\/wp\/v2\/product_brand?post=405458"},{"taxonomy":"product_cat","embeddable":true,"href":"https:\/\/stylingagenten.com\/no\/wp-json\/wp\/v2\/product_cat?post=405458"},{"taxonomy":"product_tag","embeddable":true,"href":"https:\/\/stylingagenten.com\/no\/wp-json\/wp\/v2\/product_tag?post=405458"},{"taxonomy":"berocket_brand","embeddable":true,"href":"https:\/\/stylingagenten.com\/no\/wp-json\/wp\/v2\/berocket_brand?post=405458"}],"curies":[{"name":"wp","href":"https:\/\/api.w.org\/{rel}","templated":true}]}}