{"id":405420,"date":"2025-05-18T23:07:15","date_gmt":"2025-05-18T23:07:15","guid":{"rendered":"https:\/\/staging2.stylingagenten.com\/no\/produkt\/max-factor-creme-puff-40-creamy-ivory\/"},"modified":"2026-02-19T08:47:06","modified_gmt":"2026-02-19T08:47:06","slug":"max-factor-creme-puff-40-creamy-ivory","status":"publish","type":"product","link":"https:\/\/stylingagenten.com\/no\/produkt\/max-factor-creme-puff-40-creamy-ivory\/","title":{"rendered":"Max Factor Creme Puff 40 Creamy Ivory"},"content":{"rendered":"<p>Max Factor Creme Puff 40 Creamy Ivory<br \/>Glamour\u00f8s hud er lett \u00e5 oppn\u00e5 med den luksuri\u00f8se finishen til dette kompakte pudderet med middels dekning. Max Factor Creme Puff Pressed Compact Powder er et klassisk presset pudder som ogs\u00e5 kan brukes som foundation Max Factor Creme Puff Pressed Compact Powder gir deg b\u00e5de god dekning og en vakker matt finish, fordi formelen absorberer overfl\u00f8dig olje. Passer for alle hudtyper og gir et feilfritt utseende med en myk, subtil gl\u00f8d takket v\u00e6re millioner av mirakellysreflekterende partikler i produktet. Et allsidig alt-i-ett-pulver som passer for alle anledninger.<\/p>\n","protected":false},"excerpt":{"rendered":"<p>Max Factor Creme Puff 40 Creamy IvoryGlamour\u00f8s hud er lett \u00e5 oppn\u00e5 med den luksuri\u00f8se finishen til dette kompakte pudderet med middels dekning. Max Factor Creme Puff Pressed Compact Powder er et klassisk presset pudder som ogs\u00e5 kan brukes som foundation Max Factor Creme Puff Pressed Compact Powder gir deg b\u00e5de god dekning og en [&hellip;]<\/p>\n","protected":false},"featured_media":405419,"comment_status":"open","ping_status":"closed","template":"","meta":{"_trash_the_other_posts":false},"product_brand":[],"product_cat":[606],"product_tag":[3467],"berocket_brand":[1013],"class_list":{"0":"post-405420","1":"product","2":"type-product","3":"status-publish","4":"has-post-thumbnail","6":"product_cat-pudder","7":"product_tag-max-factor-creme-puff","8":"pa_brand-max-factor","9":"pa_variant-40-creamy-ivory","10":"berocket_brand-max-factor","12":"first","13":"instock","14":"sale","15":"taxable","16":"shipping-taxable","17":"purchasable","18":"product-type-simple"},"_links":{"self":[{"href":"https:\/\/stylingagenten.com\/no\/wp-json\/wp\/v2\/product\/405420","targetHints":{"allow":["GET"]}}],"collection":[{"href":"https:\/\/stylingagenten.com\/no\/wp-json\/wp\/v2\/product"}],"about":[{"href":"https:\/\/stylingagenten.com\/no\/wp-json\/wp\/v2\/types\/product"}],"replies":[{"embeddable":true,"href":"https:\/\/stylingagenten.com\/no\/wp-json\/wp\/v2\/comments?post=405420"}],"version-history":[{"count":0,"href":"https:\/\/stylingagenten.com\/no\/wp-json\/wp\/v2\/product\/405420\/revisions"}],"wp:featuredmedia":[{"embeddable":true,"href":"https:\/\/stylingagenten.com\/no\/wp-json\/wp\/v2\/media\/405419"}],"wp:attachment":[{"href":"https:\/\/stylingagenten.com\/no\/wp-json\/wp\/v2\/media?parent=405420"}],"wp:term":[{"taxonomy":"product_brand","embeddable":true,"href":"https:\/\/stylingagenten.com\/no\/wp-json\/wp\/v2\/product_brand?post=405420"},{"taxonomy":"product_cat","embeddable":true,"href":"https:\/\/stylingagenten.com\/no\/wp-json\/wp\/v2\/product_cat?post=405420"},{"taxonomy":"product_tag","embeddable":true,"href":"https:\/\/stylingagenten.com\/no\/wp-json\/wp\/v2\/product_tag?post=405420"},{"taxonomy":"berocket_brand","embeddable":true,"href":"https:\/\/stylingagenten.com\/no\/wp-json\/wp\/v2\/berocket_brand?post=405420"}],"curies":[{"name":"wp","href":"https:\/\/api.w.org\/{rel}","templated":true}]}}