{"id":405407,"date":"2025-05-18T23:07:12","date_gmt":"2025-05-18T23:07:12","guid":{"rendered":"https:\/\/staging2.stylingagenten.com\/no\/produkt\/artdeco-no-color-setting-powder-1-transparent-12g\/"},"modified":"2025-12-18T21:29:42","modified_gmt":"2025-12-18T21:29:42","slug":"artdeco-no-color-setting-powder-1-transparent-12g","status":"publish","type":"product","link":"https:\/\/stylingagenten.com\/no\/produkt\/artdeco-no-color-setting-powder-1-transparent-12g\/","title":{"rendered":"Artdeco No Color Setting Powder 1 Transparent 12g"},"content":{"rendered":"<p>Artdeco No Color Setting Powder 1 Transparent 12g<br \/>Transparent og lysreflekterende pudder for alle hudtoner. Fikserer sminken, gir en matt finish og et langvarig resultat. Takket v\u00e6re unike ingredienser og teknologi tilpasser pudderet seg til alle typer lys, for str\u00e5lende hud i alle situasjoner! Den kremete teksturen med mikrofint pudder inneholder ogs\u00e5 hudpleieingredienser: Irsk mose, mineralrikt sj\u00f8vann og squalane.<br \/>\u2022 Gjennomsiktig pudder for alle hudtoner<br \/>\u2022 Lysreflekterende og langvarig resultat<br \/>\u2022 Hud pleieingredienser<br \/>\u2022 Vegansk<\/p>\n","protected":false},"excerpt":{"rendered":"<p>Artdeco No Color Setting Powder 1 Transparent 12gTransparent og lysreflekterende pudder for alle hudtoner. Fikserer sminken, gir en matt finish og et langvarig resultat. Takket v\u00e6re unike ingredienser og teknologi tilpasser pudderet seg til alle typer lys, for str\u00e5lende hud i alle situasjoner! Den kremete teksturen med mikrofint pudder inneholder ogs\u00e5 hudpleieingredienser: Irsk mose, mineralrikt [&hellip;]<\/p>\n","protected":false},"featured_media":405393,"comment_status":"open","ping_status":"closed","template":"","meta":{"_trash_the_other_posts":false},"product_brand":[],"product_cat":[1005,606],"product_tag":[],"berocket_brand":[1385],"class_list":{"0":"post-405407","1":"product","2":"type-product","3":"status-publish","4":"has-post-thumbnail","6":"product_cat-outlet","7":"product_cat-pudder","8":"pa_brand-artdeco","9":"berocket_brand-artdeco","11":"first","12":"instock","13":"sale","14":"taxable","15":"shipping-taxable","16":"purchasable","17":"product-type-simple"},"_links":{"self":[{"href":"https:\/\/stylingagenten.com\/no\/wp-json\/wp\/v2\/product\/405407","targetHints":{"allow":["GET"]}}],"collection":[{"href":"https:\/\/stylingagenten.com\/no\/wp-json\/wp\/v2\/product"}],"about":[{"href":"https:\/\/stylingagenten.com\/no\/wp-json\/wp\/v2\/types\/product"}],"replies":[{"embeddable":true,"href":"https:\/\/stylingagenten.com\/no\/wp-json\/wp\/v2\/comments?post=405407"}],"version-history":[{"count":0,"href":"https:\/\/stylingagenten.com\/no\/wp-json\/wp\/v2\/product\/405407\/revisions"}],"wp:featuredmedia":[{"embeddable":true,"href":"https:\/\/stylingagenten.com\/no\/wp-json\/wp\/v2\/media\/405393"}],"wp:attachment":[{"href":"https:\/\/stylingagenten.com\/no\/wp-json\/wp\/v2\/media?parent=405407"}],"wp:term":[{"taxonomy":"product_brand","embeddable":true,"href":"https:\/\/stylingagenten.com\/no\/wp-json\/wp\/v2\/product_brand?post=405407"},{"taxonomy":"product_cat","embeddable":true,"href":"https:\/\/stylingagenten.com\/no\/wp-json\/wp\/v2\/product_cat?post=405407"},{"taxonomy":"product_tag","embeddable":true,"href":"https:\/\/stylingagenten.com\/no\/wp-json\/wp\/v2\/product_tag?post=405407"},{"taxonomy":"berocket_brand","embeddable":true,"href":"https:\/\/stylingagenten.com\/no\/wp-json\/wp\/v2\/berocket_brand?post=405407"}],"curies":[{"name":"wp","href":"https:\/\/api.w.org\/{rel}","templated":true}]}}