{"id":405390,"date":"2025-05-18T23:07:10","date_gmt":"2025-05-18T23:07:10","guid":{"rendered":"https:\/\/staging2.stylingagenten.com\/no\/produkt\/artdeco-translucent-loose-powder-refill-02-light-8g\/"},"modified":"2026-02-20T11:26:41","modified_gmt":"2026-02-20T11:26:41","slug":"artdeco-translucent-loose-powder-refill-02-light-8g","status":"publish","type":"product","link":"https:\/\/stylingagenten.com\/no\/produkt\/artdeco-translucent-loose-powder-refill-02-light-8g\/","title":{"rendered":"Artdeco Translucent Loose Powder Refill 02 Light 8g"},"content":{"rendered":"<p>Translucent Loose Powder gjennomskinnelig l\u00f8s pudder fikserer makeup med et usynlig lag og etterlater huden glatt og frisk hele dagen. Pulver dekker enkelt og jevnt hele sminken, uten \u00e5 tynge den ned og uten \u00e5 forvrenge huden. Konsistensen inneholder ikke talkum, smelter og sitter lenge p\u00e5 huden. I tillegg kan gjennomsiktig l\u00f8st pulver erstattes med et reservebrett. Komponentene i det l\u00f8se pudderet gir huden en elegant og str\u00e5lende finish. Naturlig glimmer gir huden en silkematt effekt, og fester seg optimalt til huden. Risstivelse har talgabsorberende egenskaper. Inneholder vitamin E.<\/p>\n","protected":false},"excerpt":{"rendered":"<p>Translucent Loose Powder gjennomskinnelig l\u00f8s pudder fikserer makeup med et usynlig lag og etterlater huden glatt og frisk hele dagen. Pulver dekker enkelt og jevnt hele sminken, uten \u00e5 tynge den ned og uten \u00e5 forvrenge huden. Konsistensen inneholder ikke talkum, smelter og sitter lenge p\u00e5 huden. I tillegg kan gjennomsiktig l\u00f8st pulver erstattes med [&hellip;]<\/p>\n","protected":false},"featured_media":405386,"comment_status":"open","ping_status":"closed","template":"","meta":{"_trash_the_other_posts":false},"product_brand":[],"product_cat":[1005,606],"product_tag":[],"berocket_brand":[1385],"class_list":{"0":"post-405390","1":"product","2":"type-product","3":"status-publish","4":"has-post-thumbnail","6":"product_cat-outlet","7":"product_cat-pudder","8":"pa_brand-artdeco","9":"berocket_brand-artdeco","11":"first","12":"instock","13":"sale","14":"taxable","15":"shipping-taxable","16":"purchasable","17":"product-type-simple"},"_links":{"self":[{"href":"https:\/\/stylingagenten.com\/no\/wp-json\/wp\/v2\/product\/405390","targetHints":{"allow":["GET"]}}],"collection":[{"href":"https:\/\/stylingagenten.com\/no\/wp-json\/wp\/v2\/product"}],"about":[{"href":"https:\/\/stylingagenten.com\/no\/wp-json\/wp\/v2\/types\/product"}],"replies":[{"embeddable":true,"href":"https:\/\/stylingagenten.com\/no\/wp-json\/wp\/v2\/comments?post=405390"}],"version-history":[{"count":0,"href":"https:\/\/stylingagenten.com\/no\/wp-json\/wp\/v2\/product\/405390\/revisions"}],"wp:featuredmedia":[{"embeddable":true,"href":"https:\/\/stylingagenten.com\/no\/wp-json\/wp\/v2\/media\/405386"}],"wp:attachment":[{"href":"https:\/\/stylingagenten.com\/no\/wp-json\/wp\/v2\/media?parent=405390"}],"wp:term":[{"taxonomy":"product_brand","embeddable":true,"href":"https:\/\/stylingagenten.com\/no\/wp-json\/wp\/v2\/product_brand?post=405390"},{"taxonomy":"product_cat","embeddable":true,"href":"https:\/\/stylingagenten.com\/no\/wp-json\/wp\/v2\/product_cat?post=405390"},{"taxonomy":"product_tag","embeddable":true,"href":"https:\/\/stylingagenten.com\/no\/wp-json\/wp\/v2\/product_tag?post=405390"},{"taxonomy":"berocket_brand","embeddable":true,"href":"https:\/\/stylingagenten.com\/no\/wp-json\/wp\/v2\/berocket_brand?post=405390"}],"curies":[{"name":"wp","href":"https:\/\/api.w.org\/{rel}","templated":true}]}}