{"id":405369,"date":"2025-05-18T23:07:06","date_gmt":"2025-05-18T23:07:06","guid":{"rendered":"https:\/\/staging2.stylingagenten.com\/no\/produkt\/artdeco-high-definition-compact-powder-22-medium-honey-beige-10g\/"},"modified":"2026-03-24T16:37:49","modified_gmt":"2026-03-24T16:37:49","slug":"artdeco-high-definition-compact-powder-22-medium-honey-beige-10g","status":"publish","type":"product","link":"https:\/\/stylingagenten.com\/no\/produkt\/artdeco-high-definition-compact-powder-22-medium-honey-beige-10g\/","title":{"rendered":"Artdeco High Definition Compact Powder 22 Medium Honey Beige 10g"},"content":{"rendered":"<p>High Definition Compact Powder har en silkeaktig tekstur som blander seg med huden, det er knapt synlig selv p\u00e5 n\u00e6rt hold! Den myke og lette formelen er lett \u00e5 p\u00e5f\u00f8re, og huden forblir matt takket v\u00e6re oljeabsorberende egenskaper. M\u00f8rke ringer, rynker og ujevnheter skjules takket v\u00e6re lysreflekterende pigmenter.<\/p>\n<p>\u2022 Silkeaktig tekstur som blander seg med huden<br \/>\u2022 Oljeabsorberende egenskaper for mat hud<br \/>\u2022 Lysreflekterende pigmenter skjuler m\u00f8rke sirkler, rynker og ujevnheter<br \/>\u2022 Vegansk<\/p>\n","protected":false},"excerpt":{"rendered":"<p>High Definition Compact Powder har en silkeaktig tekstur som blander seg med huden, det er knapt synlig selv p\u00e5 n\u00e6rt hold! Den myke og lette formelen er lett \u00e5 p\u00e5f\u00f8re, og huden forblir matt takket v\u00e6re oljeabsorberende egenskaper. M\u00f8rke ringer, rynker og ujevnheter skjules takket v\u00e6re lysreflekterende pigmenter. \u2022 Silkeaktig tekstur som blander seg med [&hellip;]<\/p>\n","protected":false},"featured_media":405356,"comment_status":"open","ping_status":"closed","template":"","meta":{"_trash_the_other_posts":false},"product_brand":[],"product_cat":[1005,606],"product_tag":[2433],"berocket_brand":[1385],"class_list":{"0":"post-405369","1":"product","2":"type-product","3":"status-publish","4":"has-post-thumbnail","6":"product_cat-outlet","7":"product_cat-pudder","8":"product_tag-artdeco-high-definition-compact-powder-10g","9":"pa_brand-artdeco","10":"pa_variant-22-medium-honey-beige","11":"berocket_brand-artdeco","13":"first","14":"outofstock","15":"sale","16":"taxable","17":"shipping-taxable","18":"purchasable","19":"product-type-simple"},"_links":{"self":[{"href":"https:\/\/stylingagenten.com\/no\/wp-json\/wp\/v2\/product\/405369","targetHints":{"allow":["GET"]}}],"collection":[{"href":"https:\/\/stylingagenten.com\/no\/wp-json\/wp\/v2\/product"}],"about":[{"href":"https:\/\/stylingagenten.com\/no\/wp-json\/wp\/v2\/types\/product"}],"replies":[{"embeddable":true,"href":"https:\/\/stylingagenten.com\/no\/wp-json\/wp\/v2\/comments?post=405369"}],"version-history":[{"count":0,"href":"https:\/\/stylingagenten.com\/no\/wp-json\/wp\/v2\/product\/405369\/revisions"}],"wp:featuredmedia":[{"embeddable":true,"href":"https:\/\/stylingagenten.com\/no\/wp-json\/wp\/v2\/media\/405356"}],"wp:attachment":[{"href":"https:\/\/stylingagenten.com\/no\/wp-json\/wp\/v2\/media?parent=405369"}],"wp:term":[{"taxonomy":"product_brand","embeddable":true,"href":"https:\/\/stylingagenten.com\/no\/wp-json\/wp\/v2\/product_brand?post=405369"},{"taxonomy":"product_cat","embeddable":true,"href":"https:\/\/stylingagenten.com\/no\/wp-json\/wp\/v2\/product_cat?post=405369"},{"taxonomy":"product_tag","embeddable":true,"href":"https:\/\/stylingagenten.com\/no\/wp-json\/wp\/v2\/product_tag?post=405369"},{"taxonomy":"berocket_brand","embeddable":true,"href":"https:\/\/stylingagenten.com\/no\/wp-json\/wp\/v2\/berocket_brand?post=405369"}],"curies":[{"name":"wp","href":"https:\/\/api.w.org\/{rel}","templated":true}]}}