{"id":405342,"date":"2025-05-18T23:07:01","date_gmt":"2025-05-18T23:07:01","guid":{"rendered":"https:\/\/staging2.stylingagenten.com\/no\/produkt\/bareminerals-original-mineral-veil-pressed-setting-powder-sheer-medium\/"},"modified":"2026-04-09T22:38:52","modified_gmt":"2026-04-09T22:38:52","slug":"bareminerals-original-mineral-veil-pressed-setting-powder-sheer-medium","status":"publish","type":"product","link":"https:\/\/stylingagenten.com\/no\/produkt\/bareminerals-original-mineral-veil-pressed-setting-powder-sheer-medium\/","title":{"rendered":"BareMinerals Original Mineral Veil Pressed Setting Powder Sheer Medium"},"content":{"rendered":"<p>Original Mineral Veil Pressed Setting Powder er et lett pudder som fikserer og forlenger holdbarheten til sminken samtidig som det forbedrer hudens utseende. Dette settingpudderet er klinisk bevist \u00e5 redusere utseendet av porer over tid. Den uskarp umiddelbart utseendet til ufullkommenheter og gir huden en myk matt finish &#8211; ingen filter n\u00f8dvendig. Den inneholder n\u00e6rende, pleiende shea- og kakaosm\u00f8r og vitamin E som beskytter mot milj\u00f8stressfaktorer.<\/p>\n<p>Pr\u00f8vingspuff inkludert som er perfekt for touchups i l\u00f8pet av dagen.<br \/>&#8211; Vegansk<br \/>&#8211; Fri for talkum, formaldehyd , syntetisk duft og gluten<br \/>&#8211; Dermatologisk testet<br \/>&#8211; Hypoallergen<br \/>&#8211; Ikke-komedogent<\/p>\n","protected":false},"excerpt":{"rendered":"<p>Original Mineral Veil Pressed Setting Powder er et lett pudder som fikserer og forlenger holdbarheten til sminken samtidig som det forbedrer hudens utseende. Dette settingpudderet er klinisk bevist \u00e5 redusere utseendet av porer over tid. Den uskarp umiddelbart utseendet til ufullkommenheter og gir huden en myk matt finish &#8211; ingen filter n\u00f8dvendig. Den inneholder n\u00e6rende, [&hellip;]<\/p>\n","protected":false},"featured_media":405320,"comment_status":"open","ping_status":"closed","template":"","meta":{"_trash_the_other_posts":false},"product_brand":[],"product_cat":[606],"product_tag":[2475],"berocket_brand":[1256],"class_list":{"0":"post-405342","1":"product","2":"type-product","3":"status-publish","4":"has-post-thumbnail","6":"product_cat-pudder","7":"product_tag-bareminerals-original-mineral-veil-pressed-setting-powder","8":"pa_brand-bareminerals","9":"pa_variant-sheer-medium","10":"berocket_brand-bareminerals","12":"first","13":"outofstock","14":"sale","15":"taxable","16":"shipping-taxable","17":"purchasable","18":"product-type-simple"},"_links":{"self":[{"href":"https:\/\/stylingagenten.com\/no\/wp-json\/wp\/v2\/product\/405342","targetHints":{"allow":["GET"]}}],"collection":[{"href":"https:\/\/stylingagenten.com\/no\/wp-json\/wp\/v2\/product"}],"about":[{"href":"https:\/\/stylingagenten.com\/no\/wp-json\/wp\/v2\/types\/product"}],"replies":[{"embeddable":true,"href":"https:\/\/stylingagenten.com\/no\/wp-json\/wp\/v2\/comments?post=405342"}],"version-history":[{"count":0,"href":"https:\/\/stylingagenten.com\/no\/wp-json\/wp\/v2\/product\/405342\/revisions"}],"wp:featuredmedia":[{"embeddable":true,"href":"https:\/\/stylingagenten.com\/no\/wp-json\/wp\/v2\/media\/405320"}],"wp:attachment":[{"href":"https:\/\/stylingagenten.com\/no\/wp-json\/wp\/v2\/media?parent=405342"}],"wp:term":[{"taxonomy":"product_brand","embeddable":true,"href":"https:\/\/stylingagenten.com\/no\/wp-json\/wp\/v2\/product_brand?post=405342"},{"taxonomy":"product_cat","embeddable":true,"href":"https:\/\/stylingagenten.com\/no\/wp-json\/wp\/v2\/product_cat?post=405342"},{"taxonomy":"product_tag","embeddable":true,"href":"https:\/\/stylingagenten.com\/no\/wp-json\/wp\/v2\/product_tag?post=405342"},{"taxonomy":"berocket_brand","embeddable":true,"href":"https:\/\/stylingagenten.com\/no\/wp-json\/wp\/v2\/berocket_brand?post=405342"}],"curies":[{"name":"wp","href":"https:\/\/api.w.org\/{rel}","templated":true}]}}