{"id":405340,"date":"2025-05-18T23:07:01","date_gmt":"2025-05-18T23:07:01","guid":{"rendered":"https:\/\/staging2.stylingagenten.com\/no\/produkt\/max-factor-creme-puff-14-golden-beige\/"},"modified":"2026-03-24T06:27:52","modified_gmt":"2026-03-24T06:27:52","slug":"max-factor-creme-puff-14-golden-beige","status":"publish","type":"product","link":"https:\/\/stylingagenten.com\/no\/produkt\/max-factor-creme-puff-14-golden-beige\/","title":{"rendered":"Max Factor Creme Puff 14 Golden Beige"},"content":{"rendered":"<p>\u00c5 oppn\u00e5 glamor\u00f8s hud er enkelt med dette pudderet. Max Factor Creme Puff 14 Golden Beige gir en luksuri\u00f8s full dekke-effekt. Det er perfekt for alle hudtyper og gir et feilfritt resultat med en myk, subtil glans takket v\u00e6re millioner av lysreflekterende partikler.<\/p>\n<p>Bruk: Tips fra makeupartisten; Creme Puff kan brukes b\u00e5de som en ekstra matt variant av vanlig foundation p\u00e5 godt fuktet hud, eller \u2013 for de som foretrekker det \u2013 p\u00e5f\u00f8rt over foundation som et dekkende pudder.<\/p>\n","protected":false},"excerpt":{"rendered":"<p>\u00c5 oppn\u00e5 glamor\u00f8s hud er enkelt med dette pudderet. Max Factor Creme Puff 14 Golden Beige gir en luksuri\u00f8s full dekke-effekt. Det er perfekt for alle hudtyper og gir et feilfritt resultat med en myk, subtil glans takket v\u00e6re millioner av lysreflekterende partikler. Bruk: Tips fra makeupartisten; Creme Puff kan brukes b\u00e5de som en ekstra [&hellip;]<\/p>\n","protected":false},"featured_media":405331,"comment_status":"open","ping_status":"closed","template":"","meta":{"_trash_the_other_posts":false},"product_brand":[],"product_cat":[606],"product_tag":[3467],"berocket_brand":[1013],"class_list":{"0":"post-405340","1":"product","2":"type-product","3":"status-publish","4":"has-post-thumbnail","6":"product_cat-pudder","7":"product_tag-max-factor-creme-puff","8":"pa_brand-max-factor","9":"pa_variant-14-golden-beige","10":"berocket_brand-max-factor","12":"first","13":"instock","14":"sale","15":"taxable","16":"shipping-taxable","17":"purchasable","18":"product-type-simple"},"_links":{"self":[{"href":"https:\/\/stylingagenten.com\/no\/wp-json\/wp\/v2\/product\/405340","targetHints":{"allow":["GET"]}}],"collection":[{"href":"https:\/\/stylingagenten.com\/no\/wp-json\/wp\/v2\/product"}],"about":[{"href":"https:\/\/stylingagenten.com\/no\/wp-json\/wp\/v2\/types\/product"}],"replies":[{"embeddable":true,"href":"https:\/\/stylingagenten.com\/no\/wp-json\/wp\/v2\/comments?post=405340"}],"version-history":[{"count":0,"href":"https:\/\/stylingagenten.com\/no\/wp-json\/wp\/v2\/product\/405340\/revisions"}],"wp:featuredmedia":[{"embeddable":true,"href":"https:\/\/stylingagenten.com\/no\/wp-json\/wp\/v2\/media\/405331"}],"wp:attachment":[{"href":"https:\/\/stylingagenten.com\/no\/wp-json\/wp\/v2\/media?parent=405340"}],"wp:term":[{"taxonomy":"product_brand","embeddable":true,"href":"https:\/\/stylingagenten.com\/no\/wp-json\/wp\/v2\/product_brand?post=405340"},{"taxonomy":"product_cat","embeddable":true,"href":"https:\/\/stylingagenten.com\/no\/wp-json\/wp\/v2\/product_cat?post=405340"},{"taxonomy":"product_tag","embeddable":true,"href":"https:\/\/stylingagenten.com\/no\/wp-json\/wp\/v2\/product_tag?post=405340"},{"taxonomy":"berocket_brand","embeddable":true,"href":"https:\/\/stylingagenten.com\/no\/wp-json\/wp\/v2\/berocket_brand?post=405340"}],"curies":[{"name":"wp","href":"https:\/\/api.w.org\/{rel}","templated":true}]}}