{"id":405321,"date":"2025-05-18T23:06:57","date_gmt":"2025-05-18T23:06:57","guid":{"rendered":"https:\/\/staging2.stylingagenten.com\/no\/produkt\/wet-n-wild-photo-focus-loose-setting-powder-banana-20g\/"},"modified":"2025-12-18T21:59:10","modified_gmt":"2025-12-18T21:59:10","slug":"wet-n-wild-photo-focus-loose-setting-powder-banana-20g","status":"publish","type":"product","link":"https:\/\/stylingagenten.com\/no\/produkt\/wet-n-wild-photo-focus-loose-setting-powder-banana-20g\/","title":{"rendered":"Wet n Wild Photo Focus Loose Setting Powder Banana 20g"},"content":{"rendered":"<p>Wet n Wild Photo Focus Loose Setting Powder Banana er et silkemykt og vektl\u00f8st fikseringspudder som kan brukes til \u00e5 matte ned huden, absorbere olje, &laquo;bake&raquo; sminke og holde den p\u00e5 plass. P\u00e5f\u00f8r etter foundation for en soft focus-effekt og for \u00e5 viske ut fine linjer og ujevnheter.<\/p>\n<p>20 g<\/p>\n","protected":false},"excerpt":{"rendered":"<p>Wet n Wild Photo Focus Loose Setting Powder Banana er et silkemykt og vektl\u00f8st fikseringspudder som kan brukes til \u00e5 matte ned huden, absorbere olje, &laquo;bake&raquo; sminke og holde den p\u00e5 plass. P\u00e5f\u00f8r etter foundation for en soft focus-effekt og for \u00e5 viske ut fine linjer og ujevnheter. 20 g<\/p>\n","protected":false},"featured_media":405312,"comment_status":"open","ping_status":"closed","template":"","meta":{"_trash_the_other_posts":false},"product_brand":[],"product_cat":[606],"product_tag":[4106],"berocket_brand":[1035],"class_list":{"0":"post-405321","1":"product","2":"type-product","3":"status-publish","4":"has-post-thumbnail","6":"product_cat-pudder","7":"product_tag-wet-n-wild-photo-focus-loose-setting-powder-20g","8":"pa_brand-wet-n-wild","9":"pa_variant-banana","10":"berocket_brand-wet-n-wild","12":"first","13":"instock","14":"sale","15":"taxable","16":"shipping-taxable","17":"purchasable","18":"product-type-simple"},"_links":{"self":[{"href":"https:\/\/stylingagenten.com\/no\/wp-json\/wp\/v2\/product\/405321","targetHints":{"allow":["GET"]}}],"collection":[{"href":"https:\/\/stylingagenten.com\/no\/wp-json\/wp\/v2\/product"}],"about":[{"href":"https:\/\/stylingagenten.com\/no\/wp-json\/wp\/v2\/types\/product"}],"replies":[{"embeddable":true,"href":"https:\/\/stylingagenten.com\/no\/wp-json\/wp\/v2\/comments?post=405321"}],"version-history":[{"count":0,"href":"https:\/\/stylingagenten.com\/no\/wp-json\/wp\/v2\/product\/405321\/revisions"}],"wp:featuredmedia":[{"embeddable":true,"href":"https:\/\/stylingagenten.com\/no\/wp-json\/wp\/v2\/media\/405312"}],"wp:attachment":[{"href":"https:\/\/stylingagenten.com\/no\/wp-json\/wp\/v2\/media?parent=405321"}],"wp:term":[{"taxonomy":"product_brand","embeddable":true,"href":"https:\/\/stylingagenten.com\/no\/wp-json\/wp\/v2\/product_brand?post=405321"},{"taxonomy":"product_cat","embeddable":true,"href":"https:\/\/stylingagenten.com\/no\/wp-json\/wp\/v2\/product_cat?post=405321"},{"taxonomy":"product_tag","embeddable":true,"href":"https:\/\/stylingagenten.com\/no\/wp-json\/wp\/v2\/product_tag?post=405321"},{"taxonomy":"berocket_brand","embeddable":true,"href":"https:\/\/stylingagenten.com\/no\/wp-json\/wp\/v2\/berocket_brand?post=405321"}],"curies":[{"name":"wp","href":"https:\/\/api.w.org\/{rel}","templated":true}]}}