{"id":405272,"date":"2025-05-18T23:06:47","date_gmt":"2025-05-18T23:06:47","guid":{"rendered":"https:\/\/staging2.stylingagenten.com\/no\/produkt\/kokie-so-matte-mattifying-foundation-primer-20ml\/"},"modified":"2026-03-25T05:28:47","modified_gmt":"2026-03-25T05:28:47","slug":"kokie-so-matte-mattifying-foundation-primer-20ml","status":"publish","type":"product","link":"https:\/\/stylingagenten.com\/no\/produkt\/kokie-so-matte-mattifying-foundation-primer-20ml\/","title":{"rendered":"Kokie So Matte Mattifying Foundation Primer 20ml"},"content":{"rendered":"<p>Kokie So Matte Mattifying Foundation Primer balanserer glanset hud og forbereder seg p\u00e5 en jevn p\u00e5f\u00f8ring av foundation.<br \/>Primeren inneholder antioksidanter som CoQ10 (ubiquinone) for \u00e5 gi oppkalling og beskytte huden.<\/p>\n","protected":false},"excerpt":{"rendered":"<p>Kokie So Matte Mattifying Foundation Primer balanserer glanset hud og forbereder seg p\u00e5 en jevn p\u00e5f\u00f8ring av foundation.Primeren inneholder antioksidanter som CoQ10 (ubiquinone) for \u00e5 gi oppkalling og beskytte huden.<\/p>\n","protected":false},"featured_media":405265,"comment_status":"open","ping_status":"closed","template":"","meta":{"_trash_the_other_posts":false},"product_brand":[],"product_cat":[598],"product_tag":[],"berocket_brand":[1198],"class_list":{"0":"post-405272","1":"product","2":"type-product","3":"status-publish","4":"has-post-thumbnail","6":"product_cat-primer","7":"pa_brand-kokie-cosmetics","8":"berocket_brand-kokie-cosmetics","10":"first","11":"instock","12":"taxable","13":"shipping-taxable","14":"purchasable","15":"product-type-simple"},"_links":{"self":[{"href":"https:\/\/stylingagenten.com\/no\/wp-json\/wp\/v2\/product\/405272","targetHints":{"allow":["GET"]}}],"collection":[{"href":"https:\/\/stylingagenten.com\/no\/wp-json\/wp\/v2\/product"}],"about":[{"href":"https:\/\/stylingagenten.com\/no\/wp-json\/wp\/v2\/types\/product"}],"replies":[{"embeddable":true,"href":"https:\/\/stylingagenten.com\/no\/wp-json\/wp\/v2\/comments?post=405272"}],"version-history":[{"count":0,"href":"https:\/\/stylingagenten.com\/no\/wp-json\/wp\/v2\/product\/405272\/revisions"}],"wp:featuredmedia":[{"embeddable":true,"href":"https:\/\/stylingagenten.com\/no\/wp-json\/wp\/v2\/media\/405265"}],"wp:attachment":[{"href":"https:\/\/stylingagenten.com\/no\/wp-json\/wp\/v2\/media?parent=405272"}],"wp:term":[{"taxonomy":"product_brand","embeddable":true,"href":"https:\/\/stylingagenten.com\/no\/wp-json\/wp\/v2\/product_brand?post=405272"},{"taxonomy":"product_cat","embeddable":true,"href":"https:\/\/stylingagenten.com\/no\/wp-json\/wp\/v2\/product_cat?post=405272"},{"taxonomy":"product_tag","embeddable":true,"href":"https:\/\/stylingagenten.com\/no\/wp-json\/wp\/v2\/product_tag?post=405272"},{"taxonomy":"berocket_brand","embeddable":true,"href":"https:\/\/stylingagenten.com\/no\/wp-json\/wp\/v2\/berocket_brand?post=405272"}],"curies":[{"name":"wp","href":"https:\/\/api.w.org\/{rel}","templated":true}]}}