{"id":405264,"date":"2025-05-18T23:06:45","date_gmt":"2025-05-18T23:06:45","guid":{"rendered":"https:\/\/staging2.stylingagenten.com\/no\/produkt\/makeup-revolution-hydrate-primer\/"},"modified":"2026-03-26T07:59:36","modified_gmt":"2026-03-26T07:59:36","slug":"makeup-revolution-hydrate-primer","status":"publish","type":"product","link":"https:\/\/stylingagenten.com\/no\/produkt\/makeup-revolution-hydrate-primer\/","title":{"rendered":"Makeup Revolution Hydrate Primer"},"content":{"rendered":"<p>Denne primeren er en perfekt boost for huden. En hurtigabsorberende, lett vannbasert primer som vil injisere huden din med vitamin E og hyaluronsyre for \u00e5 umiddelbart hydrere huden. Den klare, hvite v\u00e6sken trenger gjennom huden, og resulterer i en gl\u00f8dende hudfarge.<\/p>\n<p>Cruelty-Free&nbsp;<\/p>\n<p>28ml<\/p>\n","protected":false},"excerpt":{"rendered":"<p>Denne primeren er en perfekt boost for huden. En hurtigabsorberende, lett vannbasert primer som vil injisere huden din med vitamin E og hyaluronsyre for \u00e5 umiddelbart hydrere huden. Den klare, hvite v\u00e6sken trenger gjennom huden, og resulterer i en gl\u00f8dende hudfarge. Cruelty-Free&nbsp; 28ml<\/p>\n","protected":false},"featured_media":405257,"comment_status":"open","ping_status":"closed","template":"","meta":{"_trash_the_other_posts":false},"product_brand":[],"product_cat":[598],"product_tag":[],"berocket_brand":[1050],"class_list":{"0":"post-405264","1":"product","2":"type-product","3":"status-publish","4":"has-post-thumbnail","6":"product_cat-primer","7":"pa_brand-makeup-revolution","8":"berocket_brand-makeup-revolution","10":"first","11":"instock","12":"taxable","13":"shipping-taxable","14":"purchasable","15":"product-type-simple"},"_links":{"self":[{"href":"https:\/\/stylingagenten.com\/no\/wp-json\/wp\/v2\/product\/405264","targetHints":{"allow":["GET"]}}],"collection":[{"href":"https:\/\/stylingagenten.com\/no\/wp-json\/wp\/v2\/product"}],"about":[{"href":"https:\/\/stylingagenten.com\/no\/wp-json\/wp\/v2\/types\/product"}],"replies":[{"embeddable":true,"href":"https:\/\/stylingagenten.com\/no\/wp-json\/wp\/v2\/comments?post=405264"}],"version-history":[{"count":0,"href":"https:\/\/stylingagenten.com\/no\/wp-json\/wp\/v2\/product\/405264\/revisions"}],"wp:featuredmedia":[{"embeddable":true,"href":"https:\/\/stylingagenten.com\/no\/wp-json\/wp\/v2\/media\/405257"}],"wp:attachment":[{"href":"https:\/\/stylingagenten.com\/no\/wp-json\/wp\/v2\/media?parent=405264"}],"wp:term":[{"taxonomy":"product_brand","embeddable":true,"href":"https:\/\/stylingagenten.com\/no\/wp-json\/wp\/v2\/product_brand?post=405264"},{"taxonomy":"product_cat","embeddable":true,"href":"https:\/\/stylingagenten.com\/no\/wp-json\/wp\/v2\/product_cat?post=405264"},{"taxonomy":"product_tag","embeddable":true,"href":"https:\/\/stylingagenten.com\/no\/wp-json\/wp\/v2\/product_tag?post=405264"},{"taxonomy":"berocket_brand","embeddable":true,"href":"https:\/\/stylingagenten.com\/no\/wp-json\/wp\/v2\/berocket_brand?post=405264"}],"curies":[{"name":"wp","href":"https:\/\/api.w.org\/{rel}","templated":true}]}}