{"id":405056,"date":"2025-05-18T23:06:03","date_gmt":"2025-05-18T23:06:03","guid":{"rendered":"https:\/\/staging2.stylingagenten.com\/no\/produkt\/wet-n-wild-prime-focus-primer-serum-refine-pores-30ml\/"},"modified":"2025-12-02T11:42:40","modified_gmt":"2025-12-02T11:42:40","slug":"wet-n-wild-prime-focus-primer-serum-refine-pores-30ml","status":"publish","type":"product","link":"https:\/\/stylingagenten.com\/no\/produkt\/wet-n-wild-prime-focus-primer-serum-refine-pores-30ml\/","title":{"rendered":"Wet n Wild Prime Focus Primer Serum &#8211; Refine Pores 30ml"},"content":{"rendered":"<p>Wet n Wild Prime Focus Primer Serum &#8211; Refine Pores er en fuktighetsgivende primer som minimerer porene og fikserer makeup. Forfiner hudstrukturen og gir en perfekt base for \u00e5 p\u00e5f\u00f8re sminke med en langvarig effekt.<\/p>\n<p>30ml<\/p>\n","protected":false},"excerpt":{"rendered":"<p>Wet n Wild Prime Focus Primer Serum &#8211; Refine Pores er en fuktighetsgivende primer som minimerer porene og fikserer makeup. Forfiner hudstrukturen og gir en perfekt base for \u00e5 p\u00e5f\u00f8re sminke med en langvarig effekt. 30ml<\/p>\n","protected":false},"featured_media":405043,"comment_status":"open","ping_status":"closed","template":"","meta":{"_trash_the_other_posts":false},"product_brand":[],"product_cat":[598],"product_tag":[],"berocket_brand":[1035],"class_list":{"0":"post-405056","1":"product","2":"type-product","3":"status-publish","4":"has-post-thumbnail","6":"product_cat-primer","7":"pa_brand-wet-n-wild","8":"berocket_brand-wet-n-wild","10":"first","11":"instock","12":"sale","13":"taxable","14":"shipping-taxable","15":"purchasable","16":"product-type-simple"},"_links":{"self":[{"href":"https:\/\/stylingagenten.com\/no\/wp-json\/wp\/v2\/product\/405056","targetHints":{"allow":["GET"]}}],"collection":[{"href":"https:\/\/stylingagenten.com\/no\/wp-json\/wp\/v2\/product"}],"about":[{"href":"https:\/\/stylingagenten.com\/no\/wp-json\/wp\/v2\/types\/product"}],"replies":[{"embeddable":true,"href":"https:\/\/stylingagenten.com\/no\/wp-json\/wp\/v2\/comments?post=405056"}],"version-history":[{"count":0,"href":"https:\/\/stylingagenten.com\/no\/wp-json\/wp\/v2\/product\/405056\/revisions"}],"wp:featuredmedia":[{"embeddable":true,"href":"https:\/\/stylingagenten.com\/no\/wp-json\/wp\/v2\/media\/405043"}],"wp:attachment":[{"href":"https:\/\/stylingagenten.com\/no\/wp-json\/wp\/v2\/media?parent=405056"}],"wp:term":[{"taxonomy":"product_brand","embeddable":true,"href":"https:\/\/stylingagenten.com\/no\/wp-json\/wp\/v2\/product_brand?post=405056"},{"taxonomy":"product_cat","embeddable":true,"href":"https:\/\/stylingagenten.com\/no\/wp-json\/wp\/v2\/product_cat?post=405056"},{"taxonomy":"product_tag","embeddable":true,"href":"https:\/\/stylingagenten.com\/no\/wp-json\/wp\/v2\/product_tag?post=405056"},{"taxonomy":"berocket_brand","embeddable":true,"href":"https:\/\/stylingagenten.com\/no\/wp-json\/wp\/v2\/berocket_brand?post=405056"}],"curies":[{"name":"wp","href":"https:\/\/api.w.org\/{rel}","templated":true}]}}