{"id":405030,"date":"2025-05-18T23:05:58","date_gmt":"2025-05-18T23:05:58","guid":{"rendered":"https:\/\/staging2.stylingagenten.com\/no\/produkt\/ga-ma-keration-line-elegance-hair-straightener-gi0208\/"},"modified":"2026-03-16T09:13:44","modified_gmt":"2026-03-16T09:13:44","slug":"ga-ma-keration-line-elegance-hair-straightener-gi0208","status":"publish","type":"product","link":"https:\/\/stylingagenten.com\/no\/produkt\/ga-ma-keration-line-elegance-hair-straightener-gi0208\/","title":{"rendered":"GA.MA Keration Line Elegance Hair Straightener GI0208"},"content":{"rendered":"<p>Keration Elegance er rettetangen designet med innovativ Micro Glitt-teknologi som beskytter h\u00e5rets naturlige keratin. Denne rettetangen har lange og oscillerende varmeplater (120 x 25 mm) for \u00e5 flate ut tykke lengder og forhindre at h\u00e5ret utsettes for skadelig varme. Elegance har en tynn, ergonomisk, lett og letth\u00e5ndterlig design og en knapp for \u00e5 l\u00e5se platen. &nbsp;<\/p>\n","protected":false},"excerpt":{"rendered":"<p>Keration Elegance er rettetangen designet med innovativ Micro Glitt-teknologi som beskytter h\u00e5rets naturlige keratin. Denne rettetangen har lange og oscillerende varmeplater (120 x 25 mm) for \u00e5 flate ut tykke lengder og forhindre at h\u00e5ret utsettes for skadelig varme. Elegance har en tynn, ergonomisk, lett og letth\u00e5ndterlig design og en knapp for \u00e5 l\u00e5se platen. [&hellip;]<\/p>\n","protected":false},"featured_media":405025,"comment_status":"open","ping_status":"closed","template":"","meta":{"_trash_the_other_posts":false},"product_brand":[],"product_cat":[589],"product_tag":[],"berocket_brand":[1320],"class_list":{"0":"post-405030","1":"product","2":"type-product","3":"status-publish","4":"has-post-thumbnail","6":"product_cat-rettetang","7":"pa_brand-gama","8":"berocket_brand-gama","10":"first","11":"instock","12":"sale","13":"taxable","14":"shipping-taxable","15":"purchasable","16":"product-type-simple"},"_links":{"self":[{"href":"https:\/\/stylingagenten.com\/no\/wp-json\/wp\/v2\/product\/405030","targetHints":{"allow":["GET"]}}],"collection":[{"href":"https:\/\/stylingagenten.com\/no\/wp-json\/wp\/v2\/product"}],"about":[{"href":"https:\/\/stylingagenten.com\/no\/wp-json\/wp\/v2\/types\/product"}],"replies":[{"embeddable":true,"href":"https:\/\/stylingagenten.com\/no\/wp-json\/wp\/v2\/comments?post=405030"}],"version-history":[{"count":0,"href":"https:\/\/stylingagenten.com\/no\/wp-json\/wp\/v2\/product\/405030\/revisions"}],"wp:featuredmedia":[{"embeddable":true,"href":"https:\/\/stylingagenten.com\/no\/wp-json\/wp\/v2\/media\/405025"}],"wp:attachment":[{"href":"https:\/\/stylingagenten.com\/no\/wp-json\/wp\/v2\/media?parent=405030"}],"wp:term":[{"taxonomy":"product_brand","embeddable":true,"href":"https:\/\/stylingagenten.com\/no\/wp-json\/wp\/v2\/product_brand?post=405030"},{"taxonomy":"product_cat","embeddable":true,"href":"https:\/\/stylingagenten.com\/no\/wp-json\/wp\/v2\/product_cat?post=405030"},{"taxonomy":"product_tag","embeddable":true,"href":"https:\/\/stylingagenten.com\/no\/wp-json\/wp\/v2\/product_tag?post=405030"},{"taxonomy":"berocket_brand","embeddable":true,"href":"https:\/\/stylingagenten.com\/no\/wp-json\/wp\/v2\/berocket_brand?post=405030"}],"curies":[{"name":"wp","href":"https:\/\/api.w.org\/{rel}","templated":true}]}}