{"id":405018,"date":"2025-05-18T23:05:55","date_gmt":"2025-05-18T23:05:55","guid":{"rendered":"https:\/\/staging2.stylingagenten.com\/no\/produkt\/wet-n-wild-megalast-eyeshadow-primer-10ml\/"},"modified":"2025-12-18T21:59:06","modified_gmt":"2025-12-18T21:59:06","slug":"wet-n-wild-megalast-eyeshadow-primer-10ml","status":"publish","type":"product","link":"https:\/\/stylingagenten.com\/no\/produkt\/wet-n-wild-megalast-eyeshadow-primer-10ml\/","title":{"rendered":"Wet n Wild Megalast Eyeshadow Primer 10ml"},"content":{"rendered":"<p>Wet n Wild Megalast Eyeshadow Primer er beriket med vitamin E og forbereder \u00f8yelokkene dine for \u00e5 sette \u00f8yenskyggen. Enkel \u00e5 p\u00e5f\u00f8re, den gir en gjennomsiktig finish og holder \u00f8yenskyggen p\u00e5 plass.<br \/>\n<br \/>10 ml<\/p>\n","protected":false},"excerpt":{"rendered":"<p>Wet n Wild Megalast Eyeshadow Primer er beriket med vitamin E og forbereder \u00f8yelokkene dine for \u00e5 sette \u00f8yenskyggen. Enkel \u00e5 p\u00e5f\u00f8re, den gir en gjennomsiktig finish og holder \u00f8yenskyggen p\u00e5 plass. 10 ml<\/p>\n","protected":false},"featured_media":405002,"comment_status":"open","ping_status":"closed","template":"","meta":{"_trash_the_other_posts":false},"product_brand":[],"product_cat":[593],"product_tag":[],"berocket_brand":[1035],"class_list":{"0":"post-405018","1":"product","2":"type-product","3":"status-publish","4":"has-post-thumbnail","6":"product_cat-oyeprimer","7":"pa_brand-wet-n-wild","8":"berocket_brand-wet-n-wild","10":"first","11":"instock","12":"sale","13":"taxable","14":"shipping-taxable","15":"purchasable","16":"product-type-simple"},"_links":{"self":[{"href":"https:\/\/stylingagenten.com\/no\/wp-json\/wp\/v2\/product\/405018","targetHints":{"allow":["GET"]}}],"collection":[{"href":"https:\/\/stylingagenten.com\/no\/wp-json\/wp\/v2\/product"}],"about":[{"href":"https:\/\/stylingagenten.com\/no\/wp-json\/wp\/v2\/types\/product"}],"replies":[{"embeddable":true,"href":"https:\/\/stylingagenten.com\/no\/wp-json\/wp\/v2\/comments?post=405018"}],"version-history":[{"count":0,"href":"https:\/\/stylingagenten.com\/no\/wp-json\/wp\/v2\/product\/405018\/revisions"}],"wp:featuredmedia":[{"embeddable":true,"href":"https:\/\/stylingagenten.com\/no\/wp-json\/wp\/v2\/media\/405002"}],"wp:attachment":[{"href":"https:\/\/stylingagenten.com\/no\/wp-json\/wp\/v2\/media?parent=405018"}],"wp:term":[{"taxonomy":"product_brand","embeddable":true,"href":"https:\/\/stylingagenten.com\/no\/wp-json\/wp\/v2\/product_brand?post=405018"},{"taxonomy":"product_cat","embeddable":true,"href":"https:\/\/stylingagenten.com\/no\/wp-json\/wp\/v2\/product_cat?post=405018"},{"taxonomy":"product_tag","embeddable":true,"href":"https:\/\/stylingagenten.com\/no\/wp-json\/wp\/v2\/product_tag?post=405018"},{"taxonomy":"berocket_brand","embeddable":true,"href":"https:\/\/stylingagenten.com\/no\/wp-json\/wp\/v2\/berocket_brand?post=405018"}],"curies":[{"name":"wp","href":"https:\/\/api.w.org\/{rel}","templated":true}]}}