{"id":404994,"date":"2025-05-18T23:05:50","date_gmt":"2025-05-18T23:05:50","guid":{"rendered":"https:\/\/staging2.stylingagenten.com\/no\/produkt\/remington-pro-sleek-curl\/"},"modified":"2026-03-31T23:18:38","modified_gmt":"2026-03-31T23:18:38","slug":"remington-pro-sleek-curl","status":"publish","type":"product","link":"https:\/\/stylingagenten.com\/no\/produkt\/remington-pro-sleek-curl\/","title":{"rendered":"Remington PRO-Sleek &amp; Curl"},"content":{"rendered":"<p>Remington PRO-sleek &amp; curl har et avansert keramisk belegg med turmalin som motvirker statisk elektrisitet og de 110 mm lange platene glir lett gjennom h\u00e5ret. De avrundede kantene gj\u00f8r det lettere om du \u00f8nsker \u00e5 kr\u00f8lle h\u00e5ret og den ribbede undersiden s\u00f8rger for at h\u00e5ret ikke faller av. <br \/>Med en justerbar temperatur mellom 150-230\u00b0C, kan du skreddersy varmen for \u00e5 passe din h\u00e5rtype. Et digitalt display viser ogs\u00e5 innstillingen slik at du alltid har kontroll over den og n\u00e5r du har n\u00e5dd perfekt temperatur er det en minnefunksjon som l\u00e5ser innstillingen til neste gang du sl\u00e5r p\u00e5 rettetangen<\/p>\n<p>Funksjoner<br \/> \u2022Avansert keramisk Ultra Tourmaline-belegg gir jevn glid under styling<br \/>\u2022Digital skjerm med 9 varmeinnstillinger, 150-230\u00b0C<br \/>\u2022Rask oppvarming, 15 sekunder<br \/>\u2022110 mm lange fleksible flytende plater for rask styling og jevnt trykk <br \/>\u2022Turbofunksjon og l\u00e5seenhet<br \/>\u2022Minnefunksjon<br \/>\u2022Automatisk avstenging etter 60 minutter<br \/>\u2022Universell spenningsjustering<br \/>\u2022Dreibar ledning<br \/>\u2022Varmebestandig lagring bag<\/p>\n","protected":false},"excerpt":{"rendered":"<p>Remington PRO-sleek &amp; curl har et avansert keramisk belegg med turmalin som motvirker statisk elektrisitet og de 110 mm lange platene glir lett gjennom h\u00e5ret. De avrundede kantene gj\u00f8r det lettere om du \u00f8nsker \u00e5 kr\u00f8lle h\u00e5ret og den ribbede undersiden s\u00f8rger for at h\u00e5ret ikke faller av. Med en justerbar temperatur mellom 150-230\u00b0C, kan [&hellip;]<\/p>\n","protected":false},"featured_media":404984,"comment_status":"open","ping_status":"closed","template":"","meta":{"_trash_the_other_posts":false},"product_brand":[],"product_cat":[589],"product_tag":[],"berocket_brand":[1272],"class_list":{"0":"post-404994","1":"product","2":"type-product","3":"status-publish","4":"has-post-thumbnail","6":"product_cat-rettetang","7":"pa_brand-remington","8":"berocket_brand-remington","10":"first","11":"outofstock","12":"sale","13":"taxable","14":"shipping-taxable","15":"purchasable","16":"product-type-simple"},"_links":{"self":[{"href":"https:\/\/stylingagenten.com\/no\/wp-json\/wp\/v2\/product\/404994","targetHints":{"allow":["GET"]}}],"collection":[{"href":"https:\/\/stylingagenten.com\/no\/wp-json\/wp\/v2\/product"}],"about":[{"href":"https:\/\/stylingagenten.com\/no\/wp-json\/wp\/v2\/types\/product"}],"replies":[{"embeddable":true,"href":"https:\/\/stylingagenten.com\/no\/wp-json\/wp\/v2\/comments?post=404994"}],"version-history":[{"count":0,"href":"https:\/\/stylingagenten.com\/no\/wp-json\/wp\/v2\/product\/404994\/revisions"}],"wp:featuredmedia":[{"embeddable":true,"href":"https:\/\/stylingagenten.com\/no\/wp-json\/wp\/v2\/media\/404984"}],"wp:attachment":[{"href":"https:\/\/stylingagenten.com\/no\/wp-json\/wp\/v2\/media?parent=404994"}],"wp:term":[{"taxonomy":"product_brand","embeddable":true,"href":"https:\/\/stylingagenten.com\/no\/wp-json\/wp\/v2\/product_brand?post=404994"},{"taxonomy":"product_cat","embeddable":true,"href":"https:\/\/stylingagenten.com\/no\/wp-json\/wp\/v2\/product_cat?post=404994"},{"taxonomy":"product_tag","embeddable":true,"href":"https:\/\/stylingagenten.com\/no\/wp-json\/wp\/v2\/product_tag?post=404994"},{"taxonomy":"berocket_brand","embeddable":true,"href":"https:\/\/stylingagenten.com\/no\/wp-json\/wp\/v2\/berocket_brand?post=404994"}],"curies":[{"name":"wp","href":"https:\/\/api.w.org\/{rel}","templated":true}]}}