{"id":404987,"date":"2025-05-18T23:05:48","date_gmt":"2025-05-18T23:05:48","guid":{"rendered":"https:\/\/staging2.stylingagenten.com\/no\/produkt\/remington-proluxe-straightener\/"},"modified":"2026-03-24T09:37:35","modified_gmt":"2026-03-24T09:37:35","slug":"remington-proluxe-straightener","status":"publish","type":"product","link":"https:\/\/stylingagenten.com\/no\/produkt\/remington-proluxe-straightener\/","title":{"rendered":"Remington PROluxe Straightener"},"content":{"rendered":"<p>Remington Proluxe rettetang &#8211; For langvarig styling<br \/>De keramiske platene har et belegg som glir lett gjennom h\u00e5ret og resulterer i et h\u00e5r som ser sunt og vakkert ut. Slanke og 110 mm lange flytende plater s\u00f8rger for jevnt trykk p\u00e5 h\u00e5ret og det digitale displayet lar deg velge mellom ni temperaturinnstillinger mellom 150-230\u00b0c. PRO+-innstillingen (185\u00b0c) s\u00f8rger for at du bruker optimal temperatur og OptiHeat-teknologien med en temperatursensor som regelmessig leser av temperaturen og s\u00f8rger for at det er den temperaturen du har valgt og at det er en jevn varmefordeling over hele platene .<br \/>Temperaturl\u00e5sen lar deg enkelt l\u00e5se temperaturen din og de gj\u00f8res ved \u00e5 holde nede minusknappen i noen sekunder til en hengel\u00e5s vises p\u00e5 displayet, du deaktiverer temperaturl\u00e5sen ved \u00e5 holde nede minusknappen igjen. Minnefunksjonen husker sist valgte temperatur.<br \/>Strykjernet har 10 sekunders oppvarmingstid og en 3m lang ledning med roterbar ledningsholder, spenningsjustering for hele verden og for din sikkerhet har den en automatisk avstengning etter 60 minutter og en varmebestandig oppbevaringspose.<\/p>\n<p> \u2022 Intelligent OptiHeat-teknologi gir varme der det trengs mest for lengre holdbarhet**<br \/>\u2022 Salongresultater som varer hele dagen<br \/>\u2022 5 ganger bedre glid *<br \/>\u2022 Digital temperaturvisning<br \/>\u2022 Justerbar temperatur mellom 150-230 \u00b0C<br \/>\u2022 Pro+-innstilling &#8211; en lavere temperatur p\u00e5 185\u00b0C for en sk\u00e5nsom styling<br \/>\u2022 Rask oppvarming, klar til bruk p\u00e5 10 sekunder.<br \/>\u2022 Lengre plater, 110 mm<br \/>\u2022 Temperaturl\u00e5s<br \/> \u2022 L\u00e5s platene for enklere oppbevaring<br \/>\u2022 Automatisk deaktivering etter 60 minutter<br \/>\u2022 En luksuri\u00f8s oppbevaringspose<br \/>\u2022 5 \u00e5rs garanti + 1 \u00e5r ved registrering p\u00e5 nett<br \/><em>*Sammenlignet med et standard keramisk belegg<br \/>**Sammenlignet med en standard Remington<\/em> flattang<\/p>\n","protected":false},"excerpt":{"rendered":"<p>Remington Proluxe rettetang &#8211; For langvarig stylingDe keramiske platene har et belegg som glir lett gjennom h\u00e5ret og resulterer i et h\u00e5r som ser sunt og vakkert ut. Slanke og 110 mm lange flytende plater s\u00f8rger for jevnt trykk p\u00e5 h\u00e5ret og det digitale displayet lar deg velge mellom ni temperaturinnstillinger mellom 150-230\u00b0c. PRO+-innstillingen (185\u00b0c) [&hellip;]<\/p>\n","protected":false},"featured_media":404979,"comment_status":"open","ping_status":"closed","template":"","meta":{"_trash_the_other_posts":false},"product_brand":[],"product_cat":[589],"product_tag":[],"berocket_brand":[1272],"class_list":{"0":"post-404987","1":"product","2":"type-product","3":"status-publish","4":"has-post-thumbnail","6":"product_cat-rettetang","7":"pa_brand-remington","8":"berocket_brand-remington","10":"first","11":"outofstock","12":"sale","13":"taxable","14":"shipping-taxable","15":"purchasable","16":"product-type-simple"},"_links":{"self":[{"href":"https:\/\/stylingagenten.com\/no\/wp-json\/wp\/v2\/product\/404987","targetHints":{"allow":["GET"]}}],"collection":[{"href":"https:\/\/stylingagenten.com\/no\/wp-json\/wp\/v2\/product"}],"about":[{"href":"https:\/\/stylingagenten.com\/no\/wp-json\/wp\/v2\/types\/product"}],"replies":[{"embeddable":true,"href":"https:\/\/stylingagenten.com\/no\/wp-json\/wp\/v2\/comments?post=404987"}],"version-history":[{"count":0,"href":"https:\/\/stylingagenten.com\/no\/wp-json\/wp\/v2\/product\/404987\/revisions"}],"wp:featuredmedia":[{"embeddable":true,"href":"https:\/\/stylingagenten.com\/no\/wp-json\/wp\/v2\/media\/404979"}],"wp:attachment":[{"href":"https:\/\/stylingagenten.com\/no\/wp-json\/wp\/v2\/media?parent=404987"}],"wp:term":[{"taxonomy":"product_brand","embeddable":true,"href":"https:\/\/stylingagenten.com\/no\/wp-json\/wp\/v2\/product_brand?post=404987"},{"taxonomy":"product_cat","embeddable":true,"href":"https:\/\/stylingagenten.com\/no\/wp-json\/wp\/v2\/product_cat?post=404987"},{"taxonomy":"product_tag","embeddable":true,"href":"https:\/\/stylingagenten.com\/no\/wp-json\/wp\/v2\/product_tag?post=404987"},{"taxonomy":"berocket_brand","embeddable":true,"href":"https:\/\/stylingagenten.com\/no\/wp-json\/wp\/v2\/berocket_brand?post=404987"}],"curies":[{"name":"wp","href":"https:\/\/api.w.org\/{rel}","templated":true}]}}