{"id":404981,"date":"2025-05-18T23:05:47","date_gmt":"2025-05-18T23:05:47","guid":{"rendered":"https:\/\/staging2.stylingagenten.com\/no\/produkt\/remington-ceramic-glide-230\/"},"modified":"2026-03-23T08:27:32","modified_gmt":"2026-03-23T08:27:32","slug":"remington-ceramic-glide-230","status":"publish","type":"product","link":"https:\/\/stylingagenten.com\/no\/produkt\/remington-ceramic-glide-230\/","title":{"rendered":"Remington Ceramic Glide 230"},"content":{"rendered":"<p>CERAMIC GLIDE 230 S3700<\/p>\n<p>Med 4 x beskyttende belegg gir Ceramic Glide rettetang h\u00e5ret mer glans og mindre statisk elektrisitet. Denne rettetangen har titan innebygd i belegget, titan er kjent for \u00e5 lede varme godt og s\u00f8rger for at varmen spres jevnt som bidrar til skinnende, glatt h\u00e5r med minimalt krus.<br \/>Med hele \u00e5tte varmeinnstillinger opp til 230\u00baC kan du enkelt juster temperaturen til den som passer h\u00e5ret ditt, temperaturkontrollen plassert ved snorfestet p\u00e5 rettetangen minimerer ogs\u00e5 risikoen for at du ved et uhell endrer temperaturen under bruk.<br \/>Med en superrask oppvarmingstid p\u00e5 15 sekunder, trenger du ikke du m\u00e5 ikke vente lenge for \u00e5 f\u00e5 stilen du \u00f8nsker. Ceramic Glide 230 er rask, enkel, effektiv og beskyttende.<\/p>\n<p>FUNKSJONER<br \/>\u20224x beskyttende belegg &#8211; antistatisk, keramisk, turmalinionisk og belegg for bedre glid<br \/>\u20228 temperaturer: 150-230\u00bac<br \/>\u2022Justerbar temperatur<br \/>\u2022P\u00e5\/av LED-indikator<br \/>\u2022Rask oppvarming &#8211; Klar til bruk p\u00e5 15 sekunder<br \/>\u2022Flytende plater for jevnt trykk<br \/>\u2022110 mm lange plater<br \/>\u2022Platel\u00e5s for enkel lagring<br \/>\u2022Spenningskonvertering for hele verden<br \/>\u2022Dreibar ledning<br \/>\u2022Automatisk avsl\u00e5ing etter 60 minutter<br \/>\u2022Varmebestandig oppbevaringspose<\/p>\n","protected":false},"excerpt":{"rendered":"<p>CERAMIC GLIDE 230 S3700 Med 4 x beskyttende belegg gir Ceramic Glide rettetang h\u00e5ret mer glans og mindre statisk elektrisitet. Denne rettetangen har titan innebygd i belegget, titan er kjent for \u00e5 lede varme godt og s\u00f8rger for at varmen spres jevnt som bidrar til skinnende, glatt h\u00e5r med minimalt krus.Med hele \u00e5tte varmeinnstillinger opp [&hellip;]<\/p>\n","protected":false},"featured_media":404975,"comment_status":"open","ping_status":"closed","template":"","meta":{"_trash_the_other_posts":false},"product_brand":[],"product_cat":[589],"product_tag":[],"berocket_brand":[1272],"class_list":{"0":"post-404981","1":"product","2":"type-product","3":"status-publish","4":"has-post-thumbnail","6":"product_cat-rettetang","7":"pa_brand-remington","8":"berocket_brand-remington","10":"first","11":"outofstock","12":"sale","13":"taxable","14":"shipping-taxable","15":"purchasable","16":"product-type-simple"},"_links":{"self":[{"href":"https:\/\/stylingagenten.com\/no\/wp-json\/wp\/v2\/product\/404981","targetHints":{"allow":["GET"]}}],"collection":[{"href":"https:\/\/stylingagenten.com\/no\/wp-json\/wp\/v2\/product"}],"about":[{"href":"https:\/\/stylingagenten.com\/no\/wp-json\/wp\/v2\/types\/product"}],"replies":[{"embeddable":true,"href":"https:\/\/stylingagenten.com\/no\/wp-json\/wp\/v2\/comments?post=404981"}],"version-history":[{"count":0,"href":"https:\/\/stylingagenten.com\/no\/wp-json\/wp\/v2\/product\/404981\/revisions"}],"wp:featuredmedia":[{"embeddable":true,"href":"https:\/\/stylingagenten.com\/no\/wp-json\/wp\/v2\/media\/404975"}],"wp:attachment":[{"href":"https:\/\/stylingagenten.com\/no\/wp-json\/wp\/v2\/media?parent=404981"}],"wp:term":[{"taxonomy":"product_brand","embeddable":true,"href":"https:\/\/stylingagenten.com\/no\/wp-json\/wp\/v2\/product_brand?post=404981"},{"taxonomy":"product_cat","embeddable":true,"href":"https:\/\/stylingagenten.com\/no\/wp-json\/wp\/v2\/product_cat?post=404981"},{"taxonomy":"product_tag","embeddable":true,"href":"https:\/\/stylingagenten.com\/no\/wp-json\/wp\/v2\/product_tag?post=404981"},{"taxonomy":"berocket_brand","embeddable":true,"href":"https:\/\/stylingagenten.com\/no\/wp-json\/wp\/v2\/berocket_brand?post=404981"}],"curies":[{"name":"wp","href":"https:\/\/api.w.org\/{rel}","templated":true}]}}