{"id":404963,"date":"2025-05-18T23:05:44","date_gmt":"2025-05-18T23:05:44","guid":{"rendered":"https:\/\/staging2.stylingagenten.com\/no\/produkt\/revlon-salon-straight-copper-smooth-styler\/"},"modified":"2026-01-26T18:06:51","modified_gmt":"2026-01-26T18:06:51","slug":"revlon-salon-straight-copper-smooth-styler","status":"publish","type":"product","link":"https:\/\/stylingagenten.com\/no\/produkt\/revlon-salon-straight-copper-smooth-styler\/","title":{"rendered":"Revlon Salon Straight Copper Smooth Styler"},"content":{"rendered":"<p>REVLON Salon Straight Copper Smooth Hair Straightener gir den ultimate salongytelsen for en langvarig, frizz-redusert, rett og skinnende stil.<br \/>Med 10 sekunders rask oppvarming og ekstra lange 125 mm avrundede plater kan du raskt og oppn\u00e5 enkelt resultater, inkludert vendinger og b\u00f8lger, og den slanke designen lar deg komme n\u00e6rmere r\u00f8ttene.<br \/>Fiks stilen din p\u00e5 et blunk med 10 sekunders rask oppvarming og digital presis varmeinnstilling opp til profesjonelt niv\u00e5 235 \u00b0C. H\u00f8y varme overf\u00f8res jevnt og raskt for \u00e5 beskytte h\u00e5ret mot overstyling med XL Advanced Copper stylingoverflate som gir overlegen varmeoverf\u00f8ring og holdbarhet.<br \/>Det sofistikerte Smart Heat Memory Flat-jernet husker automatisk din sist valgte varmeinnstilling og True Grip avrundede plater lage kr\u00f8ller eller b\u00f8lger i enhver h\u00e5rtype. Komplett med automatisk dobbel spenning for bruk over hele verden*.<\/p>\n<p>\u2022 Avansert kobber 3X keramisk teknologi er sk\u00e5nsom mot h\u00e5ret og gir 63 % mer glans<br \/>\u2022 Kobberplater hjelper til med \u00e5 kontrollere krus i 24 timer, noe som gir raskere styling, f\u00e6rre hot spots<br \/>\u2022 30 variable innstillinger opp til 235\u00b0C, noe som gir optimal frihet n\u00e5r det kommer til styling av h\u00e5r<br \/>\u2022 Ekstra lange 125 mm avrundede plater for \u00e5 oppn\u00e5 vakkert stilige resultater p\u00e5 kort tid, inkludert vendinger og b\u00f8lger<br \/>\u2022 Ekstra lang svingkabel, automatisk avstenging,<\/p>\n","protected":false},"excerpt":{"rendered":"<p>REVLON Salon Straight Copper Smooth Hair Straightener gir den ultimate salongytelsen for en langvarig, frizz-redusert, rett og skinnende stil.Med 10 sekunders rask oppvarming og ekstra lange 125 mm avrundede plater kan du raskt og oppn\u00e5 enkelt resultater, inkludert vendinger og b\u00f8lger, og den slanke designen lar deg komme n\u00e6rmere r\u00f8ttene.Fiks stilen din p\u00e5 et blunk [&hellip;]<\/p>\n","protected":false},"featured_media":404956,"comment_status":"open","ping_status":"closed","template":"","meta":{"_trash_the_other_posts":false},"product_brand":[],"product_cat":[589],"product_tag":[],"berocket_brand":[1040],"class_list":{"0":"post-404963","1":"product","2":"type-product","3":"status-publish","4":"has-post-thumbnail","6":"product_cat-rettetang","7":"pa_brand-revlon","8":"berocket_brand-revlon","10":"first","11":"instock","12":"sale","13":"taxable","14":"shipping-taxable","15":"purchasable","16":"product-type-simple"},"_links":{"self":[{"href":"https:\/\/stylingagenten.com\/no\/wp-json\/wp\/v2\/product\/404963","targetHints":{"allow":["GET"]}}],"collection":[{"href":"https:\/\/stylingagenten.com\/no\/wp-json\/wp\/v2\/product"}],"about":[{"href":"https:\/\/stylingagenten.com\/no\/wp-json\/wp\/v2\/types\/product"}],"replies":[{"embeddable":true,"href":"https:\/\/stylingagenten.com\/no\/wp-json\/wp\/v2\/comments?post=404963"}],"version-history":[{"count":0,"href":"https:\/\/stylingagenten.com\/no\/wp-json\/wp\/v2\/product\/404963\/revisions"}],"wp:featuredmedia":[{"embeddable":true,"href":"https:\/\/stylingagenten.com\/no\/wp-json\/wp\/v2\/media\/404956"}],"wp:attachment":[{"href":"https:\/\/stylingagenten.com\/no\/wp-json\/wp\/v2\/media?parent=404963"}],"wp:term":[{"taxonomy":"product_brand","embeddable":true,"href":"https:\/\/stylingagenten.com\/no\/wp-json\/wp\/v2\/product_brand?post=404963"},{"taxonomy":"product_cat","embeddable":true,"href":"https:\/\/stylingagenten.com\/no\/wp-json\/wp\/v2\/product_cat?post=404963"},{"taxonomy":"product_tag","embeddable":true,"href":"https:\/\/stylingagenten.com\/no\/wp-json\/wp\/v2\/product_tag?post=404963"},{"taxonomy":"berocket_brand","embeddable":true,"href":"https:\/\/stylingagenten.com\/no\/wp-json\/wp\/v2\/berocket_brand?post=404963"}],"curies":[{"name":"wp","href":"https:\/\/api.w.org\/{rel}","templated":true}]}}