{"id":404908,"date":"2025-05-18T23:05:29","date_gmt":"2025-05-18T23:05:29","guid":{"rendered":"https:\/\/staging2.stylingagenten.com\/no\/produkt\/antonio-banderas-king-of-seduction-absolute-edt-100ml\/"},"modified":"2026-03-29T22:38:31","modified_gmt":"2026-03-29T22:38:31","slug":"antonio-banderas-king-of-seduction-absolute-edt-100ml","status":"publish","type":"product","link":"https:\/\/stylingagenten.com\/no\/produkt\/antonio-banderas-king-of-seduction-absolute-edt-100ml\/","title":{"rendered":"Antonio Banderas King of Seduction Absolute Edt 100ml"},"content":{"rendered":"<p style='margin-top:0cm;margin-right:0cm;margin-bottom:8.0pt;margin-left:0cm;font-size:15px;font-family:\"Calibri\",sans-serif'> Et forfriskende innblikk i mannlig opplevelse, King of Seduction Absolute er den nye maskuline duften fra Antonio Banderas.<\/p>\n<p style='margin-top:0cm;margin-right:0cm;font-size:15px;font-family:\"Calibri\",sans-serif'>King Of Seduction er for mannen som aldri tar seg til ; veldig alvorlig, fordi erfaring har l\u00e6rt ham at ekte selvtillit kommer av \u00e5 v\u00e6re seg selv. Erfaring kommer naturlig for ham. F\u00f8r han vet at erfaring er ikke i hva han gir, men i hvem han er.<\/p>\n<p style='margin: 0cm 0cm 8pt;font-family: \"Calibri\", sans-serif'>Inspirert av tropiske strender og racerb\u00e5ter, begynner King Of Seduction sin opplevelse med forfriskende havvann. I hjertet finner vi en blanding av varme krydder som kardemomme som st\u00e5r i kontrast til den aromatiske friskheten til lavendel. Den eteriske duften av krydder, f\u00f8rst forsterket av myke akkorder av l\u00e6r, tre, mose og vetiver.<\/p>\n","protected":false},"excerpt":{"rendered":"<p>Et forfriskende innblikk i mannlig opplevelse, King of Seduction Absolute er den nye maskuline duften fra Antonio Banderas. King Of Seduction er for mannen som aldri tar seg til ; veldig alvorlig, fordi erfaring har l\u00e6rt ham at ekte selvtillit kommer av \u00e5 v\u00e6re seg selv. Erfaring kommer naturlig for ham. F\u00f8r han vet at [&hellip;]<\/p>\n","protected":false},"featured_media":404903,"comment_status":"open","ping_status":"closed","template":"","meta":{"_trash_the_other_posts":false},"product_brand":[],"product_cat":[990,709,735,1000],"product_tag":[2373],"berocket_brand":[1072],"class_list":{"0":"post-404908","1":"product","2":"type-product","3":"status-publish","4":"has-post-thumbnail","6":"product_cat-antonio-banderas-king-of-seduction-absolute","7":"product_cat-eau-de-toilette-herre","8":"product_cat-kampanje","9":"product_cat-kampanjetilbud-for-ham","10":"product_tag-antonio-banderas-king-of-seduction-absolute-edt","11":"pa_brand-antonio-banderas","12":"pa_variant-100ml","13":"berocket_brand-antonio-banderas","15":"first","16":"instock","17":"sale","18":"taxable","19":"shipping-taxable","20":"purchasable","21":"product-type-simple"},"_links":{"self":[{"href":"https:\/\/stylingagenten.com\/no\/wp-json\/wp\/v2\/product\/404908","targetHints":{"allow":["GET"]}}],"collection":[{"href":"https:\/\/stylingagenten.com\/no\/wp-json\/wp\/v2\/product"}],"about":[{"href":"https:\/\/stylingagenten.com\/no\/wp-json\/wp\/v2\/types\/product"}],"replies":[{"embeddable":true,"href":"https:\/\/stylingagenten.com\/no\/wp-json\/wp\/v2\/comments?post=404908"}],"version-history":[{"count":0,"href":"https:\/\/stylingagenten.com\/no\/wp-json\/wp\/v2\/product\/404908\/revisions"}],"wp:featuredmedia":[{"embeddable":true,"href":"https:\/\/stylingagenten.com\/no\/wp-json\/wp\/v2\/media\/404903"}],"wp:attachment":[{"href":"https:\/\/stylingagenten.com\/no\/wp-json\/wp\/v2\/media?parent=404908"}],"wp:term":[{"taxonomy":"product_brand","embeddable":true,"href":"https:\/\/stylingagenten.com\/no\/wp-json\/wp\/v2\/product_brand?post=404908"},{"taxonomy":"product_cat","embeddable":true,"href":"https:\/\/stylingagenten.com\/no\/wp-json\/wp\/v2\/product_cat?post=404908"},{"taxonomy":"product_tag","embeddable":true,"href":"https:\/\/stylingagenten.com\/no\/wp-json\/wp\/v2\/product_tag?post=404908"},{"taxonomy":"berocket_brand","embeddable":true,"href":"https:\/\/stylingagenten.com\/no\/wp-json\/wp\/v2\/berocket_brand?post=404908"}],"curies":[{"name":"wp","href":"https:\/\/api.w.org\/{rel}","templated":true}]}}