{"id":404837,"date":"2025-05-18T23:05:10","date_gmt":"2025-05-18T23:05:10","guid":{"rendered":"https:\/\/staging2.stylingagenten.com\/no\/produkt\/mont-blanc-starwalker-pour-homme-edt-75ml\/"},"modified":"2026-03-28T17:08:50","modified_gmt":"2026-03-28T17:08:50","slug":"mont-blanc-starwalker-pour-homme-edt-75ml","status":"publish","type":"product","link":"https:\/\/stylingagenten.com\/no\/produkt\/mont-blanc-starwalker-pour-homme-edt-75ml\/","title":{"rendered":"Mont Blanc Starwalker Pour Homme edt 75ml"},"content":{"rendered":"<p style='margin-top:0cm;margin-right:0cm;margin-bottom:8.0pt;margin-left:0cm;font-size:15px;font-family:\"Calibri\",sans-serif'> Starwalker er en maskulin duft rettet mot mannen som setter pris p\u00e5 kvalitet og h\u00e5ndverk.<\/p>\n<p style='margin-top:0cm;margin-right:0cm;margin-bottom:8.0pt;margin-left: 0cm;font-family:\"Calibri\",sans-serif'>Duften er en moderne kreasjon som \u00e5pner med anis og rosepepper etterfulgt av sedertre. og sandeltre&auml; i hjerte. Med klassiske innslag rundes basen av med rav og musk.<\/p>\n<p style='margin: 0cm 0cm 8pt;font-family: \"Calibri\", sans-serif'>Toppnoter: Rose&eacute;pepper, Anis.<br \/>Hjertenoter: Cedarwood, Sandeltre.<br \/>Basenoter: Amber, Musk.<\/p>\n","protected":false},"excerpt":{"rendered":"<p>Starwalker er en maskulin duft rettet mot mannen som setter pris p\u00e5 kvalitet og h\u00e5ndverk. Duften er en moderne kreasjon som \u00e5pner med anis og rosepepper etterfulgt av sedertre. og sandeltre&auml; i hjerte. Med klassiske innslag rundes basen av med rav og musk. Toppnoter: Rose&eacute;pepper, Anis.Hjertenoter: Cedarwood, Sandeltre.Basenoter: Amber, Musk.<\/p>\n","protected":false},"featured_media":404836,"comment_status":"open","ping_status":"closed","template":"","meta":{"_trash_the_other_posts":false},"product_brand":[],"product_cat":[709,735,1006,1000],"product_tag":[],"berocket_brand":[1079],"class_list":{"0":"post-404837","1":"product","2":"type-product","3":"status-publish","4":"has-post-thumbnail","6":"product_cat-eau-de-toilette-herre","7":"product_cat-kampanje","8":"product_cat-kampanjepris","9":"product_cat-kampanjetilbud-for-ham","10":"pa_brand-mont-blanc","11":"berocket_brand-mont-blanc","13":"first","14":"instock","15":"sale","16":"taxable","17":"shipping-taxable","18":"purchasable","19":"product-type-simple"},"_links":{"self":[{"href":"https:\/\/stylingagenten.com\/no\/wp-json\/wp\/v2\/product\/404837","targetHints":{"allow":["GET"]}}],"collection":[{"href":"https:\/\/stylingagenten.com\/no\/wp-json\/wp\/v2\/product"}],"about":[{"href":"https:\/\/stylingagenten.com\/no\/wp-json\/wp\/v2\/types\/product"}],"replies":[{"embeddable":true,"href":"https:\/\/stylingagenten.com\/no\/wp-json\/wp\/v2\/comments?post=404837"}],"version-history":[{"count":0,"href":"https:\/\/stylingagenten.com\/no\/wp-json\/wp\/v2\/product\/404837\/revisions"}],"wp:featuredmedia":[{"embeddable":true,"href":"https:\/\/stylingagenten.com\/no\/wp-json\/wp\/v2\/media\/404836"}],"wp:attachment":[{"href":"https:\/\/stylingagenten.com\/no\/wp-json\/wp\/v2\/media?parent=404837"}],"wp:term":[{"taxonomy":"product_brand","embeddable":true,"href":"https:\/\/stylingagenten.com\/no\/wp-json\/wp\/v2\/product_brand?post=404837"},{"taxonomy":"product_cat","embeddable":true,"href":"https:\/\/stylingagenten.com\/no\/wp-json\/wp\/v2\/product_cat?post=404837"},{"taxonomy":"product_tag","embeddable":true,"href":"https:\/\/stylingagenten.com\/no\/wp-json\/wp\/v2\/product_tag?post=404837"},{"taxonomy":"berocket_brand","embeddable":true,"href":"https:\/\/stylingagenten.com\/no\/wp-json\/wp\/v2\/berocket_brand?post=404837"}],"curies":[{"name":"wp","href":"https:\/\/api.w.org\/{rel}","templated":true}]}}