{"id":404793,"date":"2025-05-18T23:04:59","date_gmt":"2025-05-18T23:04:59","guid":{"rendered":"https:\/\/staging2.stylingagenten.com\/no\/produkt\/hugo-boss-hugo-iced-edt-75ml\/"},"modified":"2026-04-07T11:47:35","modified_gmt":"2026-04-07T11:47:35","slug":"hugo-boss-hugo-iced-edt-75ml","status":"publish","type":"product","link":"https:\/\/stylingagenten.com\/no\/produkt\/hugo-boss-hugo-iced-edt-75ml\/","title":{"rendered":"Hugo Boss Hugo Iced Edt 75ml"},"content":{"rendered":"<p>Hugo Boss Hugo Iced er en ny sunn og frisk tolkning av den klassiske Hugo Man. Duften gir et ekstra l\u00f8ft av selvtillit som f\u00e5r brukeren til \u00e5 stoppe opp og tenke at i dag er dagen, her g\u00e5r vi &#8211; &quot;Your Time Is Now!&quot;<\/p>\n<p><strong>Duftnotater:<\/strong> mynte, villte, einer, appelsin og amp; vetiver.<\/p>\n","protected":false},"excerpt":{"rendered":"<p>Hugo Boss Hugo Iced er en ny sunn og frisk tolkning av den klassiske Hugo Man. Duften gir et ekstra l\u00f8ft av selvtillit som f\u00e5r brukeren til \u00e5 stoppe opp og tenke at i dag er dagen, her g\u00e5r vi &#8211; &quot;Your Time Is Now!&quot; Duftnotater: mynte, villte, einer, appelsin og amp; vetiver.<\/p>\n","protected":false},"featured_media":404792,"comment_status":"open","ping_status":"closed","template":"","meta":{"_trash_the_other_posts":false},"product_brand":[],"product_cat":[1003,709,735,1000,535],"product_tag":[],"berocket_brand":[1339],"class_list":{"0":"post-404793","1":"product","2":"type-product","3":"status-publish","4":"has-post-thumbnail","6":"product_cat-bestselgere","7":"product_cat-eau-de-toilette-herre","8":"product_cat-kampanje","9":"product_cat-kampanjetilbud-for-ham","10":"product_cat-parfyme-menn","11":"pa_brand-hugo-boss","12":"berocket_brand-hugo-boss","14":"first","15":"instock","16":"sale","17":"taxable","18":"shipping-taxable","19":"purchasable","20":"product-type-simple"},"_links":{"self":[{"href":"https:\/\/stylingagenten.com\/no\/wp-json\/wp\/v2\/product\/404793","targetHints":{"allow":["GET"]}}],"collection":[{"href":"https:\/\/stylingagenten.com\/no\/wp-json\/wp\/v2\/product"}],"about":[{"href":"https:\/\/stylingagenten.com\/no\/wp-json\/wp\/v2\/types\/product"}],"replies":[{"embeddable":true,"href":"https:\/\/stylingagenten.com\/no\/wp-json\/wp\/v2\/comments?post=404793"}],"version-history":[{"count":0,"href":"https:\/\/stylingagenten.com\/no\/wp-json\/wp\/v2\/product\/404793\/revisions"}],"wp:featuredmedia":[{"embeddable":true,"href":"https:\/\/stylingagenten.com\/no\/wp-json\/wp\/v2\/media\/404792"}],"wp:attachment":[{"href":"https:\/\/stylingagenten.com\/no\/wp-json\/wp\/v2\/media?parent=404793"}],"wp:term":[{"taxonomy":"product_brand","embeddable":true,"href":"https:\/\/stylingagenten.com\/no\/wp-json\/wp\/v2\/product_brand?post=404793"},{"taxonomy":"product_cat","embeddable":true,"href":"https:\/\/stylingagenten.com\/no\/wp-json\/wp\/v2\/product_cat?post=404793"},{"taxonomy":"product_tag","embeddable":true,"href":"https:\/\/stylingagenten.com\/no\/wp-json\/wp\/v2\/product_tag?post=404793"},{"taxonomy":"berocket_brand","embeddable":true,"href":"https:\/\/stylingagenten.com\/no\/wp-json\/wp\/v2\/berocket_brand?post=404793"}],"curies":[{"name":"wp","href":"https:\/\/api.w.org\/{rel}","templated":true}]}}