{"id":404745,"date":"2025-05-18T23:04:46","date_gmt":"2025-05-18T23:04:46","guid":{"rendered":"https:\/\/staging2.stylingagenten.com\/no\/produkt\/zadig-voltaire-this-is-him-edt-30ml\/"},"modified":"2026-03-25T14:29:45","modified_gmt":"2026-03-25T14:29:45","slug":"zadig-voltaire-this-is-him-edt-30ml","status":"publish","type":"product","link":"https:\/\/stylingagenten.com\/no\/produkt\/zadig-voltaire-this-is-him-edt-30ml\/","title":{"rendered":"Zadig &amp; Voltaire This is Him Edt 30ml"},"content":{"rendered":"<p>This is Him er signaturduften fra Zadig &amp; Voltaire som utstr\u00e5ler en rebelsk maskulinitet, frihet og selvsikkerhet.<br \/>Beriket med en luksuri\u00f8s blanding av krydret r\u00f8kelse, grapefrukt, sort pepper og vanilje som omslutter en lang og dyp base av sandeltre&auml;.<\/p>\n","protected":false},"excerpt":{"rendered":"<p>This is Him er signaturduften fra Zadig &amp; Voltaire som utstr\u00e5ler en rebelsk maskulinitet, frihet og selvsikkerhet.Beriket med en luksuri\u00f8s blanding av krydret r\u00f8kelse, grapefrukt, sort pepper og vanilje som omslutter en lang og dyp base av sandeltre&auml;.<\/p>\n","protected":false},"featured_media":404744,"comment_status":"open","ping_status":"closed","template":"","meta":{"_trash_the_other_posts":false},"product_brand":[],"product_cat":[709,735,1006,1000],"product_tag":[4115],"berocket_brand":[1153],"class_list":{"0":"post-404745","1":"product","2":"type-product","3":"status-publish","4":"has-post-thumbnail","6":"product_cat-eau-de-toilette-herre","7":"product_cat-kampanje","8":"product_cat-kampanjepris","9":"product_cat-kampanjetilbud-for-ham","10":"product_tag-zadig-voltaire-this-is-him-edt","11":"pa_brand-zadig-voltaire","12":"pa_variant-30ml","13":"berocket_brand-zadig-voltaire","15":"first","16":"instock","17":"sale","18":"taxable","19":"shipping-taxable","20":"purchasable","21":"product-type-simple"},"_links":{"self":[{"href":"https:\/\/stylingagenten.com\/no\/wp-json\/wp\/v2\/product\/404745","targetHints":{"allow":["GET"]}}],"collection":[{"href":"https:\/\/stylingagenten.com\/no\/wp-json\/wp\/v2\/product"}],"about":[{"href":"https:\/\/stylingagenten.com\/no\/wp-json\/wp\/v2\/types\/product"}],"replies":[{"embeddable":true,"href":"https:\/\/stylingagenten.com\/no\/wp-json\/wp\/v2\/comments?post=404745"}],"version-history":[{"count":0,"href":"https:\/\/stylingagenten.com\/no\/wp-json\/wp\/v2\/product\/404745\/revisions"}],"wp:featuredmedia":[{"embeddable":true,"href":"https:\/\/stylingagenten.com\/no\/wp-json\/wp\/v2\/media\/404744"}],"wp:attachment":[{"href":"https:\/\/stylingagenten.com\/no\/wp-json\/wp\/v2\/media?parent=404745"}],"wp:term":[{"taxonomy":"product_brand","embeddable":true,"href":"https:\/\/stylingagenten.com\/no\/wp-json\/wp\/v2\/product_brand?post=404745"},{"taxonomy":"product_cat","embeddable":true,"href":"https:\/\/stylingagenten.com\/no\/wp-json\/wp\/v2\/product_cat?post=404745"},{"taxonomy":"product_tag","embeddable":true,"href":"https:\/\/stylingagenten.com\/no\/wp-json\/wp\/v2\/product_tag?post=404745"},{"taxonomy":"berocket_brand","embeddable":true,"href":"https:\/\/stylingagenten.com\/no\/wp-json\/wp\/v2\/berocket_brand?post=404745"}],"curies":[{"name":"wp","href":"https:\/\/api.w.org\/{rel}","templated":true}]}}