{"id":404681,"date":"2025-05-18T23:04:29","date_gmt":"2025-05-18T23:04:29","guid":{"rendered":"https:\/\/staging2.stylingagenten.com\/no\/produkt\/carolina-herrera-212-men-nyc-edt-50ml\/"},"modified":"2026-03-26T18:23:39","modified_gmt":"2026-03-26T18:23:39","slug":"carolina-herrera-212-men-nyc-edt-50ml","status":"publish","type":"product","link":"https:\/\/stylingagenten.com\/no\/produkt\/carolina-herrera-212-men-nyc-edt-50ml\/","title":{"rendered":"Carolina Herrera 212 Men NYC Edt 50ml"},"content":{"rendered":"<p>Carolina Herrera 212 Men NYC er en frisk duft med en blanding av gr\u00f8nne toner, lavendel og musk. Parfymen er sensuell og elegant og passer den sofistikerte mannen.<\/p>\n<p><strong>Duftnoter:<\/strong> sitrusblader, gr\u00f8nne toner, krydderblader, eksotiske krydder, ingef\u00e6r, gr\u00f8nn pepper, gardeniablader, sandeltre, r\u00f8kelse &amp; hvit musk.<\/p>\n","protected":false},"excerpt":{"rendered":"<p>Carolina Herrera 212 Men NYC er en frisk duft med en blanding av gr\u00f8nne toner, lavendel og musk. Parfymen er sensuell og elegant og passer den sofistikerte mannen. Duftnoter: sitrusblader, gr\u00f8nne toner, krydderblader, eksotiske krydder, ingef\u00e6r, gr\u00f8nn pepper, gardeniablader, sandeltre, r\u00f8kelse &amp; hvit musk.<\/p>\n","protected":false},"featured_media":404678,"comment_status":"open","ping_status":"closed","template":"","meta":{"_trash_the_other_posts":false},"product_brand":[],"product_cat":[709,735,1000],"product_tag":[2667],"berocket_brand":[1099],"class_list":{"0":"post-404681","1":"product","2":"type-product","3":"status-publish","4":"has-post-thumbnail","6":"product_cat-eau-de-toilette-herre","7":"product_cat-kampanje","8":"product_cat-kampanjetilbud-for-ham","9":"product_tag-carolina-herrera-212-men-nyc-edt","10":"pa_brand-carolina-herrera","11":"pa_variant-50ml","12":"berocket_brand-carolina-herrera","14":"first","15":"instock","16":"sale","17":"taxable","18":"shipping-taxable","19":"purchasable","20":"product-type-simple"},"_links":{"self":[{"href":"https:\/\/stylingagenten.com\/no\/wp-json\/wp\/v2\/product\/404681","targetHints":{"allow":["GET"]}}],"collection":[{"href":"https:\/\/stylingagenten.com\/no\/wp-json\/wp\/v2\/product"}],"about":[{"href":"https:\/\/stylingagenten.com\/no\/wp-json\/wp\/v2\/types\/product"}],"replies":[{"embeddable":true,"href":"https:\/\/stylingagenten.com\/no\/wp-json\/wp\/v2\/comments?post=404681"}],"version-history":[{"count":0,"href":"https:\/\/stylingagenten.com\/no\/wp-json\/wp\/v2\/product\/404681\/revisions"}],"wp:featuredmedia":[{"embeddable":true,"href":"https:\/\/stylingagenten.com\/no\/wp-json\/wp\/v2\/media\/404678"}],"wp:attachment":[{"href":"https:\/\/stylingagenten.com\/no\/wp-json\/wp\/v2\/media?parent=404681"}],"wp:term":[{"taxonomy":"product_brand","embeddable":true,"href":"https:\/\/stylingagenten.com\/no\/wp-json\/wp\/v2\/product_brand?post=404681"},{"taxonomy":"product_cat","embeddable":true,"href":"https:\/\/stylingagenten.com\/no\/wp-json\/wp\/v2\/product_cat?post=404681"},{"taxonomy":"product_tag","embeddable":true,"href":"https:\/\/stylingagenten.com\/no\/wp-json\/wp\/v2\/product_tag?post=404681"},{"taxonomy":"berocket_brand","embeddable":true,"href":"https:\/\/stylingagenten.com\/no\/wp-json\/wp\/v2\/berocket_brand?post=404681"}],"curies":[{"name":"wp","href":"https:\/\/api.w.org\/{rel}","templated":true}]}}