{"id":404453,"date":"2025-05-18T23:03:19","date_gmt":"2025-05-18T23:03:19","guid":{"rendered":"https:\/\/staging2.stylingagenten.com\/no\/produkt\/mont-blanc-emblem-absolu-edt-100ml\/"},"modified":"2026-01-15T23:26:41","modified_gmt":"2026-01-15T23:26:41","slug":"mont-blanc-emblem-absolu-edt-100ml","status":"publish","type":"product","link":"https:\/\/stylingagenten.com\/no\/produkt\/mont-blanc-emblem-absolu-edt-100ml\/","title":{"rendered":"Mont Blanc Emblem Absolu Edt 100ml"},"content":{"rendered":"<p>EMBLEM ABSOLU &auml; er kontrastspillet mellom varmt karismatisk tre&auml; og livlige kule krydder. <br \/>De trekkes til hverandre som magneter som smelter sammen for \u00e5 skape den fascinerende energien som dominerer alt og fremkaller et uimotst\u00e5elig treverk.<\/p>\n<p>Toppnoter: p\u00e6re, mandarin, kardemomme<br \/>Hovednoter: lavendel , rose&eacute;pepper, frukt og honning<br \/>Basenoter: Vetiver, patchouli, krystallmose<\/p>\n","protected":false},"excerpt":{"rendered":"<p>EMBLEM ABSOLU &auml; er kontrastspillet mellom varmt karismatisk tre&auml; og livlige kule krydder. De trekkes til hverandre som magneter som smelter sammen for \u00e5 skape den fascinerende energien som dominerer alt og fremkaller et uimotst\u00e5elig treverk. Toppnoter: p\u00e6re, mandarin, kardemommeHovednoter: lavendel , rose&eacute;pepper, frukt og honningBasenoter: Vetiver, patchouli, krystallmose<\/p>\n","protected":false},"featured_media":404450,"comment_status":"open","ping_status":"closed","template":"","meta":{"_trash_the_other_posts":false},"product_brand":[],"product_cat":[709,1006],"product_tag":[],"berocket_brand":[1079],"class_list":{"0":"post-404453","1":"product","2":"type-product","3":"status-publish","4":"has-post-thumbnail","6":"product_cat-eau-de-toilette-herre","7":"product_cat-kampanjepris","8":"pa_brand-mont-blanc","9":"berocket_brand-mont-blanc","11":"first","12":"outofstock","13":"sale","14":"taxable","15":"shipping-taxable","16":"purchasable","17":"product-type-simple"},"_links":{"self":[{"href":"https:\/\/stylingagenten.com\/no\/wp-json\/wp\/v2\/product\/404453","targetHints":{"allow":["GET"]}}],"collection":[{"href":"https:\/\/stylingagenten.com\/no\/wp-json\/wp\/v2\/product"}],"about":[{"href":"https:\/\/stylingagenten.com\/no\/wp-json\/wp\/v2\/types\/product"}],"replies":[{"embeddable":true,"href":"https:\/\/stylingagenten.com\/no\/wp-json\/wp\/v2\/comments?post=404453"}],"version-history":[{"count":0,"href":"https:\/\/stylingagenten.com\/no\/wp-json\/wp\/v2\/product\/404453\/revisions"}],"wp:featuredmedia":[{"embeddable":true,"href":"https:\/\/stylingagenten.com\/no\/wp-json\/wp\/v2\/media\/404450"}],"wp:attachment":[{"href":"https:\/\/stylingagenten.com\/no\/wp-json\/wp\/v2\/media?parent=404453"}],"wp:term":[{"taxonomy":"product_brand","embeddable":true,"href":"https:\/\/stylingagenten.com\/no\/wp-json\/wp\/v2\/product_brand?post=404453"},{"taxonomy":"product_cat","embeddable":true,"href":"https:\/\/stylingagenten.com\/no\/wp-json\/wp\/v2\/product_cat?post=404453"},{"taxonomy":"product_tag","embeddable":true,"href":"https:\/\/stylingagenten.com\/no\/wp-json\/wp\/v2\/product_tag?post=404453"},{"taxonomy":"berocket_brand","embeddable":true,"href":"https:\/\/stylingagenten.com\/no\/wp-json\/wp\/v2\/berocket_brand?post=404453"}],"curies":[{"name":"wp","href":"https:\/\/api.w.org\/{rel}","templated":true}]}}