{"id":404395,"date":"2025-05-18T23:02:57","date_gmt":"2025-05-18T23:02:57","guid":{"rendered":"https:\/\/staging2.stylingagenten.com\/no\/produkt\/hermes-un-jardin-sur-le-toit-edt-50-ml\/"},"modified":"2026-03-25T14:28:08","modified_gmt":"2026-03-25T14:28:08","slug":"hermes-un-jardin-sur-le-toit-edt-50-ml","status":"publish","type":"product","link":"https:\/\/stylingagenten.com\/no\/produkt\/hermes-un-jardin-sur-le-toit-edt-50-ml\/","title":{"rendered":"Hermes Un Jardin Sur Le Toit Edt 50 ml"},"content":{"rendered":"<p>Un Jardin sur le Toit Eau de Toilette er en livlig unsiex-duft fra Herm&eacute;s. Denne parfymen beskriver et hemmelig trehus i hjertet av byen Paris. En hengende trevegg, som er plassert p\u00e5 taket p\u00e5 huset Herm&egrave;s p\u00e5 24, faubourg Saint-Honor&eacute;. Et epletre, et p\u00e6retre, duften av vilt gress og et snev av magnolia i parisisk luft skaper denne duften av lys og glede, forlokkende og full av latter. Den har en gr\u00f8nn duft med noter av roser, p\u00e6re, eple og gr\u00f8nt villgress.<\/p>\n","protected":false},"excerpt":{"rendered":"<p>Un Jardin sur le Toit Eau de Toilette er en livlig unsiex-duft fra Herm&eacute;s. Denne parfymen beskriver et hemmelig trehus i hjertet av byen Paris. En hengende trevegg, som er plassert p\u00e5 taket p\u00e5 huset Herm&egrave;s p\u00e5 24, faubourg Saint-Honor&eacute;. Et epletre, et p\u00e6retre, duften av vilt gress og et snev av magnolia i parisisk [&hellip;]<\/p>\n","protected":false},"featured_media":404392,"comment_status":"open","ping_status":"closed","template":"","meta":{"_trash_the_other_posts":false},"product_brand":[],"product_cat":[709,735,1006,1000],"product_tag":[],"berocket_brand":[1337],"class_list":{"0":"post-404395","1":"product","2":"type-product","3":"status-publish","4":"has-post-thumbnail","6":"product_cat-eau-de-toilette-herre","7":"product_cat-kampanje","8":"product_cat-kampanjepris","9":"product_cat-kampanjetilbud-for-ham","10":"pa_brand-hermes","11":"berocket_brand-hermes","13":"first","14":"instock","15":"sale","16":"taxable","17":"shipping-taxable","18":"purchasable","19":"product-type-simple"},"_links":{"self":[{"href":"https:\/\/stylingagenten.com\/no\/wp-json\/wp\/v2\/product\/404395","targetHints":{"allow":["GET"]}}],"collection":[{"href":"https:\/\/stylingagenten.com\/no\/wp-json\/wp\/v2\/product"}],"about":[{"href":"https:\/\/stylingagenten.com\/no\/wp-json\/wp\/v2\/types\/product"}],"replies":[{"embeddable":true,"href":"https:\/\/stylingagenten.com\/no\/wp-json\/wp\/v2\/comments?post=404395"}],"version-history":[{"count":0,"href":"https:\/\/stylingagenten.com\/no\/wp-json\/wp\/v2\/product\/404395\/revisions"}],"wp:featuredmedia":[{"embeddable":true,"href":"https:\/\/stylingagenten.com\/no\/wp-json\/wp\/v2\/media\/404392"}],"wp:attachment":[{"href":"https:\/\/stylingagenten.com\/no\/wp-json\/wp\/v2\/media?parent=404395"}],"wp:term":[{"taxonomy":"product_brand","embeddable":true,"href":"https:\/\/stylingagenten.com\/no\/wp-json\/wp\/v2\/product_brand?post=404395"},{"taxonomy":"product_cat","embeddable":true,"href":"https:\/\/stylingagenten.com\/no\/wp-json\/wp\/v2\/product_cat?post=404395"},{"taxonomy":"product_tag","embeddable":true,"href":"https:\/\/stylingagenten.com\/no\/wp-json\/wp\/v2\/product_tag?post=404395"},{"taxonomy":"berocket_brand","embeddable":true,"href":"https:\/\/stylingagenten.com\/no\/wp-json\/wp\/v2\/berocket_brand?post=404395"}],"curies":[{"name":"wp","href":"https:\/\/api.w.org\/{rel}","templated":true}]}}