{"id":404391,"date":"2025-05-18T23:02:55","date_gmt":"2025-05-18T23:02:55","guid":{"rendered":"https:\/\/staging2.stylingagenten.com\/no\/produkt\/4711-original-edc-200ml\/"},"modified":"2026-03-30T13:38:31","modified_gmt":"2026-03-30T13:38:31","slug":"4711-original-edc-200ml","status":"publish","type":"product","link":"https:\/\/stylingagenten.com\/no\/produkt\/4711-original-edc-200ml\/","title":{"rendered":"4711 Original Edc 200ml"},"content":{"rendered":"<p><strong>4711 Original Eau de Cologne Echt K&ouml;lnisch Wasser 200ml<\/strong><\/p>\n<p>4711 er et av de eldste merkene i dag og er anerkjent over hele verden &ouml;ver. 4711 kalles vanligvis &quot;mirakelvannet&quot; og sies \u00e5 v\u00e6re grunnlaget for alle colognes. Dens hemmelige formel er fortsatt veldig popul\u00e6r i dag, og den regnes som en klassiker fra fortiden. Toppnotene best\u00e5r av bergamott, sitron og appelsin, med et hjerte av lavendel og rosmarin. Basen kommer fra appelsinblomstolje (neroli).<\/p>\n<p>De n\u00f8ye utvalgte ingrediensene i 4711 Original Eau de Cologne har en positiv effekt p\u00e5; kropp, sinn og sjel.<\/p>\n<p>Toppnoter: Bergamot, sitron og appelsin gir en revitaliserende f\u00f8lelse.<br \/>Hjertenoter: Lavendel og rosmarin har en beroligende, avslappende effekt og styrker nervene dine.<br \/>Basis bemerker: Appelsinblomstolje (neroli), utvunnet fra appelsinblomster, er ekstremt beroligende og bidrar til en positiv holdning.<\/p>\n","protected":false},"excerpt":{"rendered":"<p>4711 Original Eau de Cologne Echt K&ouml;lnisch Wasser 200ml 4711 er et av de eldste merkene i dag og er anerkjent over hele verden &ouml;ver. 4711 kalles vanligvis &quot;mirakelvannet&quot; og sies \u00e5 v\u00e6re grunnlaget for alle colognes. Dens hemmelige formel er fortsatt veldig popul\u00e6r i dag, og den regnes som en klassiker fra fortiden. Toppnotene [&hellip;]<\/p>\n","protected":false},"featured_media":404386,"comment_status":"open","ping_status":"closed","template":"","meta":{"_trash_the_other_posts":false},"product_brand":[],"product_cat":[984,710,735,1000],"product_tag":[2316],"berocket_brand":[1276],"class_list":{"0":"post-404391","1":"product","2":"type-product","3":"status-publish","4":"has-post-thumbnail","6":"product_cat-4711-original-edc","7":"product_cat-eau-de-cologne-herr","8":"product_cat-kampanje","9":"product_cat-kampanjetilbud-for-ham","10":"product_tag-4711-original-edc","11":"pa_brand-1793","12":"pa_variant-200ml","13":"berocket_brand-1276","15":"first","16":"instock","17":"sale","18":"taxable","19":"shipping-taxable","20":"purchasable","21":"product-type-simple"},"_links":{"self":[{"href":"https:\/\/stylingagenten.com\/no\/wp-json\/wp\/v2\/product\/404391","targetHints":{"allow":["GET"]}}],"collection":[{"href":"https:\/\/stylingagenten.com\/no\/wp-json\/wp\/v2\/product"}],"about":[{"href":"https:\/\/stylingagenten.com\/no\/wp-json\/wp\/v2\/types\/product"}],"replies":[{"embeddable":true,"href":"https:\/\/stylingagenten.com\/no\/wp-json\/wp\/v2\/comments?post=404391"}],"version-history":[{"count":0,"href":"https:\/\/stylingagenten.com\/no\/wp-json\/wp\/v2\/product\/404391\/revisions"}],"wp:featuredmedia":[{"embeddable":true,"href":"https:\/\/stylingagenten.com\/no\/wp-json\/wp\/v2\/media\/404386"}],"wp:attachment":[{"href":"https:\/\/stylingagenten.com\/no\/wp-json\/wp\/v2\/media?parent=404391"}],"wp:term":[{"taxonomy":"product_brand","embeddable":true,"href":"https:\/\/stylingagenten.com\/no\/wp-json\/wp\/v2\/product_brand?post=404391"},{"taxonomy":"product_cat","embeddable":true,"href":"https:\/\/stylingagenten.com\/no\/wp-json\/wp\/v2\/product_cat?post=404391"},{"taxonomy":"product_tag","embeddable":true,"href":"https:\/\/stylingagenten.com\/no\/wp-json\/wp\/v2\/product_tag?post=404391"},{"taxonomy":"berocket_brand","embeddable":true,"href":"https:\/\/stylingagenten.com\/no\/wp-json\/wp\/v2\/berocket_brand?post=404391"}],"curies":[{"name":"wp","href":"https:\/\/api.w.org\/{rel}","templated":true}]}}