{"id":404276,"date":"2025-05-18T23:01:59","date_gmt":"2025-05-18T23:01:59","guid":{"rendered":"https:\/\/staging2.stylingagenten.com\/no\/produkt\/prada-luna-rossa-edt-50ml\/"},"modified":"2026-03-26T18:22:51","modified_gmt":"2026-03-26T18:22:51","slug":"prada-luna-rossa-edt-50ml","status":"publish","type":"product","link":"https:\/\/stylingagenten.com\/no\/produkt\/prada-luna-rossa-edt-50ml\/","title":{"rendered":"Prada Luna Rossa Edt 50ml"},"content":{"rendered":"<p>Prada Luna Rossa Edt er en maskulin duft som tolker de klassiske ingrediensene. Styrke og dynamisk energi kombineres i en b\u00f8lge av aromaer, mens signaturen er subtil og sensuell. I ryggraden i duften finner vi lavendel, en naturlig og gjenkjennelig duft som n\u00e5r sin grense i en moderne, unik tolkning. I hjertet finner vi salvie og uts\u00f8kt gr\u00f8nnmynte som ender i treaktige aromaer av rav og musk.<\/p>\n<p>Toppnoter: appelsin og lavendel<br \/>Hjertenoter: salvie, gr\u00f8nn ;nminta<br \/>Basinoter: rav , musk<\/p>\n","protected":false},"excerpt":{"rendered":"<p>Prada Luna Rossa Edt er en maskulin duft som tolker de klassiske ingrediensene. Styrke og dynamisk energi kombineres i en b\u00f8lge av aromaer, mens signaturen er subtil og sensuell. I ryggraden i duften finner vi lavendel, en naturlig og gjenkjennelig duft som n\u00e5r sin grense i en moderne, unik tolkning. I hjertet finner vi salvie [&hellip;]<\/p>\n","protected":false},"featured_media":404274,"comment_status":"open","ping_status":"closed","template":"","meta":{"_trash_the_other_posts":false},"product_brand":[],"product_cat":[709,735,1006,1000],"product_tag":[3839],"berocket_brand":[1168],"class_list":{"0":"post-404276","1":"product","2":"type-product","3":"status-publish","4":"has-post-thumbnail","6":"product_cat-eau-de-toilette-herre","7":"product_cat-kampanje","8":"product_cat-kampanjepris","9":"product_cat-kampanjetilbud-for-ham","10":"product_tag-prada-luna-rossa-edt","11":"pa_brand-prada","12":"pa_variant-50ml","13":"berocket_brand-prada","15":"first","16":"instock","17":"sale","18":"taxable","19":"shipping-taxable","20":"purchasable","21":"product-type-simple"},"_links":{"self":[{"href":"https:\/\/stylingagenten.com\/no\/wp-json\/wp\/v2\/product\/404276","targetHints":{"allow":["GET"]}}],"collection":[{"href":"https:\/\/stylingagenten.com\/no\/wp-json\/wp\/v2\/product"}],"about":[{"href":"https:\/\/stylingagenten.com\/no\/wp-json\/wp\/v2\/types\/product"}],"replies":[{"embeddable":true,"href":"https:\/\/stylingagenten.com\/no\/wp-json\/wp\/v2\/comments?post=404276"}],"version-history":[{"count":0,"href":"https:\/\/stylingagenten.com\/no\/wp-json\/wp\/v2\/product\/404276\/revisions"}],"wp:featuredmedia":[{"embeddable":true,"href":"https:\/\/stylingagenten.com\/no\/wp-json\/wp\/v2\/media\/404274"}],"wp:attachment":[{"href":"https:\/\/stylingagenten.com\/no\/wp-json\/wp\/v2\/media?parent=404276"}],"wp:term":[{"taxonomy":"product_brand","embeddable":true,"href":"https:\/\/stylingagenten.com\/no\/wp-json\/wp\/v2\/product_brand?post=404276"},{"taxonomy":"product_cat","embeddable":true,"href":"https:\/\/stylingagenten.com\/no\/wp-json\/wp\/v2\/product_cat?post=404276"},{"taxonomy":"product_tag","embeddable":true,"href":"https:\/\/stylingagenten.com\/no\/wp-json\/wp\/v2\/product_tag?post=404276"},{"taxonomy":"berocket_brand","embeddable":true,"href":"https:\/\/stylingagenten.com\/no\/wp-json\/wp\/v2\/berocket_brand?post=404276"}],"curies":[{"name":"wp","href":"https:\/\/api.w.org\/{rel}","templated":true}]}}