{"id":404047,"date":"2025-05-18T22:58:55","date_gmt":"2025-05-18T22:58:55","guid":{"rendered":"https:\/\/staging2.stylingagenten.com\/no\/produkt\/calvin-klein-obsessed-for-men-edt-125ml\/"},"modified":"2026-03-16T12:08:05","modified_gmt":"2026-03-16T12:08:05","slug":"calvin-klein-obsessed-for-men-edt-125ml","status":"publish","type":"product","link":"https:\/\/stylingagenten.com\/no\/produkt\/calvin-klein-obsessed-for-men-edt-125ml\/","title":{"rendered":"Calvin Klein Obsessed for Men Edt 125ml"},"content":{"rendered":"<p>I hjertet av <strong>OBSESSED<\/strong> av Calvin Klein er minnet om en tidligere kj\u00e6rlighet, utl\u00f8st av duften til en annen person; huden. Her er kua lagdelt, med de tradisjonelle duftene til den maskuline Foug\u00e8re med en m\u00f8rk vanilje. Denne spennende duften gjenspeiler den originale OBSESSION, men visker ut og redefinerer mannlig duft.<\/p>\n<p>Toppnoter: Oro Blanco grapefrukt, Sichuan pepper, svart kardemomme.<br \/>&nbsp;Hjertenoter: Cedar leaf, Labdanum , Firnat, Blondt skinn.<br \/>&nbsp;Basenoter: Patchouli C&oelig;ur, svart vaniljeinfusjon, Ambrox Super.<\/p>\n","protected":false},"excerpt":{"rendered":"<p>I hjertet av OBSESSED av Calvin Klein er minnet om en tidligere kj\u00e6rlighet, utl\u00f8st av duften til en annen person; huden. Her er kua lagdelt, med de tradisjonelle duftene til den maskuline Foug\u00e8re med en m\u00f8rk vanilje. Denne spennende duften gjenspeiler den originale OBSESSION, men visker ut og redefinerer mannlig duft. Toppnoter: Oro Blanco grapefrukt, [&hellip;]<\/p>\n","protected":false},"featured_media":404036,"comment_status":"open","ping_status":"closed","template":"","meta":{"_trash_the_other_posts":false},"product_brand":[],"product_cat":[745,709],"product_tag":[2654],"berocket_brand":[1014],"class_list":{"0":"post-404047","1":"product","2":"type-product","3":"status-publish","4":"has-post-thumbnail","6":"product_cat-calvin-klein-obsessed","7":"product_cat-eau-de-toilette-herre","8":"product_tag-calvin-klein-obsessed-for-men-edt","9":"pa_brand-calvin-klein","10":"pa_variant-125ml","11":"berocket_brand-calvin-klein","13":"first","14":"outofstock","15":"sale","16":"taxable","17":"shipping-taxable","18":"purchasable","19":"product-type-simple"},"_links":{"self":[{"href":"https:\/\/stylingagenten.com\/no\/wp-json\/wp\/v2\/product\/404047","targetHints":{"allow":["GET"]}}],"collection":[{"href":"https:\/\/stylingagenten.com\/no\/wp-json\/wp\/v2\/product"}],"about":[{"href":"https:\/\/stylingagenten.com\/no\/wp-json\/wp\/v2\/types\/product"}],"replies":[{"embeddable":true,"href":"https:\/\/stylingagenten.com\/no\/wp-json\/wp\/v2\/comments?post=404047"}],"version-history":[{"count":0,"href":"https:\/\/stylingagenten.com\/no\/wp-json\/wp\/v2\/product\/404047\/revisions"}],"wp:featuredmedia":[{"embeddable":true,"href":"https:\/\/stylingagenten.com\/no\/wp-json\/wp\/v2\/media\/404036"}],"wp:attachment":[{"href":"https:\/\/stylingagenten.com\/no\/wp-json\/wp\/v2\/media?parent=404047"}],"wp:term":[{"taxonomy":"product_brand","embeddable":true,"href":"https:\/\/stylingagenten.com\/no\/wp-json\/wp\/v2\/product_brand?post=404047"},{"taxonomy":"product_cat","embeddable":true,"href":"https:\/\/stylingagenten.com\/no\/wp-json\/wp\/v2\/product_cat?post=404047"},{"taxonomy":"product_tag","embeddable":true,"href":"https:\/\/stylingagenten.com\/no\/wp-json\/wp\/v2\/product_tag?post=404047"},{"taxonomy":"berocket_brand","embeddable":true,"href":"https:\/\/stylingagenten.com\/no\/wp-json\/wp\/v2\/berocket_brand?post=404047"}],"curies":[{"name":"wp","href":"https:\/\/api.w.org\/{rel}","templated":true}]}}