{"id":403907,"date":"2025-05-18T22:58:26","date_gmt":"2025-05-18T22:58:26","guid":{"rendered":"https:\/\/staging2.stylingagenten.com\/no\/produkt\/antonio-banderas-seduction-in-black-edt-200ml\/"},"modified":"2026-04-09T15:07:54","modified_gmt":"2026-04-09T15:07:54","slug":"antonio-banderas-seduction-in-black-edt-200ml","status":"publish","type":"product","link":"https:\/\/stylingagenten.com\/no\/produkt\/antonio-banderas-seduction-in-black-edt-200ml\/","title":{"rendered":"Antonio Banderas Seduction In Black Edt 200ml"},"content":{"rendered":"<p>Seduction in Black er en dristig tolkning av Antonio Banderas Blue Seduction, men den tar sin fantastiske nyanse til neste niv\u00e5. Det understreker tr&auml; og orientalske toner, ledet av en original og interessant krydret note som legemliggj\u00f8r duftens friskhet og sensualitet.<\/p>\n<p>Toppnoter: Bergamott, solb\u00e6r<br \/>Hjertenoter: Koriander , Kardemomme, Muskat<br \/>Basenoter : sedertre, tonkab\u00f8nne, rav, moskus<\/p>\n","protected":false},"excerpt":{"rendered":"<p>Seduction in Black er en dristig tolkning av Antonio Banderas Blue Seduction, men den tar sin fantastiske nyanse til neste niv\u00e5. Det understreker tr&auml; og orientalske toner, ledet av en original og interessant krydret note som legemliggj\u00f8r duftens friskhet og sensualitet. Toppnoter: Bergamott, solb\u00e6rHjertenoter: Koriander , Kardemomme, MuskatBasenoter : sedertre, tonkab\u00f8nne, rav, moskus<\/p>\n","protected":false},"featured_media":403903,"comment_status":"open","ping_status":"closed","template":"","meta":{"_trash_the_other_posts":false},"product_brand":[],"product_cat":[991,1003,709,735,1000],"product_tag":[2378],"berocket_brand":[1072],"class_list":{"0":"post-403907","1":"product","2":"type-product","3":"status-publish","4":"has-post-thumbnail","6":"product_cat-antonio-banderas-seduction-in-black","7":"product_cat-bestselgere","8":"product_cat-eau-de-toilette-herre","9":"product_cat-kampanje","10":"product_cat-kampanjetilbud-for-ham","11":"product_tag-antonio-banderas-seduction-in-black-edt","12":"pa_brand-antonio-banderas","13":"pa_variant-200ml","14":"berocket_brand-antonio-banderas","16":"first","17":"instock","18":"sale","19":"taxable","20":"shipping-taxable","21":"purchasable","22":"product-type-simple"},"_links":{"self":[{"href":"https:\/\/stylingagenten.com\/no\/wp-json\/wp\/v2\/product\/403907","targetHints":{"allow":["GET"]}}],"collection":[{"href":"https:\/\/stylingagenten.com\/no\/wp-json\/wp\/v2\/product"}],"about":[{"href":"https:\/\/stylingagenten.com\/no\/wp-json\/wp\/v2\/types\/product"}],"replies":[{"embeddable":true,"href":"https:\/\/stylingagenten.com\/no\/wp-json\/wp\/v2\/comments?post=403907"}],"version-history":[{"count":0,"href":"https:\/\/stylingagenten.com\/no\/wp-json\/wp\/v2\/product\/403907\/revisions"}],"wp:featuredmedia":[{"embeddable":true,"href":"https:\/\/stylingagenten.com\/no\/wp-json\/wp\/v2\/media\/403903"}],"wp:attachment":[{"href":"https:\/\/stylingagenten.com\/no\/wp-json\/wp\/v2\/media?parent=403907"}],"wp:term":[{"taxonomy":"product_brand","embeddable":true,"href":"https:\/\/stylingagenten.com\/no\/wp-json\/wp\/v2\/product_brand?post=403907"},{"taxonomy":"product_cat","embeddable":true,"href":"https:\/\/stylingagenten.com\/no\/wp-json\/wp\/v2\/product_cat?post=403907"},{"taxonomy":"product_tag","embeddable":true,"href":"https:\/\/stylingagenten.com\/no\/wp-json\/wp\/v2\/product_tag?post=403907"},{"taxonomy":"berocket_brand","embeddable":true,"href":"https:\/\/stylingagenten.com\/no\/wp-json\/wp\/v2\/berocket_brand?post=403907"}],"curies":[{"name":"wp","href":"https:\/\/api.w.org\/{rel}","templated":true}]}}