{"id":403853,"date":"2025-05-18T22:58:13","date_gmt":"2025-05-18T22:58:13","guid":{"rendered":"https:\/\/staging2.stylingagenten.com\/no\/produkt\/acqua-di-parma-blu-mediterraneo-bergamotto-di-calabria-edt-150ml\/"},"modified":"2025-11-19T08:41:05","modified_gmt":"2025-11-19T08:41:05","slug":"acqua-di-parma-blu-mediterraneo-bergamotto-di-calabria-edt-150ml","status":"publish","type":"product","link":"https:\/\/stylingagenten.com\/no\/produkt\/acqua-di-parma-blu-mediterraneo-bergamotto-di-calabria-edt-150ml\/","title":{"rendered":"Acqua di Parma Blu Mediterraneo Bergamotto di Calabria Edt 150ml"},"content":{"rendered":"<p>Acqua di Parma Blu Mediterraneo Bergamotto di Calabria av Acqua di Parma er en unisex parfyme med en distinkt treaktig aroma. Parfymen har en oppl\u00f8ftende duft som henter inspirasjon fra&nbsp;italiensk bergamot med en blanding&nbsp;sitron, r\u00f8d ingef\u00e6r, sedertre. og vetiver.<\/p>\n<p>Toppnoter: Bergamott, Sitron<br \/>Hjertenoter: Ingef\u00e6r, sedertre, blomster<br \/>Basenoter: Vetiver, Musk, Benzoin.<\/p>\n","protected":false},"excerpt":{"rendered":"<p>Acqua di Parma Blu Mediterraneo Bergamotto di Calabria av Acqua di Parma er en unisex parfyme med en distinkt treaktig aroma. Parfymen har en oppl\u00f8ftende duft som henter inspirasjon fra&nbsp;italiensk bergamot med en blanding&nbsp;sitron, r\u00f8d ingef\u00e6r, sedertre. og vetiver. Toppnoter: Bergamott, SitronHjertenoter: Ingef\u00e6r, sedertre, blomsterBasenoter: Vetiver, Musk, Benzoin.<\/p>\n","protected":false},"featured_media":403845,"comment_status":"open","ping_status":"closed","template":"","meta":{"_trash_the_other_posts":false},"product_brand":[],"product_cat":[1003,709,713],"product_tag":[2323],"berocket_brand":[1161],"class_list":{"0":"post-403853","1":"product","2":"type-product","3":"status-publish","4":"has-post-thumbnail","6":"product_cat-bestselgere","7":"product_cat-eau-de-toilette-herre","8":"product_cat-parfyme-unisex","9":"product_tag-acqua-di-parma-blu-mediterraneo-bergamotto-di-calabria-edt","10":"pa_brand-acqua-di-parma","11":"pa_variant-150ml","12":"berocket_brand-acqua-di-parma","14":"first","15":"outofstock","16":"sale","17":"taxable","18":"shipping-taxable","19":"purchasable","20":"product-type-simple"},"_links":{"self":[{"href":"https:\/\/stylingagenten.com\/no\/wp-json\/wp\/v2\/product\/403853","targetHints":{"allow":["GET"]}}],"collection":[{"href":"https:\/\/stylingagenten.com\/no\/wp-json\/wp\/v2\/product"}],"about":[{"href":"https:\/\/stylingagenten.com\/no\/wp-json\/wp\/v2\/types\/product"}],"replies":[{"embeddable":true,"href":"https:\/\/stylingagenten.com\/no\/wp-json\/wp\/v2\/comments?post=403853"}],"version-history":[{"count":0,"href":"https:\/\/stylingagenten.com\/no\/wp-json\/wp\/v2\/product\/403853\/revisions"}],"wp:featuredmedia":[{"embeddable":true,"href":"https:\/\/stylingagenten.com\/no\/wp-json\/wp\/v2\/media\/403845"}],"wp:attachment":[{"href":"https:\/\/stylingagenten.com\/no\/wp-json\/wp\/v2\/media?parent=403853"}],"wp:term":[{"taxonomy":"product_brand","embeddable":true,"href":"https:\/\/stylingagenten.com\/no\/wp-json\/wp\/v2\/product_brand?post=403853"},{"taxonomy":"product_cat","embeddable":true,"href":"https:\/\/stylingagenten.com\/no\/wp-json\/wp\/v2\/product_cat?post=403853"},{"taxonomy":"product_tag","embeddable":true,"href":"https:\/\/stylingagenten.com\/no\/wp-json\/wp\/v2\/product_tag?post=403853"},{"taxonomy":"berocket_brand","embeddable":true,"href":"https:\/\/stylingagenten.com\/no\/wp-json\/wp\/v2\/berocket_brand?post=403853"}],"curies":[{"name":"wp","href":"https:\/\/api.w.org\/{rel}","templated":true}]}}