{"id":403601,"date":"2025-05-18T22:57:06","date_gmt":"2025-05-18T22:57:06","guid":{"rendered":"https:\/\/staging2.stylingagenten.com\/no\/produkt\/creed-virgin-island-water-edp-100ml\/"},"modified":"2026-03-25T14:28:58","modified_gmt":"2026-03-25T14:28:58","slug":"creed-virgin-island-water-edp-100ml","status":"publish","type":"product","link":"https:\/\/stylingagenten.com\/no\/produkt\/creed-virgin-island-water-edp-100ml\/","title":{"rendered":"Creed Virgin Island Water Edp 100ml"},"content":{"rendered":"<p><strong>Virgin Island Water<\/strong> av Creed er en sitrusduft for kvinner og menn. Virgin Island Water ble inspirert av en seiltur n\u00e6r Ginger Island i Karibia. Denne unisex-parfymen hyller tropisk prakt og eksotiske dufter.<\/p>\n<p>Toppnoter: Kokosn\u00f8tt, lime, hvit bergamott og siciliansk mandarin<br \/>Hjertenoter: Ingef\u00e6r, ylang-ylang, indisk sjasmin og hibiskus<br \/> Basenoter : Hvit rom, sukkerr\u00f8r og musk.<\/p>\n","protected":false},"excerpt":{"rendered":"<p>Virgin Island Water av Creed er en sitrusduft for kvinner og menn. Virgin Island Water ble inspirert av en seiltur n\u00e6r Ginger Island i Karibia. Denne unisex-parfymen hyller tropisk prakt og eksotiske dufter. Toppnoter: Kokosn\u00f8tt, lime, hvit bergamott og siciliansk mandarinHjertenoter: Ingef\u00e6r, ylang-ylang, indisk sjasmin og hibiskus Basenoter : Hvit rom, sukkerr\u00f8r og musk.<\/p>\n","protected":false},"featured_media":403598,"comment_status":"open","ping_status":"closed","template":"","meta":{"_trash_the_other_posts":false},"product_brand":[],"product_cat":[708,735,1006,1000,713],"product_tag":[2742],"berocket_brand":[1236],"class_list":{"0":"post-403601","1":"product","2":"type-product","3":"status-publish","4":"has-post-thumbnail","6":"product_cat-eau-de-parfum-herr","7":"product_cat-kampanje","8":"product_cat-kampanjepris","9":"product_cat-kampanjetilbud-for-ham","10":"product_cat-parfyme-unisex","11":"product_tag-creed-virgin-island-water-edp","12":"pa_brand-creed","13":"pa_variant-100ml","14":"berocket_brand-creed","16":"first","17":"instock","18":"sale","19":"taxable","20":"shipping-taxable","21":"purchasable","22":"product-type-simple"},"_links":{"self":[{"href":"https:\/\/stylingagenten.com\/no\/wp-json\/wp\/v2\/product\/403601","targetHints":{"allow":["GET"]}}],"collection":[{"href":"https:\/\/stylingagenten.com\/no\/wp-json\/wp\/v2\/product"}],"about":[{"href":"https:\/\/stylingagenten.com\/no\/wp-json\/wp\/v2\/types\/product"}],"replies":[{"embeddable":true,"href":"https:\/\/stylingagenten.com\/no\/wp-json\/wp\/v2\/comments?post=403601"}],"version-history":[{"count":0,"href":"https:\/\/stylingagenten.com\/no\/wp-json\/wp\/v2\/product\/403601\/revisions"}],"wp:featuredmedia":[{"embeddable":true,"href":"https:\/\/stylingagenten.com\/no\/wp-json\/wp\/v2\/media\/403598"}],"wp:attachment":[{"href":"https:\/\/stylingagenten.com\/no\/wp-json\/wp\/v2\/media?parent=403601"}],"wp:term":[{"taxonomy":"product_brand","embeddable":true,"href":"https:\/\/stylingagenten.com\/no\/wp-json\/wp\/v2\/product_brand?post=403601"},{"taxonomy":"product_cat","embeddable":true,"href":"https:\/\/stylingagenten.com\/no\/wp-json\/wp\/v2\/product_cat?post=403601"},{"taxonomy":"product_tag","embeddable":true,"href":"https:\/\/stylingagenten.com\/no\/wp-json\/wp\/v2\/product_tag?post=403601"},{"taxonomy":"berocket_brand","embeddable":true,"href":"https:\/\/stylingagenten.com\/no\/wp-json\/wp\/v2\/berocket_brand?post=403601"}],"curies":[{"name":"wp","href":"https:\/\/api.w.org\/{rel}","templated":true}]}}