{"id":403392,"date":"2025-05-18T22:56:05","date_gmt":"2025-05-18T22:56:05","guid":{"rendered":"https:\/\/staging2.stylingagenten.com\/no\/produkt\/tommy-hilfiger-impact-edt-50ml\/"},"modified":"2025-11-19T08:58:43","modified_gmt":"2025-11-19T08:58:43","slug":"tommy-hilfiger-impact-edt-50ml","status":"publish","type":"product","link":"https:\/\/stylingagenten.com\/no\/produkt\/tommy-hilfiger-impact-edt-50ml\/","title":{"rendered":"Tommy Hilfiger Impact Edt 50ml"},"content":{"rendered":"<p><strong>Impact&nbsp;<\/strong>av&nbsp;Tommy Hilfiger&nbsp;er en aromatisk fruktig duft for menn. Fet og dynamisk, Tommy Hilfiger IMPACT oppfordrer deg til \u00e5 utfordre hverdagens status quo. Det er p\u00e5 tide \u00e5 finne din egen m\u00e5te. Det er p\u00e5 tide \u00e5 finne din egen IMPACT.<\/p>\n<p>Toppnoter: R\u00f8dt eple, saftig grapefrukt, bitter appelsin, bergamott og rosa pepper<br \/>Hjertenoter: Elemi, fersken Cypress, salvie og labdanum<br \/>Base notater: sedertre, rav, musk, kremaktig sandeltre; og Akigaltr&auml;<\/p>\n","protected":false},"excerpt":{"rendered":"<p>Impact&nbsp;av&nbsp;Tommy Hilfiger&nbsp;er en aromatisk fruktig duft for menn. Fet og dynamisk, Tommy Hilfiger IMPACT oppfordrer deg til \u00e5 utfordre hverdagens status quo. Det er p\u00e5 tide \u00e5 finne din egen m\u00e5te. Det er p\u00e5 tide \u00e5 finne din egen IMPACT. Toppnoter: R\u00f8dt eple, saftig grapefrukt, bitter appelsin, bergamott og rosa pepperHjertenoter: Elemi, fersken Cypress, salvie [&hellip;]<\/p>\n","protected":false},"featured_media":403390,"comment_status":"open","ping_status":"closed","template":"","meta":{"_trash_the_other_posts":false},"product_brand":[],"product_cat":[709],"product_tag":[],"berocket_brand":[2035],"class_list":{"0":"post-403392","1":"product","2":"type-product","3":"status-publish","4":"has-post-thumbnail","6":"product_cat-eau-de-toilette-herre","7":"pa_brand-tommy-hilfinger","8":"berocket_brand-tommy-hilfinger","10":"first","11":"outofstock","12":"sale","13":"taxable","14":"shipping-taxable","15":"purchasable","16":"product-type-simple"},"_links":{"self":[{"href":"https:\/\/stylingagenten.com\/no\/wp-json\/wp\/v2\/product\/403392","targetHints":{"allow":["GET"]}}],"collection":[{"href":"https:\/\/stylingagenten.com\/no\/wp-json\/wp\/v2\/product"}],"about":[{"href":"https:\/\/stylingagenten.com\/no\/wp-json\/wp\/v2\/types\/product"}],"replies":[{"embeddable":true,"href":"https:\/\/stylingagenten.com\/no\/wp-json\/wp\/v2\/comments?post=403392"}],"version-history":[{"count":0,"href":"https:\/\/stylingagenten.com\/no\/wp-json\/wp\/v2\/product\/403392\/revisions"}],"wp:featuredmedia":[{"embeddable":true,"href":"https:\/\/stylingagenten.com\/no\/wp-json\/wp\/v2\/media\/403390"}],"wp:attachment":[{"href":"https:\/\/stylingagenten.com\/no\/wp-json\/wp\/v2\/media?parent=403392"}],"wp:term":[{"taxonomy":"product_brand","embeddable":true,"href":"https:\/\/stylingagenten.com\/no\/wp-json\/wp\/v2\/product_brand?post=403392"},{"taxonomy":"product_cat","embeddable":true,"href":"https:\/\/stylingagenten.com\/no\/wp-json\/wp\/v2\/product_cat?post=403392"},{"taxonomy":"product_tag","embeddable":true,"href":"https:\/\/stylingagenten.com\/no\/wp-json\/wp\/v2\/product_tag?post=403392"},{"taxonomy":"berocket_brand","embeddable":true,"href":"https:\/\/stylingagenten.com\/no\/wp-json\/wp\/v2\/berocket_brand?post=403392"}],"curies":[{"name":"wp","href":"https:\/\/api.w.org\/{rel}","templated":true}]}}