{"id":403146,"date":"2025-05-18T22:54:41","date_gmt":"2025-05-18T22:54:41","guid":{"rendered":"https:\/\/staging2.stylingagenten.com\/no\/produkt\/abercrombie-fitch-first-instinct-blue-edt-100ml\/"},"modified":"2026-04-05T10:08:42","modified_gmt":"2026-04-05T10:08:42","slug":"abercrombie-fitch-first-instinct-blue-edt-100ml","status":"publish","type":"product","link":"https:\/\/stylingagenten.com\/no\/produkt\/abercrombie-fitch-first-instinct-blue-edt-100ml\/","title":{"rendered":"Abercrombie &amp; Fitch First Instinct Blue Edt 100ml"},"content":{"rendered":"<p>First Instinct Blue for Men, En ny duftopplevelse for mannen som f\u00f8lger hans &lsquo;First Instinct&rsquo; Du kan se det i \u00f8ynene hans og i smilet hans, han er eventyrlysten og sikter mot stjernene &ldquo;Himmelen er hans grense&rdquo;.<br \/>Duften \u00e5pner seg med sitrusfrukter og frostige eple. Hjertet er maskulint og aromatisk med hint av klassisk lavendel og rosmarin. Pepper tilf\u00f8rer overraskende varme og intensitet. Basen er myk og sensuell takket v\u00e6re tonkab\u00f8nne og sandeltre. Ambertonic&trade; skaper en unik f\u00f8lelse med b\u00e5de varme og friskhet.<\/p>\n<p>Toppnoter: Frost eple, Kardemomme, Bergamot<br \/>Hjertenoter: Rosmarin, Pepper, Lavendel<br \/>Basenoter: Ambertonic , Tonkab&ouml;na, Sandeltre&auml;<\/p>\n","protected":false},"excerpt":{"rendered":"<p>First Instinct Blue for Men, En ny duftopplevelse for mannen som f\u00f8lger hans &lsquo;First Instinct&rsquo; Du kan se det i \u00f8ynene hans og i smilet hans, han er eventyrlysten og sikter mot stjernene &ldquo;Himmelen er hans grense&rdquo;.Duften \u00e5pner seg med sitrusfrukter og frostige eple. Hjertet er maskulint og aromatisk med hint av klassisk lavendel og [&hellip;]<\/p>\n","protected":false},"featured_media":403141,"comment_status":"open","ping_status":"closed","template":"","meta":{"_trash_the_other_posts":false},"product_brand":[],"product_cat":[709,735,1006,1000],"product_tag":[],"berocket_brand":[1278],"class_list":{"0":"post-403146","1":"product","2":"type-product","3":"status-publish","4":"has-post-thumbnail","6":"product_cat-eau-de-toilette-herre","7":"product_cat-kampanje","8":"product_cat-kampanjepris","9":"product_cat-kampanjetilbud-for-ham","10":"pa_brand-abercrombie-fitch","11":"berocket_brand-abercrombie-fitch","13":"first","14":"instock","15":"sale","16":"taxable","17":"shipping-taxable","18":"purchasable","19":"product-type-simple"},"_links":{"self":[{"href":"https:\/\/stylingagenten.com\/no\/wp-json\/wp\/v2\/product\/403146","targetHints":{"allow":["GET"]}}],"collection":[{"href":"https:\/\/stylingagenten.com\/no\/wp-json\/wp\/v2\/product"}],"about":[{"href":"https:\/\/stylingagenten.com\/no\/wp-json\/wp\/v2\/types\/product"}],"replies":[{"embeddable":true,"href":"https:\/\/stylingagenten.com\/no\/wp-json\/wp\/v2\/comments?post=403146"}],"version-history":[{"count":0,"href":"https:\/\/stylingagenten.com\/no\/wp-json\/wp\/v2\/product\/403146\/revisions"}],"wp:featuredmedia":[{"embeddable":true,"href":"https:\/\/stylingagenten.com\/no\/wp-json\/wp\/v2\/media\/403141"}],"wp:attachment":[{"href":"https:\/\/stylingagenten.com\/no\/wp-json\/wp\/v2\/media?parent=403146"}],"wp:term":[{"taxonomy":"product_brand","embeddable":true,"href":"https:\/\/stylingagenten.com\/no\/wp-json\/wp\/v2\/product_brand?post=403146"},{"taxonomy":"product_cat","embeddable":true,"href":"https:\/\/stylingagenten.com\/no\/wp-json\/wp\/v2\/product_cat?post=403146"},{"taxonomy":"product_tag","embeddable":true,"href":"https:\/\/stylingagenten.com\/no\/wp-json\/wp\/v2\/product_tag?post=403146"},{"taxonomy":"berocket_brand","embeddable":true,"href":"https:\/\/stylingagenten.com\/no\/wp-json\/wp\/v2\/berocket_brand?post=403146"}],"curies":[{"name":"wp","href":"https:\/\/api.w.org\/{rel}","templated":true}]}}