{"id":403092,"date":"2025-05-18T22:54:29","date_gmt":"2025-05-18T22:54:29","guid":{"rendered":"https:\/\/staging2.stylingagenten.com\/no\/produkt\/karl-lagerfeld-classic-grey-edt-100ml\/"},"modified":"2026-04-14T18:38:38","modified_gmt":"2026-04-14T18:38:38","slug":"karl-lagerfeld-classic-grey-edt-100ml","status":"publish","type":"product","link":"https:\/\/stylingagenten.com\/no\/produkt\/karl-lagerfeld-classic-grey-edt-100ml\/","title":{"rendered":"Karl Lagerfeld Classic Grey Edt 100ml"},"content":{"rendered":"<p>Karl Lagefeldt introduserer neste kapittel i dufthistorien Classic, en eau de toilette laget for merket i 1978 for \u00e5 legemliggj\u00f8re den unike Karl Lagerfeld-signaturen. N\u00e5 i form av en ny duft: Classic Grey Eau de Toilette. En moderne, elegant parfyme laget for menn med aromatiske toner av hasselblader og frisk lavendel blant toppnotene. Ceder og eik fyller hjertet av duften, som avrundes med en base av mose, sandeltre og myk vanilje.<\/p>\n","protected":false},"excerpt":{"rendered":"<p>Karl Lagefeldt introduserer neste kapittel i dufthistorien Classic, en eau de toilette laget for merket i 1978 for \u00e5 legemliggj\u00f8re den unike Karl Lagerfeld-signaturen. N\u00e5 i form av en ny duft: Classic Grey Eau de Toilette. En moderne, elegant parfyme laget for menn med aromatiske toner av hasselblader og frisk lavendel blant toppnotene. Ceder og [&hellip;]<\/p>\n","protected":false},"featured_media":403083,"comment_status":"open","ping_status":"closed","template":"","meta":{"_trash_the_other_posts":false},"product_brand":[],"product_cat":[1003,709,735,1006,1000,924],"product_tag":[],"berocket_brand":[1068],"class_list":{"0":"post-403092","1":"product","2":"type-product","3":"status-publish","4":"has-post-thumbnail","6":"product_cat-bestselgere","7":"product_cat-eau-de-toilette-herre","8":"product_cat-kampanje","9":"product_cat-kampanjepris","10":"product_cat-kampanjetilbud-for-ham","11":"product_cat-karl-lagerfeld-classic","12":"pa_brand-karl-lagerfeld","13":"berocket_brand-karl-lagerfeld","15":"first","16":"instock","17":"sale","18":"taxable","19":"shipping-taxable","20":"purchasable","21":"product-type-simple"},"_links":{"self":[{"href":"https:\/\/stylingagenten.com\/no\/wp-json\/wp\/v2\/product\/403092","targetHints":{"allow":["GET"]}}],"collection":[{"href":"https:\/\/stylingagenten.com\/no\/wp-json\/wp\/v2\/product"}],"about":[{"href":"https:\/\/stylingagenten.com\/no\/wp-json\/wp\/v2\/types\/product"}],"replies":[{"embeddable":true,"href":"https:\/\/stylingagenten.com\/no\/wp-json\/wp\/v2\/comments?post=403092"}],"version-history":[{"count":0,"href":"https:\/\/stylingagenten.com\/no\/wp-json\/wp\/v2\/product\/403092\/revisions"}],"wp:featuredmedia":[{"embeddable":true,"href":"https:\/\/stylingagenten.com\/no\/wp-json\/wp\/v2\/media\/403083"}],"wp:attachment":[{"href":"https:\/\/stylingagenten.com\/no\/wp-json\/wp\/v2\/media?parent=403092"}],"wp:term":[{"taxonomy":"product_brand","embeddable":true,"href":"https:\/\/stylingagenten.com\/no\/wp-json\/wp\/v2\/product_brand?post=403092"},{"taxonomy":"product_cat","embeddable":true,"href":"https:\/\/stylingagenten.com\/no\/wp-json\/wp\/v2\/product_cat?post=403092"},{"taxonomy":"product_tag","embeddable":true,"href":"https:\/\/stylingagenten.com\/no\/wp-json\/wp\/v2\/product_tag?post=403092"},{"taxonomy":"berocket_brand","embeddable":true,"href":"https:\/\/stylingagenten.com\/no\/wp-json\/wp\/v2\/berocket_brand?post=403092"}],"curies":[{"name":"wp","href":"https:\/\/api.w.org\/{rel}","templated":true}]}}