{"id":402996,"date":"2025-05-18T22:54:09","date_gmt":"2025-05-18T22:54:09","guid":{"rendered":"https:\/\/staging2.stylingagenten.com\/no\/produkt\/dunhill-london-icon-racing-blue-edp-100ml\/"},"modified":"2026-03-11T21:57:42","modified_gmt":"2026-03-11T21:57:42","slug":"dunhill-london-icon-racing-blue-edp-100ml","status":"publish","type":"product","link":"https:\/\/stylingagenten.com\/no\/produkt\/dunhill-london-icon-racing-blue-edp-100ml\/","title":{"rendered":"Dunhill London Icon Racing Blue Edp 100ml"},"content":{"rendered":"<p>Dunhill ICON Racing er en eau de parfum som legemliggj\u00f8r racing\u00e5nden. Denne duften er inspirert av mannen som nyter livet. Han er i sitt naturlige milj\u00f8 n\u00e5r han er p\u00e5 veien. Kj\u00f8ring er hans terapi, hans flukt.<\/p>\n<p>Denne treaktige aromatiske duften har en blanding av lime, bergamott, ambroxan, havsalt, kardemomme, neroli, koriander, drivved, sandeltre, ambra og patchouli.<\/p>\n","protected":false},"excerpt":{"rendered":"<p>Dunhill ICON Racing er en eau de parfum som legemliggj\u00f8r racing\u00e5nden. Denne duften er inspirert av mannen som nyter livet. Han er i sitt naturlige milj\u00f8 n\u00e5r han er p\u00e5 veien. Kj\u00f8ring er hans terapi, hans flukt. Denne treaktige aromatiske duften har en blanding av lime, bergamott, ambroxan, havsalt, kardemomme, neroli, koriander, drivved, sandeltre, ambra [&hellip;]<\/p>\n","protected":false},"featured_media":402988,"comment_status":"open","ping_status":"closed","template":"","meta":{"_trash_the_other_posts":false},"product_brand":[],"product_cat":[708,735,1006,1000],"product_tag":[],"berocket_brand":[1296],"class_list":{"0":"post-402996","1":"product","2":"type-product","3":"status-publish","4":"has-post-thumbnail","6":"product_cat-eau-de-parfum-herr","7":"product_cat-kampanje","8":"product_cat-kampanjepris","9":"product_cat-kampanjetilbud-for-ham","10":"pa_brand-dunhill","11":"berocket_brand-dunhill","13":"first","14":"instock","15":"sale","16":"taxable","17":"shipping-taxable","18":"purchasable","19":"product-type-simple"},"_links":{"self":[{"href":"https:\/\/stylingagenten.com\/no\/wp-json\/wp\/v2\/product\/402996","targetHints":{"allow":["GET"]}}],"collection":[{"href":"https:\/\/stylingagenten.com\/no\/wp-json\/wp\/v2\/product"}],"about":[{"href":"https:\/\/stylingagenten.com\/no\/wp-json\/wp\/v2\/types\/product"}],"replies":[{"embeddable":true,"href":"https:\/\/stylingagenten.com\/no\/wp-json\/wp\/v2\/comments?post=402996"}],"version-history":[{"count":0,"href":"https:\/\/stylingagenten.com\/no\/wp-json\/wp\/v2\/product\/402996\/revisions"}],"wp:featuredmedia":[{"embeddable":true,"href":"https:\/\/stylingagenten.com\/no\/wp-json\/wp\/v2\/media\/402988"}],"wp:attachment":[{"href":"https:\/\/stylingagenten.com\/no\/wp-json\/wp\/v2\/media?parent=402996"}],"wp:term":[{"taxonomy":"product_brand","embeddable":true,"href":"https:\/\/stylingagenten.com\/no\/wp-json\/wp\/v2\/product_brand?post=402996"},{"taxonomy":"product_cat","embeddable":true,"href":"https:\/\/stylingagenten.com\/no\/wp-json\/wp\/v2\/product_cat?post=402996"},{"taxonomy":"product_tag","embeddable":true,"href":"https:\/\/stylingagenten.com\/no\/wp-json\/wp\/v2\/product_tag?post=402996"},{"taxonomy":"berocket_brand","embeddable":true,"href":"https:\/\/stylingagenten.com\/no\/wp-json\/wp\/v2\/berocket_brand?post=402996"}],"curies":[{"name":"wp","href":"https:\/\/api.w.org\/{rel}","templated":true}]}}