{"id":402965,"date":"2025-05-18T22:54:03","date_gmt":"2025-05-18T22:54:03","guid":{"rendered":"https:\/\/staging2.stylingagenten.com\/no\/produkt\/dunhill-british-leather-edp-100ml\/"},"modified":"2026-03-11T22:01:06","modified_gmt":"2026-03-11T22:01:06","slug":"dunhill-british-leather-edp-100ml","status":"publish","type":"product","link":"https:\/\/stylingagenten.com\/no\/produkt\/dunhill-british-leather-edp-100ml\/","title":{"rendered":"Dunhill British Leather Edp 100ml"},"content":{"rendered":"<p>Flytende l\u00e6r av gammeldags h\u00e5ndverk kombinert med moderne innovasjon er essensen av denne duften. Klassisk maskulin Foug\u00e9re er supplert med fiolette bladnoter. <\/p>\n<p>Toppnote: Bergamot<br \/>Hjertenote: Fiolettblad<br \/>Basinote: L\u00e6r<\/p>\n","protected":false},"excerpt":{"rendered":"<p>Flytende l\u00e6r av gammeldags h\u00e5ndverk kombinert med moderne innovasjon er essensen av denne duften. Klassisk maskulin Foug\u00e9re er supplert med fiolette bladnoter. Toppnote: BergamotHjertenote: FiolettbladBasinote: L\u00e6r<\/p>\n","protected":false},"featured_media":402963,"comment_status":"open","ping_status":"closed","template":"","meta":{"_trash_the_other_posts":false},"product_brand":[],"product_cat":[708,735,1000],"product_tag":[],"berocket_brand":[1296],"class_list":{"0":"post-402965","1":"product","2":"type-product","3":"status-publish","4":"has-post-thumbnail","6":"product_cat-eau-de-parfum-herr","7":"product_cat-kampanje","8":"product_cat-kampanjetilbud-for-ham","9":"pa_brand-dunhill","10":"berocket_brand-dunhill","12":"first","13":"instock","14":"sale","15":"taxable","16":"shipping-taxable","17":"purchasable","18":"product-type-simple"},"_links":{"self":[{"href":"https:\/\/stylingagenten.com\/no\/wp-json\/wp\/v2\/product\/402965","targetHints":{"allow":["GET"]}}],"collection":[{"href":"https:\/\/stylingagenten.com\/no\/wp-json\/wp\/v2\/product"}],"about":[{"href":"https:\/\/stylingagenten.com\/no\/wp-json\/wp\/v2\/types\/product"}],"replies":[{"embeddable":true,"href":"https:\/\/stylingagenten.com\/no\/wp-json\/wp\/v2\/comments?post=402965"}],"version-history":[{"count":0,"href":"https:\/\/stylingagenten.com\/no\/wp-json\/wp\/v2\/product\/402965\/revisions"}],"wp:featuredmedia":[{"embeddable":true,"href":"https:\/\/stylingagenten.com\/no\/wp-json\/wp\/v2\/media\/402963"}],"wp:attachment":[{"href":"https:\/\/stylingagenten.com\/no\/wp-json\/wp\/v2\/media?parent=402965"}],"wp:term":[{"taxonomy":"product_brand","embeddable":true,"href":"https:\/\/stylingagenten.com\/no\/wp-json\/wp\/v2\/product_brand?post=402965"},{"taxonomy":"product_cat","embeddable":true,"href":"https:\/\/stylingagenten.com\/no\/wp-json\/wp\/v2\/product_cat?post=402965"},{"taxonomy":"product_tag","embeddable":true,"href":"https:\/\/stylingagenten.com\/no\/wp-json\/wp\/v2\/product_tag?post=402965"},{"taxonomy":"berocket_brand","embeddable":true,"href":"https:\/\/stylingagenten.com\/no\/wp-json\/wp\/v2\/berocket_brand?post=402965"}],"curies":[{"name":"wp","href":"https:\/\/api.w.org\/{rel}","templated":true}]}}